
{"id":11992,"date":"2023-10-29T14:12:43","date_gmt":"2023-10-29T14:12:43","guid":{"rendered":"https:\/\/azurefilm.com\/product\/petg-neon-filament-lime\/"},"modified":"2026-03-24T19:10:50","modified_gmt":"2026-03-24T19:10:50","slug":"petg-neon-filament-lime","status":"publish","type":"product","link":"https:\/\/azurefilm.com\/hr\/proizvod\/petg-neon-filament-lime\/","title":{"rendered":"PETG Neon filament Lime"},"content":{"rendered":"<h2><b>PETG Neon<\/b><\/h2>\n<p><span style=\"font-weight: 400;\">Upoznajte PETG Neon filament izdanje. Ovo izdanje sadr\u017ei <\/span><b>jarke neon<\/b><span style=\"font-weight: 400;\"> boje zbog kojih \u0107e se va\u0161i printevi dodatno isticati. PETG je <\/span><b>\u010dvrst<\/b><span style=\"font-weight: 400;\"> i <\/span><b>i otporan na temperaturu<\/b><span style=\"font-weight: 400;\"> te <\/span><b>jednostavan za rad<\/b><span style=\"font-weight: 400;\">. Isprobajte PETG Neon za sjajne i odva\u017ene rezultate.\u00a0<\/span><\/p>\n<h2><strong>PETG Neon filament Lime<\/strong><\/h2>\n<p>Budite razigrani i energi\u010dni i uzmite u ruke na\u0161 PETG Neon filament Lime.<\/p>\n<p><span style=\"font-weight: 400;\">Kako biste saznali vi\u0161e o PETG filamentima, pro\u010ditajte na\u0161 <a href=\"https:\/\/azurefilm.com\/hr\/2023\/07\/10\/petg-filamenti\/\" target=\"_blank\" rel=\"noopener\">blog<\/a>.\u00a0<\/span><\/p>\n<p><span style=\"font-weight: 400;\">Ovdje mo\u017eete pristupiti<a href=\"https:\/\/azurefilm.com\/hr\/technical-data-sheets\/\" target=\"_blank\" rel=\"noopener\"> tehni\u010dkim informacijama<\/a>.<\/span><\/p>\n<p><span style=\"font-weight: 400;\">Preporuke za printanje:<\/span><\/p>\n<ul>\n<li style=\"font-weight: 400;\" aria-level=\"1\"><span style=\"font-weight: 400;\">Za najbolje rezultate, printati na 220\u2013240\u00b0C.\u00a0<\/span><\/li>\n<li style=\"font-weight: 400;\" aria-level=\"1\"><span style=\"font-weight: 400;\">Preporu\u010dena temperatura postolja za printanje je 80\u00b0C.<\/span><\/li>\n<li style=\"font-weight: 400;\" aria-level=\"1\"><span style=\"font-weight: 400;\">Koristite stakleno postolje, PEI plo\u010du, kapton ili plavu traku za izradnu platformu s 3Dlac sprejem.<\/span><\/li>\n<\/ul>\n<p><i><span style=\"font-weight: 400;\">*Idealna temperatura mo\u017ee varirati ovisno o kori\u0161tenom pisa\u010du.<\/span><\/i><\/p>\n","protected":false},"excerpt":{"rendered":"<p>Budite razigrani i energi\u010dni i uzmite u ruke na\u0161 PETG Neon filament Lime.<\/p>\n","protected":false},"featured_media":109630,"comment_status":"closed","ping_status":"closed","template":"","meta":{"_acf_changed":false},"product_brand":[],"product_cat":[375,396,398,377],"product_tag":[],"brand":[267],"class_list":{"0":"post-11992","1":"product","2":"type-product","3":"status-publish","4":"has-post-thumbnail","6":"product_cat-3d-filamenti-hr","7":"product_cat-petg-filamenti-hr","8":"product_cat-petg-neon-hr","9":"product_cat-svi-filamenti","10":"pa_colour-green","11":"pa_colour-yellow","12":"pa_filament-diameter-1-75mm","13":"pa_filament-weight-1000g","14":"brand-azurefilm","16":"first","17":"instock","18":"taxable","19":"shipping-taxable","20":"purchasable","21":"product-type-variable","22":"has-default-attributes"},"acf":[],"_links":{"self":[{"href":"https:\/\/azurefilm.com\/hr\/wp-json\/wp\/v2\/product\/11992","targetHints":{"allow":["GET"]}}],"collection":[{"href":"https:\/\/azurefilm.com\/hr\/wp-json\/wp\/v2\/product"}],"about":[{"href":"https:\/\/azurefilm.com\/hr\/wp-json\/wp\/v2\/types\/product"}],"replies":[{"embeddable":true,"href":"https:\/\/azurefilm.com\/hr\/wp-json\/wp\/v2\/comments?post=11992"}],"wp:featuredmedia":[{"embeddable":true,"href":"https:\/\/azurefilm.com\/hr\/wp-json\/wp\/v2\/media\/109630"}],"wp:attachment":[{"href":"https:\/\/azurefilm.com\/hr\/wp-json\/wp\/v2\/media?parent=11992"}],"wp:term":[{"taxonomy":"product_brand","embeddable":true,"href":"https:\/\/azurefilm.com\/hr\/wp-json\/wp\/v2\/product_brand?post=11992"},{"taxonomy":"product_cat","embeddable":true,"href":"https:\/\/azurefilm.com\/hr\/wp-json\/wp\/v2\/product_cat?post=11992"},{"taxonomy":"product_tag","embeddable":true,"href":"https:\/\/azurefilm.com\/hr\/wp-json\/wp\/v2\/product_tag?post=11992"},{"taxonomy":"brand","embeddable":true,"href":"https:\/\/azurefilm.com\/hr\/wp-json\/wp\/v2\/brand?post=11992"}],"curies":[{"name":"wp","href":"https:\/\/api.w.org\/{rel}","templated":true}]}}