
{"id":11993,"date":"2023-10-29T14:13:01","date_gmt":"2023-10-29T14:13:01","guid":{"rendered":"https:\/\/azurefilm.com\/product\/petg-transparent-filament-blue\/"},"modified":"2026-03-24T19:10:50","modified_gmt":"2026-03-24T19:10:50","slug":"petg-transparent-filament-blue","status":"publish","type":"product","link":"https:\/\/azurefilm.com\/hr\/proizvod\/petg-transparent-filament-blue\/","title":{"rendered":"PETG Transparent filament Blue"},"content":{"rendered":"<h2><b>PETG Transparent<\/b><\/h2>\n<p><span style=\"font-weight: 400;\">Predstavljamo PETG Transparent filamente poznate po svom <\/span><b>efektu transparentnosti<\/b><span style=\"font-weight: 400;\">. Ovi filamenti \u010dine va\u0161e printeve jasnima i <\/span><b>prozirnima<\/b><span style=\"font-weight: 400;\">. PETG je sli\u010dan na\u0161em PETG Original filamentu zbog \u010dega je <\/span><b>jednostavan za printanje<\/b><span style=\"font-weight: 400;\">. Isprobajte ovaj materijal i napravite cool prozirne printeve koji imaju <\/span><b>\u010dvrsta <\/b><span style=\"font-weight: 400;\">i <\/span><b>i izdr\u017eljiva svojstva<\/b><span style=\"font-weight: 400;\">. PETG Transparent je izvrstan za izradu proizvoda koji zahtijevaju jasno\u0107u ili difuziju svijetla poput svjetiljka, ukrasa, gadgeta i jo\u0161 mnogo sli\u010dnih stvari.<\/span><\/p>\n<h2><strong>PETG Transparent filament Blue<\/strong><\/h2>\n<p>Koristite PETG Transparent filament Blue i otkrijte kako svjetlost \u010darobno prodire kroz va\u0161e dizajne.<\/p>\n<p><span style=\"font-weight: 400;\">Kako biste saznali vi\u0161e o PETG filamentima, pro\u010ditajte na\u0161 <a href=\"https:\/\/azurefilm.com\/hr\/2023\/07\/10\/petg-filamenti\/\" target=\"_blank\" rel=\"noopener\">blog<\/a>.\u00a0<\/span><\/p>\n<p><span style=\"font-weight: 400;\">Ovdje mo\u017eete pristupiti<a href=\"https:\/\/azurefilm.com\/hr\/technical-data-sheets\/\" target=\"_blank\" rel=\"noopener\"> tehni\u010dkim informacijama<\/a>.<\/span><\/p>\n<h3><strong>Preporuke za printanje:<\/strong><\/h3>\n<ul>\n<li style=\"font-weight: 400;\" aria-level=\"1\"><span style=\"font-weight: 400;\">Za najbolje rezultate, printati na 220\u2013240\u00b0C. <\/span><\/li>\n<li style=\"font-weight: 400;\" aria-level=\"1\"><span style=\"font-weight: 400;\">Preporu\u010dena temperatura postolja za printanje je 80\u00b0C.<\/span><\/li>\n<li style=\"font-weight: 400;\" aria-level=\"1\"><span style=\"font-weight: 400;\">Koristite stakleno postolje, PEI plo\u010du, kapton ili plavu traku za izradnu platformu s 3Dlac sprejem.<\/span><\/li>\n<\/ul>\n<p><i><span style=\"font-weight: 400;\">*Idealna temperatura mo\u017ee varirati ovisno o kori\u0161tenom pisa\u010du.<\/span><\/i><\/p>\n<p>&nbsp;<\/p>\n","protected":false},"excerpt":{"rendered":"<p>Koristite PETG Transparent filament Blue i otkrijte kako svjetlost \u010darobno prodire kroz va\u0161e dizajne.<\/p>\n","protected":false},"featured_media":112665,"comment_status":"closed","ping_status":"closed","template":"","meta":{"_acf_changed":false},"product_brand":[],"product_cat":[401,375,396,377],"product_tag":[],"brand":[],"class_list":{"0":"post-11993","1":"product","2":"type-product","3":"status-publish","4":"has-post-thumbnail","6":"product_cat-petg-transparent-hr","7":"product_cat-3d-filamenti-hr","8":"product_cat-petg-filamenti-hr","9":"product_cat-svi-filamenti","10":"pa_colour-blue","11":"pa_filament-diameter-1-75mm","12":"pa_filament-weight-1000g","14":"first","15":"instock","16":"taxable","17":"shipping-taxable","18":"purchasable","19":"product-type-variable","20":"has-default-attributes"},"acf":[],"_links":{"self":[{"href":"https:\/\/azurefilm.com\/hr\/wp-json\/wp\/v2\/product\/11993","targetHints":{"allow":["GET"]}}],"collection":[{"href":"https:\/\/azurefilm.com\/hr\/wp-json\/wp\/v2\/product"}],"about":[{"href":"https:\/\/azurefilm.com\/hr\/wp-json\/wp\/v2\/types\/product"}],"replies":[{"embeddable":true,"href":"https:\/\/azurefilm.com\/hr\/wp-json\/wp\/v2\/comments?post=11993"}],"wp:featuredmedia":[{"embeddable":true,"href":"https:\/\/azurefilm.com\/hr\/wp-json\/wp\/v2\/media\/112665"}],"wp:attachment":[{"href":"https:\/\/azurefilm.com\/hr\/wp-json\/wp\/v2\/media?parent=11993"}],"wp:term":[{"taxonomy":"product_brand","embeddable":true,"href":"https:\/\/azurefilm.com\/hr\/wp-json\/wp\/v2\/product_brand?post=11993"},{"taxonomy":"product_cat","embeddable":true,"href":"https:\/\/azurefilm.com\/hr\/wp-json\/wp\/v2\/product_cat?post=11993"},{"taxonomy":"product_tag","embeddable":true,"href":"https:\/\/azurefilm.com\/hr\/wp-json\/wp\/v2\/product_tag?post=11993"},{"taxonomy":"brand","embeddable":true,"href":"https:\/\/azurefilm.com\/hr\/wp-json\/wp\/v2\/brand?post=11993"}],"curies":[{"name":"wp","href":"https:\/\/api.w.org\/{rel}","templated":true}]}}