
{"id":12003,"date":"2023-10-29T14:13:35","date_gmt":"2023-10-29T14:13:35","guid":{"rendered":"https:\/\/azurefilm.com\/product\/petg-glow-filament-moon-light\/"},"modified":"2026-04-01T23:41:59","modified_gmt":"2026-04-01T23:41:59","slug":"petg-lumos-filament-moon-light","status":"publish","type":"product","link":"https:\/\/azurefilm.com\/hr\/proizvod\/petg-lumos-filament-moon-light\/","title":{"rendered":"PETG Lumos filament Moon Light"},"content":{"rendered":"<h2><b>PETG Lumos<\/b><\/h2>\n<p><span style=\"font-weight: 400;\">Predstavljamo PETG Lumos filamente koji va\u0161im printevima daju <\/span><b>poseban efekt propu\u0161tanja svjetlosti<\/b><span style=\"font-weight: 400;\">. Omogu\u0107uje vam da se igrate sa svjetlom na razli\u010dite na\u010dine tako \u0161to stvarate objekte koji sjaje u kontaktu sa svjetlom. To zna\u010di da su savr\u0161eni za izradu svjetiljka, lampi, svjetlosnih ukrasa i jo\u0161 mnogo toga. PETG Lumos je \u010dvrst, izdr\u017eljiv i <\/span><b>otporan na temperature do 80\u00b0C<\/b><span style=\"font-weight: 400;\">. Isprobajte ovajmaterijal <\/span><b>prilago\u0111en po\u010detnicima<\/b><span style=\"font-weight: 400;\"> za svoj sljede\u0107i svjetle\u0107i projekt.\u00a0<\/span><\/p>\n<h2><strong>PETG Lumos filament Moon Light<\/strong><\/h2>\n<p>Stvorite zadivljuju\u0107e prozirne 3D printeve inspirirane Mjesecom uz kori\u0161tenje na\u0161eg PETG Lumos filamenta Moon Light.<\/p>\n<p><span style=\"font-weight: 400;\">Kako biste saznali vi\u0161e o PETG filamentima, pro\u010ditajte na\u0161 <a href=\"https:\/\/azurefilm.com\/hr\/2023\/07\/10\/petg-filamenti\/\" target=\"_blank\" rel=\"noopener\">blog<\/a>.\u00a0<\/span><\/p>\n<p><span style=\"font-weight: 400;\">Ovdje mo\u017eete pristupiti <a href=\"https:\/\/azurefilm.com\/hr\/technical-data-sheets\/\" target=\"_blank\" rel=\"noopener\"> tehni\u010dkim informacijama<\/a>.<\/span><\/p>\n<h3><strong>Preporuke za printanje:<\/strong><\/h3>\n<ul>\n<li style=\"font-weight: 400;\" aria-level=\"1\"><span style=\"font-weight: 400;\">Za najbolje rezultate, printati na 220\u2013240\u00b0C. <\/span><\/li>\n<li style=\"font-weight: 400;\" aria-level=\"1\"><span style=\"font-weight: 400;\">Preporu\u010dena temperatura postolja za printanje je 80\u00b0C.<\/span><\/li>\n<li style=\"font-weight: 400;\" aria-level=\"1\"><span style=\"font-weight: 400;\">Koristite stakleno postolje, PEI plo\u010du, kapton ili plavu traku za izradnu platformu s 3Dlac sprejem.<\/span><\/li>\n<\/ul>\n<p><i><span style=\"font-weight: 400;\">*Idealna temperatura mo\u017ee varirati ovisno o kori\u0161tenom pisa\u010du.<\/span><\/i><\/p>\n","protected":false},"excerpt":{"rendered":"<p>Stvorite zadivljuju\u0107e prozirne 3D printeve inspirirane Mjesecom uz kori\u0161tenje na\u0161eg PETG Lumos filamenta Moon Light.<\/p>\n","protected":false},"featured_media":109618,"comment_status":"closed","ping_status":"closed","template":"","meta":{"_acf_changed":false},"product_brand":[],"product_cat":[375,396,397,377],"product_tag":[],"brand":[267],"class_list":{"0":"post-12003","1":"product","2":"type-product","3":"status-publish","4":"has-post-thumbnail","6":"product_cat-3d-filamenti-hr","7":"product_cat-petg-filamenti-hr","8":"product_cat-petg-lumos-hr","9":"product_cat-svi-filamenti","10":"pa_colour-white","11":"pa_filament-diameter-1-75mm","12":"pa_filament-weight-1000g","13":"brand-azurefilm","15":"first","16":"instock","17":"taxable","18":"shipping-taxable","19":"purchasable","20":"product-type-variable","21":"has-default-attributes"},"acf":[],"_links":{"self":[{"href":"https:\/\/azurefilm.com\/hr\/wp-json\/wp\/v2\/product\/12003","targetHints":{"allow":["GET"]}}],"collection":[{"href":"https:\/\/azurefilm.com\/hr\/wp-json\/wp\/v2\/product"}],"about":[{"href":"https:\/\/azurefilm.com\/hr\/wp-json\/wp\/v2\/types\/product"}],"replies":[{"embeddable":true,"href":"https:\/\/azurefilm.com\/hr\/wp-json\/wp\/v2\/comments?post=12003"}],"wp:featuredmedia":[{"embeddable":true,"href":"https:\/\/azurefilm.com\/hr\/wp-json\/wp\/v2\/media\/109618"}],"wp:attachment":[{"href":"https:\/\/azurefilm.com\/hr\/wp-json\/wp\/v2\/media?parent=12003"}],"wp:term":[{"taxonomy":"product_brand","embeddable":true,"href":"https:\/\/azurefilm.com\/hr\/wp-json\/wp\/v2\/product_brand?post=12003"},{"taxonomy":"product_cat","embeddable":true,"href":"https:\/\/azurefilm.com\/hr\/wp-json\/wp\/v2\/product_cat?post=12003"},{"taxonomy":"product_tag","embeddable":true,"href":"https:\/\/azurefilm.com\/hr\/wp-json\/wp\/v2\/product_tag?post=12003"},{"taxonomy":"brand","embeddable":true,"href":"https:\/\/azurefilm.com\/hr\/wp-json\/wp\/v2\/brand?post=12003"}],"curies":[{"name":"wp","href":"https:\/\/api.w.org\/{rel}","templated":true}]}}