
{"id":12028,"date":"2023-10-29T14:14:48","date_gmt":"2023-10-29T14:14:48","guid":{"rendered":"https:\/\/azurefilm.com\/product\/klijesta-od-nehrdajuceg-celika\/"},"modified":"2025-07-24T00:36:26","modified_gmt":"2025-07-24T00:36:26","slug":"klijesta-od-nehrdajuceg-celika","status":"publish","type":"product","link":"https:\/\/azurefilm.com\/hr\/proizvod\/klijesta-od-nehrdajuceg-celika\/","title":{"rendered":"Klije\u0161ta od nehr\u0111aju\u0107eg \u010delika"},"content":{"rendered":"<h2><strong>Karakteristike:<\/strong><\/h2>\n<ul>\n<li>Klije\u0161ta od nehr\u0111aju\u0107eg \u010delika izra\u0111ena su od 100% kirur\u0161kog nehr\u0111aju\u0107eg \u010delika kako bi se osigurala dugotrajna o\u0161trica i mogu se sterilizirati bez hr\u0111anja.<\/li>\n<li>To je alat koji morate imati za 3D printanje.<\/li>\n<li>Napravljen je za rezanje najsitnijih podru\u010dja oko 3D modela.<\/li>\n<li>Klije\u0161ta su izdr\u017eljiva, precizna i jednostavna za kori\u0161tenje.<\/li>\n<li>Zatezna poluga koja otvara klije\u0161ta ima dobru napetost i zadovoljavaju\u0107e i sigurno klikne u svoj urez.<\/li>\n<li>Dvostruka opruga vrhunske kvalitete omogu\u0107uje glatko, udobno, to\u010dnije i lak\u0161e rezanje.<\/li>\n<li>Ergonomski dizajn klije\u0161ta daje vam ve\u0107u kontrolu i stisak dok dr\u017eite i re\u017eete.<\/li>\n<li>Jednostavno obri\u0161ite o\u0161trice alkoholom nakon upotrebe.<\/li>\n<li>Pakiranje uklju\u010duje plasti\u010dni vrh za za\u0161titu od slu\u010dajnih uboda ili bockanja.<\/li>\n<\/ul>\n","protected":false},"excerpt":{"rendered":"<p>Klije\u0161ta od nehr\u0111aju\u0107eg \u010delika su izdr\u017eljiva, precizna i jednostavna za kori\u0161tenje. Napravljena od nehr\u0111aju\u0107eg \u010delika.<\/p>\n","protected":false},"featured_media":3674,"comment_status":"closed","ping_status":"closed","template":"","meta":{"_acf_changed":false},"product_brand":[],"product_cat":[481,515,482,483],"product_tag":[],"brand":[],"class_list":{"0":"post-12028","1":"product","2":"type-product","3":"status-publish","4":"has-post-thumbnail","6":"product_cat-akcija","7":"product_cat-alati","8":"product_cat-rezervni-dijelovi","9":"product_cat-svi-rezervni-dijelovi","11":"first","12":"instock","13":"sale","14":"taxable","15":"shipping-taxable","16":"purchasable","17":"product-type-simple"},"acf":[],"_links":{"self":[{"href":"https:\/\/azurefilm.com\/hr\/wp-json\/wp\/v2\/product\/12028","targetHints":{"allow":["GET"]}}],"collection":[{"href":"https:\/\/azurefilm.com\/hr\/wp-json\/wp\/v2\/product"}],"about":[{"href":"https:\/\/azurefilm.com\/hr\/wp-json\/wp\/v2\/types\/product"}],"replies":[{"embeddable":true,"href":"https:\/\/azurefilm.com\/hr\/wp-json\/wp\/v2\/comments?post=12028"}],"wp:featuredmedia":[{"embeddable":true,"href":"https:\/\/azurefilm.com\/hr\/wp-json\/wp\/v2\/media\/3674"}],"wp:attachment":[{"href":"https:\/\/azurefilm.com\/hr\/wp-json\/wp\/v2\/media?parent=12028"}],"wp:term":[{"taxonomy":"product_brand","embeddable":true,"href":"https:\/\/azurefilm.com\/hr\/wp-json\/wp\/v2\/product_brand?post=12028"},{"taxonomy":"product_cat","embeddable":true,"href":"https:\/\/azurefilm.com\/hr\/wp-json\/wp\/v2\/product_cat?post=12028"},{"taxonomy":"product_tag","embeddable":true,"href":"https:\/\/azurefilm.com\/hr\/wp-json\/wp\/v2\/product_tag?post=12028"},{"taxonomy":"brand","embeddable":true,"href":"https:\/\/azurefilm.com\/hr\/wp-json\/wp\/v2\/brand?post=12028"}],"curies":[{"name":"wp","href":"https:\/\/api.w.org\/{rel}","templated":true}]}}