
{"id":12029,"date":"2023-10-29T14:14:48","date_gmt":"2023-10-29T14:14:48","guid":{"rendered":"https:\/\/azurefilm.com\/product\/lopatica\/"},"modified":"2026-03-31T09:11:51","modified_gmt":"2026-03-31T09:11:51","slug":"lopatica","status":"publish","type":"product","link":"https:\/\/azurefilm.com\/hr\/proizvod\/lopatica\/","title":{"rendered":"Lopatica"},"content":{"rendered":"<p>Imate problema s uklanjanjem 3D modela s izradne povr\u0161ine? Lopatica ima o\u0161tricu od nehr\u0111aju\u0107eg \u010delika s tankim, ali tvrdim prednjim rubom za glatko ula\u017eenje ispod 3D printanih modela. Dr\u0161ka ima gumeni dr\u017ea\u010d koji ne klizi.<\/p>\n<p>Upotrijebite lopaticu za jednostavno uklanjanje 3D modela s izradne povr\u0161ine bez o\u0161te\u0107enja 3D modela.<\/p>\n","protected":false},"excerpt":{"rendered":"<p>Lopatica za uklanjanje 3D printanih modela s izgradne povr\u0161ine.<\/p>\n","protected":false},"featured_media":3679,"comment_status":"closed","ping_status":"closed","template":"","meta":{"_acf_changed":false},"product_brand":[],"product_cat":[481,515,482],"product_tag":[],"brand":[],"class_list":{"0":"post-12029","1":"product","2":"type-product","3":"status-publish","4":"has-post-thumbnail","6":"product_cat-akcija","7":"product_cat-alati","8":"product_cat-rezervni-dijelovi","10":"first","11":"instock","12":"sale","13":"taxable","14":"shipping-taxable","15":"purchasable","16":"product-type-simple"},"acf":[],"_links":{"self":[{"href":"https:\/\/azurefilm.com\/hr\/wp-json\/wp\/v2\/product\/12029","targetHints":{"allow":["GET"]}}],"collection":[{"href":"https:\/\/azurefilm.com\/hr\/wp-json\/wp\/v2\/product"}],"about":[{"href":"https:\/\/azurefilm.com\/hr\/wp-json\/wp\/v2\/types\/product"}],"replies":[{"embeddable":true,"href":"https:\/\/azurefilm.com\/hr\/wp-json\/wp\/v2\/comments?post=12029"}],"wp:featuredmedia":[{"embeddable":true,"href":"https:\/\/azurefilm.com\/hr\/wp-json\/wp\/v2\/media\/3679"}],"wp:attachment":[{"href":"https:\/\/azurefilm.com\/hr\/wp-json\/wp\/v2\/media?parent=12029"}],"wp:term":[{"taxonomy":"product_brand","embeddable":true,"href":"https:\/\/azurefilm.com\/hr\/wp-json\/wp\/v2\/product_brand?post=12029"},{"taxonomy":"product_cat","embeddable":true,"href":"https:\/\/azurefilm.com\/hr\/wp-json\/wp\/v2\/product_cat?post=12029"},{"taxonomy":"product_tag","embeddable":true,"href":"https:\/\/azurefilm.com\/hr\/wp-json\/wp\/v2\/product_tag?post=12029"},{"taxonomy":"brand","embeddable":true,"href":"https:\/\/azurefilm.com\/hr\/wp-json\/wp\/v2\/brand?post=12029"}],"curies":[{"name":"wp","href":"https:\/\/api.w.org\/{rel}","templated":true}]}}