
{"id":12032,"date":"2023-10-29T14:14:48","date_gmt":"2023-10-29T14:14:48","guid":{"rendered":"https:\/\/azurefilm.com\/product\/paket-sesterokutnih-odvijaca\/"},"modified":"2025-08-21T15:46:54","modified_gmt":"2025-08-21T15:46:54","slug":"paket-sesterokutnih-odvijaca","status":"publish","type":"product","link":"https:\/\/azurefilm.com\/hr\/proizvod\/paket-sesterokutnih-odvijaca\/","title":{"rendered":"Paket \u0161esterokutnih odvija\u010da"},"content":{"rendered":"<h2><strong>Specifikacije: <\/strong><\/h2>\n<ul>\n<li>Materijal: \u010delik od legure krom-vanadija<\/li>\n<li>Promjer ru\u010dke: 1.5 cm<\/li>\n<li>Duljina ru\u010dke: 7.5 cm<\/li>\n<li>Ukupna duljina: 17 cm<\/li>\n<\/ul>\n<h2><strong>Zna\u010dajke: <\/strong><\/h2>\n<p>Sve \u0161to vam je potrebno za popravak va\u0161ih omiljenih naprava! Mo\u017ee se koristiti za modele automobila, helikoptera, aviona i jo\u0161 mnogo toga. Neophodan pick-up za RC entuzijaste!<\/p>\n<h2><strong>Paket uklju\u010duje: <\/strong><\/h2>\n<ul>\n<li>1x 1.5 mm imbus klju\u010d,<\/li>\n<li>1x 2.0 mm imbus klju\u010d,<\/li>\n<li>1x 2.5 mm imbus klju\u010d,<\/li>\n<li>1x 3.0 mm imbus klju\u010d.<\/li>\n<\/ul>\n","protected":false},"excerpt":{"rendered":"<p>Paket \u0161esterokutnih odvija\u010da uklju\u010duje sve \u0161to vam treba za popravak va\u0161ih omiljenih naprava.<\/p>\n","protected":false},"featured_media":3714,"comment_status":"closed","ping_status":"closed","template":"","meta":{"_acf_changed":false},"product_brand":[],"product_cat":[481,515,482,483],"product_tag":[],"brand":[],"class_list":{"0":"post-12032","1":"product","2":"type-product","3":"status-publish","4":"has-post-thumbnail","6":"product_cat-akcija","7":"product_cat-alati","8":"product_cat-rezervni-dijelovi","9":"product_cat-svi-rezervni-dijelovi","11":"first","12":"instock","13":"sale","14":"taxable","15":"shipping-taxable","16":"purchasable","17":"product-type-simple"},"acf":[],"_links":{"self":[{"href":"https:\/\/azurefilm.com\/hr\/wp-json\/wp\/v2\/product\/12032","targetHints":{"allow":["GET"]}}],"collection":[{"href":"https:\/\/azurefilm.com\/hr\/wp-json\/wp\/v2\/product"}],"about":[{"href":"https:\/\/azurefilm.com\/hr\/wp-json\/wp\/v2\/types\/product"}],"replies":[{"embeddable":true,"href":"https:\/\/azurefilm.com\/hr\/wp-json\/wp\/v2\/comments?post=12032"}],"wp:featuredmedia":[{"embeddable":true,"href":"https:\/\/azurefilm.com\/hr\/wp-json\/wp\/v2\/media\/3714"}],"wp:attachment":[{"href":"https:\/\/azurefilm.com\/hr\/wp-json\/wp\/v2\/media?parent=12032"}],"wp:term":[{"taxonomy":"product_brand","embeddable":true,"href":"https:\/\/azurefilm.com\/hr\/wp-json\/wp\/v2\/product_brand?post=12032"},{"taxonomy":"product_cat","embeddable":true,"href":"https:\/\/azurefilm.com\/hr\/wp-json\/wp\/v2\/product_cat?post=12032"},{"taxonomy":"product_tag","embeddable":true,"href":"https:\/\/azurefilm.com\/hr\/wp-json\/wp\/v2\/product_tag?post=12032"},{"taxonomy":"brand","embeddable":true,"href":"https:\/\/azurefilm.com\/hr\/wp-json\/wp\/v2\/brand?post=12032"}],"curies":[{"name":"wp","href":"https:\/\/api.w.org\/{rel}","templated":true}]}}