
{"id":12034,"date":"2023-10-29T14:14:48","date_gmt":"2023-10-29T14:14:48","guid":{"rendered":"https:\/\/azurefilm.com\/product\/alati-za-zavrsnu-obradu-3d-printa\/"},"modified":"2026-02-13T09:23:13","modified_gmt":"2026-02-13T09:23:13","slug":"alati-za-zavrsnu-obradu-3d-printa","status":"publish","type":"product","link":"https:\/\/azurefilm.com\/hr\/proizvod\/alati-za-zavrsnu-obradu-3d-printa\/","title":{"rendered":"Alati za zavr\u0161nu obradu 3D printa"},"content":{"rendered":"<h2>Karakteristike:<\/h2>\n<ul>\n<li>Alati za zavr\u0161nu obradu 3D printa neophodni za sve profesionalce i hobiste u 3D printanju koji vam poma\u017eu rije\u0161iti neravnine na modelu i u\u010diniti va\u0161 model glatkijim i finijim.<\/li>\n<li>Ergonomski dizajn napravljen je tako da bude udoban u ruci za to\u010dnu preciznost.<\/li>\n<li>Dizajniran je za \u0161iroku paletu zadataka retu\u0161iranja 3D printa, od uklanjanja potpornog materijala i pre\u010di\u0161\u0107avanja nesavr\u0161enosti sloja do stapanja ispisnih povr\u0161ina i popunjavanja praznina, izme\u0111u ostalog.<\/li>\n<\/ul>\n<h2>Popis paketa:<\/h2>\n<ul>\n<li>1x model brusilice<\/li>\n<li>1x Xacto no\u017eevi<\/li>\n<li>5x rezervnih o\u0161trica<\/li>\n<li>2x trake za poliranje<\/li>\n<li>3x srpasta no\u017ea<\/li>\n<li>1x razdjelnik modela<\/li>\n<li>1x olovka s iglom<\/li>\n<li>2x pincete<\/li>\n<li>1x mini \u0161kare<\/li>\n<li>1x ravnalo<\/li>\n<\/ul>\n","protected":false},"excerpt":{"rendered":"<p>Alati za zavr\u0161nu obradu 3D printa, klju\u010dni za sve profesionalce i hobiste 3D printanja, poma\u017eu vam u izradi glatkih i fino obra\u0111enih modela.<\/p>\n","protected":false},"featured_media":3792,"comment_status":"closed","ping_status":"closed","template":"","meta":{"_acf_changed":false},"product_brand":[],"product_cat":[481,515,482,483],"product_tag":[],"brand":[],"class_list":{"0":"post-12034","1":"product","2":"type-product","3":"status-publish","4":"has-post-thumbnail","6":"product_cat-akcija","7":"product_cat-alati","8":"product_cat-rezervni-dijelovi","9":"product_cat-svi-rezervni-dijelovi","11":"first","12":"instock","13":"sale","14":"taxable","15":"shipping-taxable","16":"purchasable","17":"product-type-simple"},"acf":[],"_links":{"self":[{"href":"https:\/\/azurefilm.com\/hr\/wp-json\/wp\/v2\/product\/12034","targetHints":{"allow":["GET"]}}],"collection":[{"href":"https:\/\/azurefilm.com\/hr\/wp-json\/wp\/v2\/product"}],"about":[{"href":"https:\/\/azurefilm.com\/hr\/wp-json\/wp\/v2\/types\/product"}],"replies":[{"embeddable":true,"href":"https:\/\/azurefilm.com\/hr\/wp-json\/wp\/v2\/comments?post=12034"}],"wp:featuredmedia":[{"embeddable":true,"href":"https:\/\/azurefilm.com\/hr\/wp-json\/wp\/v2\/media\/3792"}],"wp:attachment":[{"href":"https:\/\/azurefilm.com\/hr\/wp-json\/wp\/v2\/media?parent=12034"}],"wp:term":[{"taxonomy":"product_brand","embeddable":true,"href":"https:\/\/azurefilm.com\/hr\/wp-json\/wp\/v2\/product_brand?post=12034"},{"taxonomy":"product_cat","embeddable":true,"href":"https:\/\/azurefilm.com\/hr\/wp-json\/wp\/v2\/product_cat?post=12034"},{"taxonomy":"product_tag","embeddable":true,"href":"https:\/\/azurefilm.com\/hr\/wp-json\/wp\/v2\/product_tag?post=12034"},{"taxonomy":"brand","embeddable":true,"href":"https:\/\/azurefilm.com\/hr\/wp-json\/wp\/v2\/brand?post=12034"}],"curies":[{"name":"wp","href":"https:\/\/api.w.org\/{rel}","templated":true}]}}