
{"id":12037,"date":"2023-10-29T14:14:48","date_gmt":"2023-10-29T14:14:48","guid":{"rendered":"https:\/\/azurefilm.com\/product\/komplet-za-automatsko-niveliranje-cr-touch\/"},"modified":"2024-10-24T07:21:55","modified_gmt":"2024-10-24T07:21:55","slug":"komplet-za-automatsko-niveliranje-cr-touch","status":"publish","type":"product","link":"https:\/\/azurefilm.com\/hr\/proizvod\/komplet-za-automatsko-niveliranje-cr-touch\/","title":{"rendered":"Komplet za automatsko niveliranje CR-Touch"},"content":{"rendered":"<p>CR-Touch je rje\u0161enje za niveliranje platforme 3D pisa\u010da koje je razvio Creality na temelju stotina milijuna korisni\u010dkih podataka koje koriste programeri. U usporedbi s tradicionalnim automatskim niveliranjem, kompatibilan je s vi\u0161e platformi 3D pisa\u010da, stabilniji je i pristupa\u010dniji.<\/p>\n<h2><span style=\"text-decoration: underline;\"><strong>Klju\u010dne zna\u010dajke:<\/strong><\/span><\/h2>\n<h3><strong>Detekcija u vi\u0161e to\u010daka i pametno balansiranje<\/strong><\/h3>\n<p>Senzor razine CR-Touch provodi detekciju vi\u0161e to\u010daka na platformi za printanje i bilje\u017ei visinu svake to\u010dke detekcije. Sustav stvara virtualnu ravninu na temelju visine svake to\u010dke i izra\u010dunava kut nagiba izme\u0111u mlaznice i plo\u010de kako bi automatski kompenzirao razli\u010dite to\u010dke.<\/p>\n<h3><strong>Dugotrajna kvaliteta<\/strong><\/h3>\n<p>Visoka kvaliteta osigurava dug radni vijek s vi\u0161e od 100.000 primjena.<\/p>\n<h3><strong>Izdr\u017eljivije metalne sonde<\/strong><\/h3>\n<p>CR-Touch ima metalnu sondu koja smanjuje tro\u0161enje i zna\u010dajno produljuje vijek trajanja.<\/p>\n<h3><strong>Kompatibilni modeli<\/strong><\/h3>\n<p>Ender-3\/Ender-3 pro\/Ender-3 V2\/Ender-3 MAX\/Ender-5\/Ender-5 pro\/CR-10 s mati\u010dnom plo\u010dom 4.2.2\/4.2.7<\/p>\n<h3><strong>Elektromagnetske komponente visoke preciznosti i fotoelektri\u010dni senzor<\/strong><\/h3>\n<p>Nakon uklju\u010divanja elektromagnetske komponente, sonda usisava. Kada sonda dodirne platformu za printanje, fotoelektri\u010dni senzor na krugu detektira kontaktni signal, a sustav bilje\u017ei trenutnu visinu platforme.<\/p>\n<p>Odnosi se samo na 3D pisa\u010de s 32-bitnom mati\u010dnom plo\u010dom 4.2.2 ili mati\u010dnom plo\u010dom 4.2.7.<\/p>\n<p>Senzor razine mo\u017ee se koristiti na sljede\u0107im povr\u0161inama radne platforme:<\/p>\n<ul>\n<li>PEI<\/li>\n<li>Staklo<\/li>\n<li>Metal<\/li>\n<li>Magnetne radne plo\u010de<\/li>\n<li>Karborundsko staklo<\/li>\n<\/ul>\n<h3><strong>Jednostavan za instaliranje i kori\u0161tenje<\/strong><\/h3>\n<p>Preuzmite program CR-Touch sa slu\u017ebene internet stranice Crealityja i kopirajte ga na TF \/ SD karticu. Umetnite karticu izravno u utor za karticu na 3D pisa\u010du. Program mo\u017eete a\u017eurirati nakon \u0161to ga uklju\u010dite.<\/p>\n<p><iframe loading=\"lazy\" class=\"allowed-iframe\" src=\"https:\/\/www.youtube.com\/embed\/HqzQ-OH9bQk\" width=\"900\" height=\"500\"><\/iframe ><\/p>\n","protected":false},"excerpt":{"rendered":"<p><strong>CR-Touch komplet za automatsko niveliranje<\/strong> s detekcijom vi\u0161e na vi\u0161e to\u010daka, pametnim balansiranjem, dugotrajnom kvalitetom i visokom kompatibilno\u0161\u0107u s ure\u0111ajima.<\/p>\n","protected":false},"featured_media":3831,"comment_status":"closed","ping_status":"closed","template":"","meta":{"_acf_changed":false},"product_brand":[],"product_cat":[482,483],"product_tag":[],"brand":[],"class_list":{"0":"post-12037","1":"product","2":"type-product","3":"status-publish","4":"has-post-thumbnail","6":"product_cat-rezervni-dijelovi","7":"product_cat-svi-rezervni-dijelovi","9":"first","10":"outofstock","11":"taxable","12":"shipping-taxable","13":"purchasable","14":"product-type-simple"},"acf":[],"_links":{"self":[{"href":"https:\/\/azurefilm.com\/hr\/wp-json\/wp\/v2\/product\/12037","targetHints":{"allow":["GET"]}}],"collection":[{"href":"https:\/\/azurefilm.com\/hr\/wp-json\/wp\/v2\/product"}],"about":[{"href":"https:\/\/azurefilm.com\/hr\/wp-json\/wp\/v2\/types\/product"}],"replies":[{"embeddable":true,"href":"https:\/\/azurefilm.com\/hr\/wp-json\/wp\/v2\/comments?post=12037"}],"wp:featuredmedia":[{"embeddable":true,"href":"https:\/\/azurefilm.com\/hr\/wp-json\/wp\/v2\/media\/3831"}],"wp:attachment":[{"href":"https:\/\/azurefilm.com\/hr\/wp-json\/wp\/v2\/media?parent=12037"}],"wp:term":[{"taxonomy":"product_brand","embeddable":true,"href":"https:\/\/azurefilm.com\/hr\/wp-json\/wp\/v2\/product_brand?post=12037"},{"taxonomy":"product_cat","embeddable":true,"href":"https:\/\/azurefilm.com\/hr\/wp-json\/wp\/v2\/product_cat?post=12037"},{"taxonomy":"product_tag","embeddable":true,"href":"https:\/\/azurefilm.com\/hr\/wp-json\/wp\/v2\/product_tag?post=12037"},{"taxonomy":"brand","embeddable":true,"href":"https:\/\/azurefilm.com\/hr\/wp-json\/wp\/v2\/brand?post=12037"}],"curies":[{"name":"wp","href":"https:\/\/api.w.org\/{rel}","templated":true}]}}