
{"id":12038,"date":"2023-10-29T14:15:26","date_gmt":"2023-10-29T14:15:26","guid":{"rendered":"https:\/\/azurefilm.com\/product\/bowden-cijev\/"},"modified":"2026-04-15T08:28:51","modified_gmt":"2026-04-15T08:28:51","slug":"bowden-cijev","status":"publish","type":"product","link":"https:\/\/azurefilm.com\/hr\/proizvod\/bowden-cijev\/","title":{"rendered":"Bowden Capricorn cijev fi2\/4mm"},"content":{"rendered":"<h4>Bowden Capricorn cijev fi2\/4mm<\/h4>\n<h3><strong>Klju\u010dne zna\u010dajke:<\/strong><\/h3>\n<ul>\n<li>(PTFE hotend teflonska cijev) za 3D pisa\u010de Ender 3, CR10 V2<\/li>\n<li>Savr\u0161ena za lak\u0161e printanje s fleksibilnim filamentima<\/li>\n<li>Aditivi visoke mazivosti \u010dine ovaj proizvod najni\u017eim trenjem Bowden cijevi na tr\u017ei\u0161tu. Manje trenja zna\u010di vi\u0161e odziva, manje uvla\u010denja, to\u010dnije printeve, manje klizanja, tro\u0161enja i kidanja ekstrudera i manje za\u010depljenja pri printanju s debelim filamentima<\/li>\n<li>Manje uvla\u010denje zna\u010di u\u0161tedu vremena svaki put kada se ekstruder uvu\u010de. Tijekom printanja nekoliko milisekundi ovdje i nekoliko tamo \u010dini mnogo u\u0161te\u0111enog vremena<\/li>\n<li>Unutarnji promjer od 1,9 mm \u00b1 0,05 mm smanjuje &#8220;prostor za pomicanje&#8221; ili izvijanje unutar cijevi, \u0161to vam omogu\u0107uje printanje fleksibilnih filamenata \u010dak i na najdu\u017eim Bowden sustavima<\/li>\n<li>Otpornost na visoke temperature<\/li>\n<li>Paket uklju\u010duje: Bowden cijev fi 4x2mm x 1m du\u017eine<\/li>\n<li>Cijena je za 1m (ako odaberete 3 komada, dobit \u0107ete 3 x 1m)<\/li>\n<\/ul>\n<p>Mo\u017eete pa\u017eljivo rezati cijev pomo\u0107nim no\u017eem na \u017eeljenu duljinu.<\/p>\n<ul>\n<li>Duljina cijevi za Ender 3 je\u00a0370mm.<\/li>\n<li>Duljina cijevi za CR10S PRO je\u00a0470mm.<\/li>\n<\/ul>\n<p>&nbsp;<\/p>\n","protected":false},"excerpt":{"rendered":"<p>Bowden Capricorn cijev fi2\/4mm je savr\u0161ena za lak\u0161e printanje s fleksibilnim filamentima.<\/p>\n","protected":false},"featured_media":3852,"comment_status":"closed","ping_status":"closed","template":"","meta":{"_acf_changed":false},"product_brand":[],"product_cat":[481,487,482,483],"product_tag":[],"brand":[],"class_list":{"0":"post-12038","1":"product","2":"type-product","3":"status-publish","4":"has-post-thumbnail","6":"product_cat-akcija","7":"product_cat-bowden-cijevi","8":"product_cat-rezervni-dijelovi","9":"product_cat-svi-rezervni-dijelovi","11":"first","12":"instock","13":"sale","14":"taxable","15":"shipping-taxable","16":"purchasable","17":"product-type-simple"},"acf":[],"_links":{"self":[{"href":"https:\/\/azurefilm.com\/hr\/wp-json\/wp\/v2\/product\/12038","targetHints":{"allow":["GET"]}}],"collection":[{"href":"https:\/\/azurefilm.com\/hr\/wp-json\/wp\/v2\/product"}],"about":[{"href":"https:\/\/azurefilm.com\/hr\/wp-json\/wp\/v2\/types\/product"}],"replies":[{"embeddable":true,"href":"https:\/\/azurefilm.com\/hr\/wp-json\/wp\/v2\/comments?post=12038"}],"wp:featuredmedia":[{"embeddable":true,"href":"https:\/\/azurefilm.com\/hr\/wp-json\/wp\/v2\/media\/3852"}],"wp:attachment":[{"href":"https:\/\/azurefilm.com\/hr\/wp-json\/wp\/v2\/media?parent=12038"}],"wp:term":[{"taxonomy":"product_brand","embeddable":true,"href":"https:\/\/azurefilm.com\/hr\/wp-json\/wp\/v2\/product_brand?post=12038"},{"taxonomy":"product_cat","embeddable":true,"href":"https:\/\/azurefilm.com\/hr\/wp-json\/wp\/v2\/product_cat?post=12038"},{"taxonomy":"product_tag","embeddable":true,"href":"https:\/\/azurefilm.com\/hr\/wp-json\/wp\/v2\/product_tag?post=12038"},{"taxonomy":"brand","embeddable":true,"href":"https:\/\/azurefilm.com\/hr\/wp-json\/wp\/v2\/brand?post=12038"}],"curies":[{"name":"wp","href":"https:\/\/api.w.org\/{rel}","templated":true}]}}