
{"id":12039,"date":"2023-10-29T14:15:26","date_gmt":"2023-10-29T14:15:26","guid":{"rendered":"https:\/\/azurefilm.com\/product\/dijamantna-turpija-komplet\/"},"modified":"2026-04-06T17:11:44","modified_gmt":"2026-04-06T17:11:44","slug":"dijamantna-turpija-komplet","status":"publish","type":"product","link":"https:\/\/azurefilm.com\/hr\/proizvod\/dijamantna-turpija-komplet\/","title":{"rendered":"Dijamantna turpija komplet"},"content":{"rendered":"<h2><strong>Specifikacije:<\/strong><\/h2>\n<ul>\n<li>Boja: crvena i srebrna<\/li>\n<li>Materijal tijela: \u0161mirgl<\/li>\n<li>Materijal ru\u010dke: PVC<\/li>\n<li>Povr\u0161inska obrada: poniklavanje<\/li>\n<li>Veli\u010dina: 4x160mm<\/li>\n<li>Radna duljina: 50mm<\/li>\n<\/ul>\n<h2><strong>Klju\u010dne zna\u010dajke:<\/strong><\/h2>\n<ul>\n<li>Prikladno za bru\u0161enje 3D printa, bru\u0161enje \u017eada, rezbarenje drva, bru\u0161enje keramike, bru\u0161enje metala itd.<\/li>\n<li>Poniklana povr\u0161ina, otporna na habanje, visoka u\u010dinkovitost rezanja i dobra zavr\u0161na obrada.<\/li>\n<li>Ru\u010dka je izra\u0111ena od visokokvalitetne mekane gume, ergonomski dizajnirana za udobno dr\u017eanje.<\/li>\n<\/ul>\n<h2><strong>Paket uklju\u010duje:<\/strong><\/h2>\n<ul>\n<li>10 komada x igli za turpiju<\/li>\n<\/ul>\n","protected":false},"excerpt":{"rendered":"<p><strong>Dijamantna turpija komplet<\/strong> pogodna je za bru\u0161enje 3D printeva, bru\u0161enje \u017eada, rezbarenje drva, bru\u0161enje keramike, bru\u0161enje metala, itd.<\/p>\n","protected":false},"featured_media":3857,"comment_status":"closed","ping_status":"closed","template":"","meta":{"_acf_changed":false},"product_brand":[],"product_cat":[481,515,482,483],"product_tag":[],"brand":[],"class_list":{"0":"post-12039","1":"product","2":"type-product","3":"status-publish","4":"has-post-thumbnail","6":"product_cat-akcija","7":"product_cat-alati","8":"product_cat-rezervni-dijelovi","9":"product_cat-svi-rezervni-dijelovi","11":"first","12":"instock","13":"sale","14":"taxable","15":"shipping-taxable","16":"purchasable","17":"product-type-simple"},"acf":[],"_links":{"self":[{"href":"https:\/\/azurefilm.com\/hr\/wp-json\/wp\/v2\/product\/12039","targetHints":{"allow":["GET"]}}],"collection":[{"href":"https:\/\/azurefilm.com\/hr\/wp-json\/wp\/v2\/product"}],"about":[{"href":"https:\/\/azurefilm.com\/hr\/wp-json\/wp\/v2\/types\/product"}],"replies":[{"embeddable":true,"href":"https:\/\/azurefilm.com\/hr\/wp-json\/wp\/v2\/comments?post=12039"}],"wp:featuredmedia":[{"embeddable":true,"href":"https:\/\/azurefilm.com\/hr\/wp-json\/wp\/v2\/media\/3857"}],"wp:attachment":[{"href":"https:\/\/azurefilm.com\/hr\/wp-json\/wp\/v2\/media?parent=12039"}],"wp:term":[{"taxonomy":"product_brand","embeddable":true,"href":"https:\/\/azurefilm.com\/hr\/wp-json\/wp\/v2\/product_brand?post=12039"},{"taxonomy":"product_cat","embeddable":true,"href":"https:\/\/azurefilm.com\/hr\/wp-json\/wp\/v2\/product_cat?post=12039"},{"taxonomy":"product_tag","embeddable":true,"href":"https:\/\/azurefilm.com\/hr\/wp-json\/wp\/v2\/product_tag?post=12039"},{"taxonomy":"brand","embeddable":true,"href":"https:\/\/azurefilm.com\/hr\/wp-json\/wp\/v2\/brand?post=12039"}],"curies":[{"name":"wp","href":"https:\/\/api.w.org\/{rel}","templated":true}]}}