
{"id":12040,"date":"2023-10-29T14:15:26","date_gmt":"2023-10-29T14:15:26","guid":{"rendered":"https:\/\/azurefilm.com\/product\/30-ostrica-za-aluminij\/"},"modified":"2026-05-03T13:20:36","modified_gmt":"2026-05-03T13:20:36","slug":"30-ostrica-za-aluminij","status":"publish","type":"product","link":"https:\/\/azurefilm.com\/hr\/proizvod\/30-ostrica-za-aluminij\/","title":{"rendered":"30\u00b0 o\u0161trica za aluminij"},"content":{"rendered":"<h2>Karakteristike:<\/h2>\n<ul>\n<li>30\u00b0 o\u0161trica za aluminij idealan je izbor kada \u017eelite posti\u0107i vrhunsku o\u0161trinu za precizan rez. Sa 7 reznih rubova po o\u0161trici, svakim \u0161kljocanjem dobivate novi o\u0161tar rub.<\/li>\n<li>Dizajnirana za maksimalnu u\u010dinkovitost rezanja i idealna je za primjene gdje je potrebna vrhunska o\u0161trina.<\/li>\n<li>Pakirano u 10, dobivate sve za svoj novac. Ovo pakiranje od 10 komada izvrsno je za one koji ne vole \u010desto kupovati o\u0161trice.<\/li>\n<li>Sedam segmenata po o\u0161trici.<\/li>\n<li>70x9x0.4mm<\/li>\n<\/ul>\n<p>&nbsp;<\/p>\n","protected":false},"excerpt":{"rendered":"<p>O\u0161trica od 30\u00b0 za aluminij dizajnirana je za maksimalnu izvedbu rezanja i idealna za primjene gdje je potrebna vrhunska o\u0161trina.<\/p>\n","protected":false},"featured_media":3878,"comment_status":"closed","ping_status":"closed","template":"","meta":{"_acf_changed":false},"product_brand":[],"product_cat":[481,515,482,483],"product_tag":[],"brand":[],"class_list":{"0":"post-12040","1":"product","2":"type-product","3":"status-publish","4":"has-post-thumbnail","6":"product_cat-akcija","7":"product_cat-alati","8":"product_cat-rezervni-dijelovi","9":"product_cat-svi-rezervni-dijelovi","11":"first","12":"instock","13":"sale","14":"taxable","15":"shipping-taxable","16":"purchasable","17":"product-type-simple"},"acf":[],"_links":{"self":[{"href":"https:\/\/azurefilm.com\/hr\/wp-json\/wp\/v2\/product\/12040","targetHints":{"allow":["GET"]}}],"collection":[{"href":"https:\/\/azurefilm.com\/hr\/wp-json\/wp\/v2\/product"}],"about":[{"href":"https:\/\/azurefilm.com\/hr\/wp-json\/wp\/v2\/types\/product"}],"replies":[{"embeddable":true,"href":"https:\/\/azurefilm.com\/hr\/wp-json\/wp\/v2\/comments?post=12040"}],"wp:featuredmedia":[{"embeddable":true,"href":"https:\/\/azurefilm.com\/hr\/wp-json\/wp\/v2\/media\/3878"}],"wp:attachment":[{"href":"https:\/\/azurefilm.com\/hr\/wp-json\/wp\/v2\/media?parent=12040"}],"wp:term":[{"taxonomy":"product_brand","embeddable":true,"href":"https:\/\/azurefilm.com\/hr\/wp-json\/wp\/v2\/product_brand?post=12040"},{"taxonomy":"product_cat","embeddable":true,"href":"https:\/\/azurefilm.com\/hr\/wp-json\/wp\/v2\/product_cat?post=12040"},{"taxonomy":"product_tag","embeddable":true,"href":"https:\/\/azurefilm.com\/hr\/wp-json\/wp\/v2\/product_tag?post=12040"},{"taxonomy":"brand","embeddable":true,"href":"https:\/\/azurefilm.com\/hr\/wp-json\/wp\/v2\/brand?post=12040"}],"curies":[{"name":"wp","href":"https:\/\/api.w.org\/{rel}","templated":true}]}}