
{"id":12042,"date":"2023-10-29T14:15:26","date_gmt":"2023-10-29T14:15:26","guid":{"rendered":"https:\/\/azurefilm.com\/product\/aluminijski-pomocni-noz-30-kut\/"},"modified":"2026-05-03T13:20:36","modified_gmt":"2026-05-03T13:20:36","slug":"aluminijski-pomocni-noz-30-kut","status":"publish","type":"product","link":"https:\/\/azurefilm.com\/hr\/proizvod\/aluminijski-pomocni-noz-30-kut\/","title":{"rendered":"Aluminijski pomo\u0107ni no\u017e (30\u00b0 kut)"},"content":{"rendered":"<h2>Karakteristike aluminijskog pomo\u0107nog no\u017ea (kut 30\u00b0)<\/h2>\n<ul>\n<li style=\"list-style-type: none;\">\n<ul>\n<li>Aluminijsko ku\u0107i\u0161te je izdr\u017eljivo i otporno na hr\u0111u.<\/li>\n<li>Jednostavna izmjena o\u0161trica bez alata s visokokvalitetnim o\u0161tricama koje se lako skidaju.<\/li>\n<li>Usko tijelo za manevriranje i skladi\u0161tenje.<\/li>\n<li>Integrirani Blade Snapper za jednostavno hvatanje o\u0161trice.<\/li>\n<li>Sadr\u017ei automatsko zaklju\u010davanje o\u0161trice, ugra\u0111enu kop\u010du za d\u017eep\/hvataljku o\u0161trice i o\u0161tricu od nehr\u0111aju\u0107eg \u010delika.<\/li>\n<li>Dizajniran za maksimalnu u\u010dinkovitost rezanja i idealan je za primjene gdje je potrebna vrhunska o\u0161trina.<\/li>\n<\/ul>\n<\/li>\n<\/ul>\n","protected":false},"excerpt":{"rendered":"<p>Dizajniran za maksimalnu u\u010dinkovitost rezanja i idealan za primjene gdje je potrebna vrhunska o\u0161trina.<\/p>\n","protected":false},"featured_media":3896,"comment_status":"closed","ping_status":"closed","template":"","meta":{"_acf_changed":false},"product_brand":[],"product_cat":[481,515,513,482,483],"product_tag":[],"brand":[],"class_list":{"0":"post-12042","1":"product","2":"type-product","3":"status-publish","4":"has-post-thumbnail","6":"product_cat-akcija","7":"product_cat-alati","8":"product_cat-naknadna-obrada","9":"product_cat-rezervni-dijelovi","10":"product_cat-svi-rezervni-dijelovi","12":"first","13":"instock","14":"sale","15":"taxable","16":"shipping-taxable","17":"purchasable","18":"product-type-simple"},"acf":[],"_links":{"self":[{"href":"https:\/\/azurefilm.com\/hr\/wp-json\/wp\/v2\/product\/12042","targetHints":{"allow":["GET"]}}],"collection":[{"href":"https:\/\/azurefilm.com\/hr\/wp-json\/wp\/v2\/product"}],"about":[{"href":"https:\/\/azurefilm.com\/hr\/wp-json\/wp\/v2\/types\/product"}],"replies":[{"embeddable":true,"href":"https:\/\/azurefilm.com\/hr\/wp-json\/wp\/v2\/comments?post=12042"}],"wp:featuredmedia":[{"embeddable":true,"href":"https:\/\/azurefilm.com\/hr\/wp-json\/wp\/v2\/media\/3896"}],"wp:attachment":[{"href":"https:\/\/azurefilm.com\/hr\/wp-json\/wp\/v2\/media?parent=12042"}],"wp:term":[{"taxonomy":"product_brand","embeddable":true,"href":"https:\/\/azurefilm.com\/hr\/wp-json\/wp\/v2\/product_brand?post=12042"},{"taxonomy":"product_cat","embeddable":true,"href":"https:\/\/azurefilm.com\/hr\/wp-json\/wp\/v2\/product_cat?post=12042"},{"taxonomy":"product_tag","embeddable":true,"href":"https:\/\/azurefilm.com\/hr\/wp-json\/wp\/v2\/product_tag?post=12042"},{"taxonomy":"brand","embeddable":true,"href":"https:\/\/azurefilm.com\/hr\/wp-json\/wp\/v2\/brand?post=12042"}],"curies":[{"name":"wp","href":"https:\/\/api.w.org\/{rel}","templated":true}]}}