
{"id":12043,"date":"2023-10-29T14:15:26","date_gmt":"2023-10-29T14:15:26","guid":{"rendered":"https:\/\/azurefilm.com\/product\/precizna-pinceta\/"},"modified":"2026-04-02T09:40:45","modified_gmt":"2026-04-02T09:40:45","slug":"precizna-pinceta","status":"publish","type":"product","link":"https:\/\/azurefilm.com\/hr\/proizvod\/precizna-pinceta\/","title":{"rendered":"Precizna pinceta"},"content":{"rendered":"<p>Precizna pinceta, sna\u017ena, izdr\u017eljiva i svestrana, bitna je u svakom priboru za \u010di\u0161\u0107enje za 3D printanje. Savr\u0161ena za po\u010detnike, stru\u010dnjake ili kao prakti\u010dan dar za svakoga tko ima 3D pisa\u010d.<\/p>\n<ul>\n<li><strong>Alat za \u010di\u0161\u0107enje:<\/strong> dodajte svestranu pincetu svom priboru za 3D printanje za u\u010dinkovito uklanjanje potpornog materijala, stvaraju\u0107i \u010distije printeve.<\/li>\n<li><strong>\u010ci\u0161\u0107enje mlaznice:<\/strong> Sprije\u010dite opekotine prstiju prilikom \u010di\u0161\u0107enja mlaznice pisa\u010da i uklanjanja vru\u0107eg filamenta koji curi.<\/li>\n<li><strong>Nehr\u0111aju\u0107i \u010delik:<\/strong> Izra\u0111eni su od \u010dvrstog, visokokvalitetnog nehr\u0111aju\u0107eg \u010delika s premazom za udobno dr\u017eanje.<\/li>\n<li><strong>Preciznost i to\u010dnost:<\/strong> Fini \u010deli\u010dni \u0161iljasti vrhovi alata za print poma\u017eu u prola\u017eenju, podizanju i uklanjanju potpornog materijala na te\u0161ko dostupnim mjestima.<\/li>\n<\/ul>\n","protected":false},"excerpt":{"rendered":"<p>Precizna pinceta je sna\u017ena, izdr\u017eljiva i svestrana, bitna u bilo kojem priboru za \u010di\u0161\u0107enje za 3D printanje. Savr\u0161ena za po\u010detnike, stru\u010dnjake ili prakti\u010dan poklon za svakoga tko ima 3D pisa\u010d.<\/p>\n","protected":false},"featured_media":3909,"comment_status":"closed","ping_status":"closed","template":"","meta":{"_acf_changed":false},"product_brand":[],"product_cat":[481,515,482,483],"product_tag":[],"brand":[],"class_list":{"0":"post-12043","1":"product","2":"type-product","3":"status-publish","4":"has-post-thumbnail","6":"product_cat-akcija","7":"product_cat-alati","8":"product_cat-rezervni-dijelovi","9":"product_cat-svi-rezervni-dijelovi","11":"first","12":"instock","13":"sale","14":"taxable","15":"shipping-taxable","16":"purchasable","17":"product-type-simple"},"acf":[],"_links":{"self":[{"href":"https:\/\/azurefilm.com\/hr\/wp-json\/wp\/v2\/product\/12043","targetHints":{"allow":["GET"]}}],"collection":[{"href":"https:\/\/azurefilm.com\/hr\/wp-json\/wp\/v2\/product"}],"about":[{"href":"https:\/\/azurefilm.com\/hr\/wp-json\/wp\/v2\/types\/product"}],"replies":[{"embeddable":true,"href":"https:\/\/azurefilm.com\/hr\/wp-json\/wp\/v2\/comments?post=12043"}],"wp:featuredmedia":[{"embeddable":true,"href":"https:\/\/azurefilm.com\/hr\/wp-json\/wp\/v2\/media\/3909"}],"wp:attachment":[{"href":"https:\/\/azurefilm.com\/hr\/wp-json\/wp\/v2\/media?parent=12043"}],"wp:term":[{"taxonomy":"product_brand","embeddable":true,"href":"https:\/\/azurefilm.com\/hr\/wp-json\/wp\/v2\/product_brand?post=12043"},{"taxonomy":"product_cat","embeddable":true,"href":"https:\/\/azurefilm.com\/hr\/wp-json\/wp\/v2\/product_cat?post=12043"},{"taxonomy":"product_tag","embeddable":true,"href":"https:\/\/azurefilm.com\/hr\/wp-json\/wp\/v2\/product_tag?post=12043"},{"taxonomy":"brand","embeddable":true,"href":"https:\/\/azurefilm.com\/hr\/wp-json\/wp\/v2\/brand?post=12043"}],"curies":[{"name":"wp","href":"https:\/\/api.w.org\/{rel}","templated":true}]}}