
{"id":12056,"date":"2023-10-29T14:15:26","date_gmt":"2023-10-29T14:15:26","guid":{"rendered":"https:\/\/azurefilm.com\/product\/klijesta-za-stezanje-terminala-alat\/"},"modified":"2026-01-04T12:21:31","modified_gmt":"2026-01-04T12:21:31","slug":"klijesta-za-stezanje-terminala-alat","status":"publish","type":"product","link":"https:\/\/azurefilm.com\/hr\/proizvod\/klijesta-za-stezanje-terminala-alat\/","title":{"rendered":"Klije\u0161ta za stezanje terminala alat"},"content":{"rendered":"<p>Ovaj profesionalni alat za savijanje \u017eice sa samopodesivim klije\u0161tima za stezanje odlikuje se prakti\u010dno\u0161\u0107u, u\u010dinkovito\u0161\u0107u i bezopasno\u0161\u0107u za \u017eile kabela. Jednostavan je za kori\u0161tenje, samo jednom dr\u017eite ru\u010dku i manipulirajte njome kako biste uspje\u0161no \u010dvrsto zategnuli \u017eicu i priklju\u010dne blokove.<\/p>\n<h2><strong>SPECIFIKACIJE:<\/strong><\/h2>\n<ul>\n<li><span style=\"color: #000000;\">Materijal: visokouglji\u010dni \u010delik i legura<\/span><\/li>\n<li><span style=\"color: #000000;\">Boja: \u017euta i crna<\/span><\/li>\n<li>Kapacitet:\u00a00,1-1,0 mm\u00b2<\/li>\n<li>AWG:\u00a028-18AWG<\/li>\n<li>Duljina:\u00a0190mm<\/li>\n<li>Te\u017eina:\u00a00.37kg<\/li>\n<\/ul>\n<h2 style=\"padding: 0px; text-align: start;\"><strong><span style=\"color: #000000;\">ZNA\u010cAJKE:<\/span><\/strong><\/h2>\n<ul>\n<li><span style=\"color: #000000;\">Profesionalni alat za savijanje \u017eice sa samopodesivim zapornim mehanizmom za jednostavno rukovanje.<\/span><\/li>\n<li><span style=\"color: #000000;\">Primjenjivo na ve\u0107inu neizoliranih stezaljki i konektora.<\/span><\/li>\n<li><span style=\"color: #000000;\">Zbog odli\u010dnog polo\u017eaja ru\u010dke za hvatanje, lagana i kompaktna struktura i dizajn ru\u010dke osiguravaju savr\u0161en u\u010dinak savijanja.<\/span><\/li>\n<li><span style=\"color: #000000;\"><span style=\"color: #000000;\">Mehanizam s \u010degrtaljkom s podesivom silom stezanja omogu\u0107uje precizno, ponovljivo savijanje | Slo\u017eeni dizajn daje ve\u0107u snagu stiskanja pri svakom stisku.<\/span><\/span><\/li>\n<li><span style=\"color: #000000;\">Ergonomske ru\u010dke od dva materijala nude udobno i sigurno dr\u017eanje.<\/span><\/li>\n<li><span style=\"color: #000000;\">Idealno za terminale bez lemljenja izolirane najlonom &#8211; Ne preporu\u010duje se kori\u0161tenje s termoskupljaju\u0107im konektorima.<\/span><\/li>\n<\/ul>\n<h2 style=\"dopuna: 0px; text-align: start;\"><span style=\"color: #000000;\"><strong>Kako koristiti:<\/strong><\/span><\/h2>\n<p style=\"padding: 0px; text-align: start;\"><span style=\"color: #000000;\">1. Otvorite alat tako da potpuno stisnete ru\u010dke. Na kraju zatvorenog hoda, zaporni mehanizam \u0107e otpustiti ru\u010dke, a alat \u0107e se oprugom otvoriti.<\/span><\/p>\n<p style=\"padding: 0px; text-align: start;\"><span style=\"color: #000000;\">2. Postavite terminal u odgovaraju\u0107u komoru za savijanje (uskladite \u0161ifru boje s izolacijom terminala).<\/span><\/p>\n<p style=\"padding: 0px; text-align: start;\"><span style=\"color: #000000;\">3. Dr\u017eite terminal u polo\u017eaju i nje\u017eno stisnite ru\u010dke alata dok se \u010degrtaljka dovoljno ne zahvati da dr\u017ei terminal. NEMOJTE deformirati \u017ei\u010danu cijev.<\/span><\/p>\n<p style=\"padding: 0px; text-align: start;\"><span style=\"color: #000000;\">4. Umetnite ogoljenu \u017eicu u cijev terminala i dok dr\u017eite \u017eicu na mjestu, stisnite ru\u010dke zajedno dok se \u010degrtaljka ne oslobodi. Pustite da se ru\u010dke alata otvore i uklonite vi\u0161ak terminala.<\/span><\/p>\n<p style=\"padding: 0px; text-align: start;\">\n","protected":false},"excerpt":{"rendered":"<p><span style=\"color: #000000;\"><strong>Klije\u0161ta za stezanje terminala<\/strong> su profesionalan alat za stezanje \u017eice sa samopodesivim zapornim mehanizmom za jednostavno rukovanje.<\/span><\/p>\n","protected":false},"featured_media":4050,"comment_status":"closed","ping_status":"closed","template":"","meta":{"_acf_changed":false},"product_brand":[],"product_cat":[481,515,482,483],"product_tag":[],"brand":[],"class_list":{"0":"post-12056","1":"product","2":"type-product","3":"status-publish","4":"has-post-thumbnail","6":"product_cat-akcija","7":"product_cat-alati","8":"product_cat-rezervni-dijelovi","9":"product_cat-svi-rezervni-dijelovi","11":"first","12":"instock","13":"sale","14":"taxable","15":"shipping-taxable","16":"purchasable","17":"product-type-simple"},"acf":[],"_links":{"self":[{"href":"https:\/\/azurefilm.com\/hr\/wp-json\/wp\/v2\/product\/12056","targetHints":{"allow":["GET"]}}],"collection":[{"href":"https:\/\/azurefilm.com\/hr\/wp-json\/wp\/v2\/product"}],"about":[{"href":"https:\/\/azurefilm.com\/hr\/wp-json\/wp\/v2\/types\/product"}],"replies":[{"embeddable":true,"href":"https:\/\/azurefilm.com\/hr\/wp-json\/wp\/v2\/comments?post=12056"}],"wp:featuredmedia":[{"embeddable":true,"href":"https:\/\/azurefilm.com\/hr\/wp-json\/wp\/v2\/media\/4050"}],"wp:attachment":[{"href":"https:\/\/azurefilm.com\/hr\/wp-json\/wp\/v2\/media?parent=12056"}],"wp:term":[{"taxonomy":"product_brand","embeddable":true,"href":"https:\/\/azurefilm.com\/hr\/wp-json\/wp\/v2\/product_brand?post=12056"},{"taxonomy":"product_cat","embeddable":true,"href":"https:\/\/azurefilm.com\/hr\/wp-json\/wp\/v2\/product_cat?post=12056"},{"taxonomy":"product_tag","embeddable":true,"href":"https:\/\/azurefilm.com\/hr\/wp-json\/wp\/v2\/product_tag?post=12056"},{"taxonomy":"brand","embeddable":true,"href":"https:\/\/azurefilm.com\/hr\/wp-json\/wp\/v2\/brand?post=12056"}],"curies":[{"name":"wp","href":"https:\/\/api.w.org\/{rel}","templated":true}]}}