
{"id":12072,"date":"2023-10-29T14:15:57","date_gmt":"2023-10-29T14:15:57","guid":{"rendered":"https:\/\/azurefilm.com\/product\/spremnik-za-smolu-za-ld002r\/"},"modified":"2023-10-29T15:31:32","modified_gmt":"2023-10-29T15:31:32","slug":"spremnik-za-smolu-za-ld002r","status":"publish","type":"product","link":"https:\/\/azurefilm.com\/hr\/proizvod\/spremnik-za-smolu-za-ld002r\/","title":{"rendered":"Spremnik za smolu za LD002R"},"content":{"rendered":"<h2><strong>KLJU\u010cNE ZNA\u010cAJKE:<\/strong><\/h2>\n<ul>\n<li>Ba\u010dva od anodizirane aluminijske smole.<\/li>\n<li>Postavljen FEP film i \u010deli\u010dni prsten.<\/li>\n<li>Lako ispu\u0161tanje ostataka smole.<\/li>\n<li>Potpuno metalni okvir i izdr\u017eljiv.<\/li>\n<li>Otvori za pri\u010dvr\u0161\u0107ivanje vijaka, otvori za vijke nalaze se na oba kraja \u017elijeba, \u0161to je zgodno za utovar i istovar u isto vrijeme.<\/li>\n<\/ul>\n","protected":false},"excerpt":{"rendered":"<p><strong>Spremnik za smolu za LD002R<\/strong> s potpuno metalnim okvirom, izdr\u017eljiv, lako ispu\u0161ta ostatak smole.<\/p>\n","protected":false},"featured_media":4198,"comment_status":"closed","ping_status":"closed","template":"","meta":{"_acf_changed":false},"product_brand":[],"product_cat":[481,482,483],"product_tag":[],"brand":[],"class_list":{"0":"post-12072","1":"product","2":"type-product","3":"status-publish","4":"has-post-thumbnail","6":"product_cat-akcija","7":"product_cat-rezervni-dijelovi","8":"product_cat-svi-rezervni-dijelovi","10":"first","11":"instock","12":"sale","13":"taxable","14":"shipping-taxable","15":"purchasable","16":"product-type-simple"},"acf":[],"_links":{"self":[{"href":"https:\/\/azurefilm.com\/hr\/wp-json\/wp\/v2\/product\/12072","targetHints":{"allow":["GET"]}}],"collection":[{"href":"https:\/\/azurefilm.com\/hr\/wp-json\/wp\/v2\/product"}],"about":[{"href":"https:\/\/azurefilm.com\/hr\/wp-json\/wp\/v2\/types\/product"}],"replies":[{"embeddable":true,"href":"https:\/\/azurefilm.com\/hr\/wp-json\/wp\/v2\/comments?post=12072"}],"wp:featuredmedia":[{"embeddable":true,"href":"https:\/\/azurefilm.com\/hr\/wp-json\/wp\/v2\/media\/4198"}],"wp:attachment":[{"href":"https:\/\/azurefilm.com\/hr\/wp-json\/wp\/v2\/media?parent=12072"}],"wp:term":[{"taxonomy":"product_brand","embeddable":true,"href":"https:\/\/azurefilm.com\/hr\/wp-json\/wp\/v2\/product_brand?post=12072"},{"taxonomy":"product_cat","embeddable":true,"href":"https:\/\/azurefilm.com\/hr\/wp-json\/wp\/v2\/product_cat?post=12072"},{"taxonomy":"product_tag","embeddable":true,"href":"https:\/\/azurefilm.com\/hr\/wp-json\/wp\/v2\/product_tag?post=12072"},{"taxonomy":"brand","embeddable":true,"href":"https:\/\/azurefilm.com\/hr\/wp-json\/wp\/v2\/brand?post=12072"}],"curies":[{"name":"wp","href":"https:\/\/api.w.org\/{rel}","templated":true}]}}