
{"id":12080,"date":"2023-10-29T14:16:34","date_gmt":"2023-10-29T14:16:34","guid":{"rendered":"https:\/\/azurefilm.com\/product\/uv-svjetlo-za-sla-pisac\/"},"modified":"2025-09-02T09:03:11","modified_gmt":"2025-09-02T09:03:11","slug":"uv-svjetlo-za-sla-pisac","status":"publish","type":"product","link":"https:\/\/azurefilm.com\/hr\/proizvod\/uv-svjetlo-za-sla-pisac\/","title":{"rendered":"UV svjetlo za SLA pisa\u010d"},"content":{"rendered":"<h2><strong>Klju\u010dne zna\u010dajke:<\/strong><\/h2>\n<ul>\n<li>Ovo UV svjetlo za SLA pisa\u010de sa 6 jakih 405nm UV LED, mo\u017ee brzo o\u010dvrsnuti 405nm UV smolom otisnute objekte.<\/li>\n<li>Unutar 5 cm do svjetla, smola se mo\u017ee stvrdnuti unutar 10-15 sekundi, ali debljim dijelovima treba vi\u0161e vremena.<\/li>\n<li>Materijal visoke \u010dvrsto\u0107e, siguran, ekolo\u0161ki prihvatljiv, jak.<\/li>\n<li>Ovo svjetlo se mo\u017ee primijeniti na DIY ku\u0107i\u0161te za otvrdnjavanje ili koristiti u ruci.<\/li>\n<li>LED UV \u017earulje visokog intenziteta daju sna\u017enu, postojanu i pouzdanu polimeriziraju\u0107u svjetlost.<\/li>\n<li>Prekida\u010d napajanja za jednostavnu upotrebu i kontrolu, \u0161tednju energije.<\/li>\n<li>Dobra svjetlina i kratko vrijeme su\u0161enja. Prikladno za UV stvrdnjavanje, stvrdnjavanje smole. Ru\u010dka uklju\u010duje monta\u017ene rupe za monta\u017eu na bilo koju povr\u0161inu.<\/li>\n<\/ul>\n<h2><strong>Specifikacije:<\/strong><\/h2>\n<ul>\n<li>Vrsta artikla: UV svjetlo za polimeriziranje smole<\/li>\n<li>Ulazni napon: 110-260V<\/li>\n<li>Valna duljina emisije svjetlosti: 405 nm<\/li>\n<li>Svjetlosni izlaz: 6W snage i 60W UV utjecaj<\/li>\n<li>Vrsta svjetiljke: podna UV lampa visoke svjetlosti<\/li>\n<li>Veli\u010dina: 115x85x75mm<\/li>\n<li>Popis pakiranja: 1 kom<\/li>\n<\/ul>\n","protected":false},"excerpt":{"rendered":"<p><strong>UV svjetlo za SLA pisa\u010de<\/strong> mo\u017ee o\u010dvrsnuti smolu unutar 5 cm od svjetla za 10-15 sekundi.<\/p>\n","protected":false},"featured_media":4234,"comment_status":"closed","ping_status":"closed","template":"","meta":{"_acf_changed":false},"product_brand":[],"product_cat":[481,512,482,483],"product_tag":[],"brand":[],"class_list":{"0":"post-12080","1":"product","2":"type-product","3":"status-publish","4":"has-post-thumbnail","6":"product_cat-akcija","7":"product_cat-drugi-proizvodi","8":"product_cat-rezervni-dijelovi","9":"product_cat-svi-rezervni-dijelovi","11":"first","12":"instock","13":"sale","14":"taxable","15":"shipping-taxable","16":"purchasable","17":"product-type-simple"},"acf":[],"_links":{"self":[{"href":"https:\/\/azurefilm.com\/hr\/wp-json\/wp\/v2\/product\/12080","targetHints":{"allow":["GET"]}}],"collection":[{"href":"https:\/\/azurefilm.com\/hr\/wp-json\/wp\/v2\/product"}],"about":[{"href":"https:\/\/azurefilm.com\/hr\/wp-json\/wp\/v2\/types\/product"}],"replies":[{"embeddable":true,"href":"https:\/\/azurefilm.com\/hr\/wp-json\/wp\/v2\/comments?post=12080"}],"wp:featuredmedia":[{"embeddable":true,"href":"https:\/\/azurefilm.com\/hr\/wp-json\/wp\/v2\/media\/4234"}],"wp:attachment":[{"href":"https:\/\/azurefilm.com\/hr\/wp-json\/wp\/v2\/media?parent=12080"}],"wp:term":[{"taxonomy":"product_brand","embeddable":true,"href":"https:\/\/azurefilm.com\/hr\/wp-json\/wp\/v2\/product_brand?post=12080"},{"taxonomy":"product_cat","embeddable":true,"href":"https:\/\/azurefilm.com\/hr\/wp-json\/wp\/v2\/product_cat?post=12080"},{"taxonomy":"product_tag","embeddable":true,"href":"https:\/\/azurefilm.com\/hr\/wp-json\/wp\/v2\/product_tag?post=12080"},{"taxonomy":"brand","embeddable":true,"href":"https:\/\/azurefilm.com\/hr\/wp-json\/wp\/v2\/brand?post=12080"}],"curies":[{"name":"wp","href":"https:\/\/api.w.org\/{rel}","templated":true}]}}