
{"id":12103,"date":"2023-10-29T14:17:05","date_gmt":"2023-10-29T14:17:05","guid":{"rendered":"https:\/\/azurefilm.com\/product\/creality-uw-02-stroj-za-ciscenje-i-susenje\/"},"modified":"2025-02-27T14:50:06","modified_gmt":"2025-02-27T14:50:06","slug":"creality-uw-02-stroj-za-ciscenje-i-susenje","status":"publish","type":"product","link":"https:\/\/azurefilm.com\/hr\/proizvod\/creality-uw-02-stroj-za-ciscenje-i-susenje\/","title":{"rendered":"Creality UW-02 stroj za \u010di\u0161\u0107enje i su\u0161enje"},"content":{"rendered":"<p><span style=\"font-weight: 400;\">UW-02 je sve-u-jednom stroj za pranje i su\u0161enje, dizajniran za u\u010dinkovitost i prakti\u010dnost. S izda\u0161nim \u010dvrstim prostorom od 10,1 in\u010da, napravljen je za smje\u0161taj modela ve\u0107ih dimenzija zbog \u010dega ispunjava zahtjeve velikih projekata 3D modela.<\/span><\/p>\n<h2><strong>Dva u jednom, \u010di\u0161\u0107enje i su\u0161enje<\/strong><\/h2>\n<p><span style=\"font-weight: 400;\">Ovaj stroj nudi dva u jednom rje\u0161enje za \u010di\u0161\u0107enje i su\u0161enje 3D modela. U na\u010dinu rada za pranje, integrira funkciju automatskog \u010di\u0161\u0107enja, pru\u017eaju\u0107i sna\u017ean i temeljit proces \u010di\u0161\u0107enja. Kada je u na\u010dinu rada za su\u0161enje, precizna kontrola svjetla, brzine i vremena osigurava to\u010dno i sveobuhvatno su\u0161enje 3D printanih dijelova.<\/span><\/p>\n<h2><strong>Sveobuhvatno su\u0161enje na 360 stupnjeva<\/strong><\/h2>\n<p><span style=\"font-weight: 400;\">UW-02 je opremljen rotiraju\u0107om platformom s rotacijom od 360 stupnjeva, koja sadr\u017ei 24 dvopojasne UV lampe. Ovaj dizajn osigurava sveobuhvatno su\u0161enje bez mrtvih kuteva, \u0161to pove\u0107ava u\u010dinkovitost procesa su\u0161enja. Dizajn reflektiraju\u0107eg svjetla dodatno pove\u0107ava refleksivnost izvora svjetlosti, ubrzavaju\u0107i su\u0161enje modela.<\/span><\/p>\n<h2><strong>Dvije fleksibilne metode \u010di\u0161\u0107enja<\/strong><\/h2>\n<p><span style=\"font-weight: 400;\">UW-02 nudi dvije fleksibilne metode \u010di\u0161\u0107enja: pranje bez izradne plo\u010de ili pranje zajedno s izradnom plo\u010dom. Njegove sna\u017ene mogu\u0107nosti \u010di\u0161\u0107enja tu su zahvaljuju\u0107i prilago\u0111enoj magnetnoj velikoj lopatici ventilatora, koja osigurava u\u010dinkovito uklanjanje vi\u0161ka smole s povr\u0161ina modela.<\/span><\/p>\n<h2><strong>Ve\u0107i prostor za pranje<\/strong><\/h2>\n<p><span style=\"font-weight: 400;\">Uz ve\u0107i prostor za pranje, UW-02 mo\u017ee primiti ve\u0107e modele za \u010di\u0161\u0107enje. Kompatibilan je sa svim 10,1-in\u010dnim i ni\u017eim SLA 3D pisa\u010dima na tr\u017ei\u0161tu, \u0161to ga \u010dini svestranim dodatkom va\u0161em tijeku rada 3D printanja. Dimenzije prostora za pranje su 240x160x200 mm, \u0161to pru\u017ea dovoljno prostora za modele razli\u010ditih veli\u010dina.<\/span><\/p>\n<h2><strong>Tehni\u010dki detalji:<\/strong><\/h2>\n<ul>\n<li style=\"font-weight: 400;\" aria-level=\"1\"><span style=\"font-weight: 400;\">Veli\u010dina potpuno zatvorenog stroja: 325x295x485mm<\/span><\/li>\n<li style=\"font-weight: 400;\" aria-level=\"1\"><span style=\"font-weight: 400;\">Te\u017eina potpuno zatvorenog: 7.1kg<\/span><\/li>\n<li style=\"font-weight: 400;\" aria-level=\"1\"><span style=\"font-weight: 400;\">Veli\u010dina prostora za pranje: 240x160x200mm<\/span><\/li>\n<li style=\"font-weight: 400;\" aria-level=\"1\"><span style=\"font-weight: 400;\">Veli\u010dina prostora za su\u0161enje: promjer od 200x300mrn<\/span><\/li>\n<li style=\"font-weight: 400;\" aria-level=\"1\"><span style=\"font-weight: 400;\">Maksimalna te\u017eina modela: 2.5kg<\/span><\/li>\n<li style=\"font-weight: 400;\" aria-level=\"1\"><span style=\"font-weight: 400;\">Specifikacije paketa: 381x349x525mm<\/span><\/li>\n<li style=\"font-weight: 400;\" aria-level=\"1\"><span style=\"font-weight: 400;\">Na\u010din rada: \u010di\u0161\u0107enje \/ su\u0161enje<\/span><\/li>\n<li style=\"font-weight: 400;\" aria-level=\"1\"><span style=\"font-weight: 400;\">Brzina: brz \/ konstantna brzina<\/span><\/li>\n<li style=\"font-weight: 400;\" aria-level=\"1\"><span style=\"font-weight: 400;\">Vrijeme: 2min-30min<\/span><\/li>\n<li style=\"font-weight: 400;\" aria-level=\"1\"><span style=\"font-weight: 400;\">SLA valna duljina: 385nm&amp;405nm<\/span><\/li>\n<li style=\"font-weight: 400;\" aria-level=\"1\"><span style=\"font-weight: 400;\">Ulazni napon: 100-240V<\/span><\/li>\n<li style=\"font-weight: 400;\" aria-level=\"1\"><span style=\"font-weight: 400;\">Izlazni konstantni napon: DC 24V<\/span><\/li>\n<li style=\"font-weight: 400;\" aria-level=\"1\"><span style=\"font-weight: 400;\">Snaga napajanja: 60W<\/span><\/li>\n<li style=\"font-weight: 400;\" aria-level=\"1\"><span style=\"font-weight: 400;\">Vrsta ku\u0107i\u0161ta: potpuno zatvoreno<\/span><\/li>\n<li style=\"font-weight: 400;\" aria-level=\"1\"><span style=\"font-weight: 400;\">Materijal platforme za su\u0161enje: zrcalni nehr\u0111aju\u0107i \u010delik<\/span><\/li>\n<li style=\"font-weight: 400;\" aria-level=\"1\"><span style=\"font-weight: 400;\">Materijal prostora za pranje: PP<\/span><\/li>\n<li style=\"font-weight: 400;\" aria-level=\"1\"><span style=\"font-weight: 400;\">Podr\u017eani jezici: kineski \/ engleski<\/span><\/li>\n<li style=\"font-weight: 400;\" aria-level=\"1\"><span style=\"font-weight: 400;\">Kontrolni programski sustav: Windows 7 ili noviji<\/span><\/li>\n<\/ul>\n","protected":false},"excerpt":{"rendered":"<p><strong>Creality UW-02 stroj za pranje i su\u0161enje<\/strong> namijenjen je \u010di\u0161\u0107enju i su\u0161enju va\u0161ih 3D modela isprintanih DLP 3D pisa\u010dima.<\/p>\n","protected":false},"featured_media":4389,"comment_status":"closed","ping_status":"closed","template":"","meta":{"_acf_changed":false},"product_brand":[],"product_cat":[481,815],"product_tag":[],"brand":[],"class_list":{"0":"post-12103","1":"product","2":"type-product","3":"status-publish","4":"has-post-thumbnail","6":"product_cat-akcija","7":"product_cat-nekategorizirano","9":"first","10":"outofstock","11":"sale","12":"taxable","13":"shipping-taxable","14":"purchasable","15":"product-type-simple"},"acf":[],"_links":{"self":[{"href":"https:\/\/azurefilm.com\/hr\/wp-json\/wp\/v2\/product\/12103","targetHints":{"allow":["GET"]}}],"collection":[{"href":"https:\/\/azurefilm.com\/hr\/wp-json\/wp\/v2\/product"}],"about":[{"href":"https:\/\/azurefilm.com\/hr\/wp-json\/wp\/v2\/types\/product"}],"replies":[{"embeddable":true,"href":"https:\/\/azurefilm.com\/hr\/wp-json\/wp\/v2\/comments?post=12103"}],"wp:featuredmedia":[{"embeddable":true,"href":"https:\/\/azurefilm.com\/hr\/wp-json\/wp\/v2\/media\/4389"}],"wp:attachment":[{"href":"https:\/\/azurefilm.com\/hr\/wp-json\/wp\/v2\/media?parent=12103"}],"wp:term":[{"taxonomy":"product_brand","embeddable":true,"href":"https:\/\/azurefilm.com\/hr\/wp-json\/wp\/v2\/product_brand?post=12103"},{"taxonomy":"product_cat","embeddable":true,"href":"https:\/\/azurefilm.com\/hr\/wp-json\/wp\/v2\/product_cat?post=12103"},{"taxonomy":"product_tag","embeddable":true,"href":"https:\/\/azurefilm.com\/hr\/wp-json\/wp\/v2\/product_tag?post=12103"},{"taxonomy":"brand","embeddable":true,"href":"https:\/\/azurefilm.com\/hr\/wp-json\/wp\/v2\/brand?post=12103"}],"curies":[{"name":"wp","href":"https:\/\/api.w.org\/{rel}","templated":true}]}}