
{"id":12143,"date":"2023-10-29T14:18:08","date_gmt":"2023-10-29T14:18:08","guid":{"rendered":"https:\/\/azurefilm.com\/product\/modix-big-60-v3\/"},"modified":"2023-10-29T15:33:38","modified_gmt":"2023-10-29T15:33:38","slug":"modix-big-60-v3","status":"publish","type":"product","link":"https:\/\/azurefilm.com\/hr\/proizvod\/modix-big-60-v3\/","title":{"rendered":"Modix BIG-60 V3"},"content":{"rendered":"<h2><strong>Modix BIG-60 V3: pristupa\u010dan i nadogra\u0111en<\/strong><\/h2>\n<p><span style=\"font-weight: 400;\">Modix BIG-60, predstavljen 2017. godine i sada u svojoj tre\u0107oj verziji (V3), nudi dobitnu kombinaciju prostranog izradnog volumena, vrhunskih komponenti i atraktivne cijene. Pobolj\u0161anja uvedena u V3 prenose se na ostale modele u liniji.<\/span><\/p>\n<h2><strong>Klju\u010dne zna\u010dajke:<\/strong><\/h2>\n<ul>\n<li style=\"font-weight: 400;\" aria-level=\"1\"><span style=\"font-weight: 400;\">Griffin ispisna glava: preciznost printanja s Griffin ispisnom glavom.<\/span><\/li>\n<li style=\"font-weight: 400;\" aria-level=\"1\"><span style=\"font-weight: 400;\">PT-1000 nadogradnja: pobolj\u0161an s PT-1000 (zamjena za PT-100).<\/span><\/li>\n<li style=\"font-weight: 400;\" aria-level=\"1\"><span style=\"font-weight: 400;\">Detektor za\u010depljenja: opremljen detektorom za\u010depljenja za sprje\u010davanje problema tijekom printanja.<\/span><\/li>\n<li style=\"font-weight: 400;\" aria-level=\"1\"><span style=\"font-weight: 400;\">Detektor sudara: sadr\u017ei detektor sudara za dodatnu sigurnost i pouzdanost.<\/span><\/li>\n<\/ul>\n<p>&nbsp;<\/p>\n","protected":false},"excerpt":{"rendered":"<p>Modix BIG-60 V3 predstavlja konkurentnu mje\u0161avinu velikog volumena izrade, vrhunskih komponenti i pristupa\u010dne cijene.<\/p>\n","protected":false},"featured_media":4781,"comment_status":"closed","ping_status":"closed","template":"","meta":{"_acf_changed":false},"product_brand":[],"product_cat":[453,457,466,472,456],"product_tag":[],"brand":[],"class_list":{"0":"post-12143","1":"product","2":"type-product","3":"status-publish","4":"has-post-thumbnail","6":"product_cat-3d-printer","7":"product_cat-fdm-printer","8":"product_cat-modix-fdm-pisaci","9":"product_cat-profesionalni-3d-pisaci","10":"product_cat-svi-3d-pisaci","12":"first","13":"instock","14":"taxable","15":"shipping-taxable","16":"purchasable","17":"product-type-simple"},"acf":[],"_links":{"self":[{"href":"https:\/\/azurefilm.com\/hr\/wp-json\/wp\/v2\/product\/12143","targetHints":{"allow":["GET"]}}],"collection":[{"href":"https:\/\/azurefilm.com\/hr\/wp-json\/wp\/v2\/product"}],"about":[{"href":"https:\/\/azurefilm.com\/hr\/wp-json\/wp\/v2\/types\/product"}],"replies":[{"embeddable":true,"href":"https:\/\/azurefilm.com\/hr\/wp-json\/wp\/v2\/comments?post=12143"}],"wp:featuredmedia":[{"embeddable":true,"href":"https:\/\/azurefilm.com\/hr\/wp-json\/wp\/v2\/media\/4781"}],"wp:attachment":[{"href":"https:\/\/azurefilm.com\/hr\/wp-json\/wp\/v2\/media?parent=12143"}],"wp:term":[{"taxonomy":"product_brand","embeddable":true,"href":"https:\/\/azurefilm.com\/hr\/wp-json\/wp\/v2\/product_brand?post=12143"},{"taxonomy":"product_cat","embeddable":true,"href":"https:\/\/azurefilm.com\/hr\/wp-json\/wp\/v2\/product_cat?post=12143"},{"taxonomy":"product_tag","embeddable":true,"href":"https:\/\/azurefilm.com\/hr\/wp-json\/wp\/v2\/product_tag?post=12143"},{"taxonomy":"brand","embeddable":true,"href":"https:\/\/azurefilm.com\/hr\/wp-json\/wp\/v2\/brand?post=12143"}],"curies":[{"name":"wp","href":"https:\/\/api.w.org\/{rel}","templated":true}]}}