
{"id":12158,"date":"2023-10-29T14:20:10","date_gmt":"2023-10-29T14:20:10","guid":{"rendered":"https:\/\/azurefilm.com\/product\/carbon-fiber-paht-filament\/"},"modified":"2025-12-23T02:12:53","modified_gmt":"2025-12-23T02:12:53","slug":"carbon-fiber-paht-filament","status":"publish","type":"product","link":"https:\/\/azurefilm.com\/hr\/proizvod\/carbon-fiber-paht-filament\/","title":{"rendered":"Carbon Fiber PAHT filament"},"content":{"rendered":"<h2><b>Carbon Fiber PAHT filamenti<\/b><\/h2>\n<p><span style=\"font-weight: 400;\">PAHT filamenti od karbonskih vlakana sadr\u017ee najlonska i karbonska vlakna koja su prikladna za 3D printanje. Ovi su filamenti popularni zbog svojih mehani\u010dkih svojstava poput <\/span><b>izvrsne otpornosti na abraziju, dobre kemijske otpornosti i otpornosti na udarce, visoke \u010dvrsto\u0107e i krutosti<\/b><span style=\"font-weight: 400;\">. Karbonska vlakna PAHT omogu\u0107uju <\/span><b>kontinuiranu upotrebu do 160\u00b0C <\/b><span style=\"font-weight: 400;\">(maks. 200 sati).\u00a0<\/span><\/p>\n<p><span style=\"font-weight: 400;\">Zbog svojih svojstava, PAHT od karbonskih vlakana mo\u017ee se koristiti za mnoge razli\u010dite primjene kao \u0161to su funkcionalni prototipovi, u\u010dvr\u0161\u0107enja i alati, kompozitni kalupi, lagane komponente, okru\u017eenja visoke temperature i dijelovi izlo\u017eeni naprezanju.<\/span><\/p>\n<p><span style=\"font-weight: 400;\">Budu\u0107i da je debljina vlakana u rasponu od 0,4 mm do 0,6 mm, preporu\u010dujemo upotrebu mlaznice od 0,6 mm <\/span><b>otporne na abraziju<\/b><span style=\"font-weight: 400;\">. Karbonska vlakna PAHT mogu se printati bez zatvorenog pisa\u010da, ali  <\/span><b>preporu\u010dujemo kori\u0161tenje ku\u0107i\u0161ta ili zatvorenog 3D pisa\u010da za bolje rezultate<\/b><span style=\"font-weight: 400;\">.<\/span><\/p>\n<h3><strong>Carbon Fiber PAHT filament<\/strong><\/h3>\n<p>Isprobajte na\u0161 Carbon Fiber PAHT filament dizajniran za print visokih performansi i stvaranje privla\u010dnog mat crnog dizajna.<\/p>\n<p><span style=\"font-weight: 400;\">Kako biste saznali vi\u0161e o Carbon Fiber filamentima, pro\u010ditajte na\u0161 <a href=\"https:\/\/azurefilm.com\/hr\/2023\/07\/26\/carbon-fiber-filamenti\/\">blog<\/a>. <\/span><span style=\"font-weight: 400;\"><br \/>\n<\/span><\/p>\n<p><span style=\"font-weight: 400;\">Ovdje mo\u017eete pristupiti<a href=\"https:\/\/azurefilm.com\/hr\/technical-data-sheets\/\"> tehni\u010dkim informacijama<\/a>.<\/span><\/p>\n<h3><strong>Preporuke za printanje:<\/strong><\/h3>\n<ul>\n<li style=\"font-weight: 400;\" aria-level=\"1\"><span style=\"font-weight: 400;\">Za najbolje rezultate, printati na 270\u2013290\u00b0C.<\/span><\/li>\n<li style=\"font-weight: 400;\" aria-level=\"1\"><span style=\"font-weight: 400;\">Preporu\u010dena temperatura postolja za printanje je 90\u2013120\u00b0C.\u00a0<\/span><\/li>\n<li style=\"font-weight: 400;\" aria-level=\"1\"><span style=\"font-weight: 400;\">Koristite stakleno postolje, Kapton ili plavu traku za izradnu platformu s Dimafix sprejem.<\/span><\/li>\n<li style=\"font-weight: 400;\" aria-level=\"1\"><span style=\"font-weight: 400;\">Preporu\u010dujemo upotrebu mlaznice otporne na abraziju od najmanje 0,6mm.<\/span><\/li>\n<\/ul>\n<p><i><span style=\"font-weight: 400;\">*Idealna temperatura mo\u017ee varirati ovisno o kori\u0161tenom pisa\u010du.<\/span><\/i><\/p>\n<h3><strong>Dodatni zahtjevi za rad s Carbon Fiber PAHT filamentima:<\/strong><\/h3>\n<ul>\n<li style=\"font-weight: 400;\" aria-level=\"1\"><span style=\"font-weight: 400;\">Grijano ispisno postolje.<\/span><\/li>\n<li style=\"font-weight: 400;\" aria-level=\"1\"><span style=\"font-weight: 400;\">Stvrdnuta mlaznica \u2013 zbog svoje abrazivne strukture, filament \u0107e brzo istro\u0161iti standardnu mjedenu mlaznicu. Trebat \u0107e vam mlaznica koja se ne\u0107e za\u010depiti (0,6mm) i koja mo\u017ee podnijeti visoke temperature.<\/span><\/li>\n<li style=\"font-weight: 400;\" aria-level=\"1\"><span style=\"font-weight: 400;\">Grijana komora za filament nije obavezna, ali za najbolju kvalitetu krajnjeg proizvoda preporu\u010dujemo da filamente cijelo vrijeme dr\u017eite na suhom mjestu.<\/span><\/li>\n<li style=\"font-weight: 400;\" aria-level=\"1\"><span style=\"font-weight: 400;\">Zatvoreno radno okru\u017eenje \u2013 osiguravanje dosljednog kontroliranog okru\u017eenja nije obavezno, ali se toplo preporu\u010duje.\u00a0<\/span><\/li>\n<\/ul>\n","protected":false},"excerpt":{"rendered":"<p>Isprobajte na\u0161 Carbon Fiber PAHT filament dizajniran za print visokih performansi i stvaranje privla\u010dnog mat crnog dizajna.<\/p>\n","protected":false},"featured_media":5100,"comment_status":"closed","ping_status":"closed","template":"","meta":{"_acf_changed":false},"product_brand":[],"product_cat":[375,481,380,381,377],"product_tag":[],"brand":[267],"class_list":{"0":"post-12158","1":"product","2":"type-product","3":"status-publish","4":"has-post-thumbnail","6":"product_cat-3d-filamenti-hr","7":"product_cat-akcija","8":"product_cat-carbon-fiber-filamenti-hr","9":"product_cat-carbon-fiber-paht-hr","10":"product_cat-svi-filamenti","11":"pa_colour-black","12":"pa_filament-diameter-1-75mm","13":"pa_filament-diameter-2-85mm","14":"pa_filament-weight-500g","15":"pa_filament-weight-750g","16":"brand-azurefilm","18":"first","19":"instock","20":"sale","21":"taxable","22":"shipping-taxable","23":"purchasable","24":"product-type-variable","25":"has-default-attributes"},"acf":[],"_links":{"self":[{"href":"https:\/\/azurefilm.com\/hr\/wp-json\/wp\/v2\/product\/12158","targetHints":{"allow":["GET"]}}],"collection":[{"href":"https:\/\/azurefilm.com\/hr\/wp-json\/wp\/v2\/product"}],"about":[{"href":"https:\/\/azurefilm.com\/hr\/wp-json\/wp\/v2\/types\/product"}],"replies":[{"embeddable":true,"href":"https:\/\/azurefilm.com\/hr\/wp-json\/wp\/v2\/comments?post=12158"}],"wp:featuredmedia":[{"embeddable":true,"href":"https:\/\/azurefilm.com\/hr\/wp-json\/wp\/v2\/media\/5100"}],"wp:attachment":[{"href":"https:\/\/azurefilm.com\/hr\/wp-json\/wp\/v2\/media?parent=12158"}],"wp:term":[{"taxonomy":"product_brand","embeddable":true,"href":"https:\/\/azurefilm.com\/hr\/wp-json\/wp\/v2\/product_brand?post=12158"},{"taxonomy":"product_cat","embeddable":true,"href":"https:\/\/azurefilm.com\/hr\/wp-json\/wp\/v2\/product_cat?post=12158"},{"taxonomy":"product_tag","embeddable":true,"href":"https:\/\/azurefilm.com\/hr\/wp-json\/wp\/v2\/product_tag?post=12158"},{"taxonomy":"brand","embeddable":true,"href":"https:\/\/azurefilm.com\/hr\/wp-json\/wp\/v2\/brand?post=12158"}],"curies":[{"name":"wp","href":"https:\/\/api.w.org\/{rel}","templated":true}]}}