
{"id":12159,"date":"2023-10-29T14:20:10","date_gmt":"2023-10-29T14:20:10","guid":{"rendered":"https:\/\/azurefilm.com\/product\/carbon-fiber-pet-filament\/"},"modified":"2026-01-08T10:28:59","modified_gmt":"2026-01-08T10:28:59","slug":"carbon-fiber-pet-filament","status":"publish","type":"product","link":"https:\/\/azurefilm.com\/hr\/proizvod\/carbon-fiber-pet-filament\/","title":{"rendered":"Carbon Fiber PET filament"},"content":{"rendered":"<h2><strong>Carbon Fiber PET filamenti<\/strong><\/h2>\n<p><span style=\"font-weight: 400;\">PET filamenti od karbonskih vlakana izra\u0111eni su od PET-a (polietilen tereftalata) i karbonskih vlakana. Ovi filamenti imaju <\/span><b>usitnjenu strukturu oja\u010danu karbonskim vlaknima<\/b><span style=\"font-weight: 400;\"> \u0161to ih \u010dini <\/span><b>superiornim u udarnoj \u017eilavosti, \u010dvrsto\u0107i i slabom upijanju vode<\/b><span style=\"font-weight: 400;\">. PET od karbonskih vlakana omogu\u0107uje <\/span><b>kontinuiranu upotrebu od 3 sata do 125\u00b0C <\/b><span style=\"font-weight: 400;\"> i <\/span><b>kontinuiranu upotrebu od 10 sati do 100\u00b0C<\/b><span style=\"font-weight: 400;\">.\u00a0<\/span><\/p>\n<p><span style=\"font-weight: 400;\">Zbog svojih svojstava, PET od karbonskih vlakana ima mnogo razli\u010ditih primjena kao \u0161to su funkcionalni prototipovi, mehani\u010dki dijelovi, komponente robotike, dronovi i bespilotne letjelice, automobilski dijelovi, zrakoplovne komponente, sportska oprema, industrijski alati, elektri\u010dna ku\u0107i\u0161ta, prilago\u0111eni ure\u0111aji i dodaci.\u00a0<\/span><\/p>\n<p><span style=\"font-weight: 400;\">Budu\u0107i da je debljina vlakana u rasponu od 0,4 mm do 0,6 mm, <\/span><b>preporu\u010dujemo upotrebu mlaznice od 0,6 mm otporne na abraziju<\/b><span style=\"font-weight: 400;\">. Karbonska vlakna PAHT mogu se printati bez zatvorenog pisa\u010da, <\/span><b>ali preporu\u010dujemo kori\u0161tenje ku\u0107i\u0161ta ili zatvorenog 3D pisa\u010da za bolje rezultate<\/b><span style=\"font-weight: 400;\">.<\/span><\/p>\n<h3><strong>Carbon Fiber PET filament<\/strong><\/h3>\n<p>Pobolj\u0161ajte svoje projekte printanja s estetskim i naprednim Carbon Fiber PET filamentom.<\/p>\n<p><span style=\"font-weight: 400;\">Kako biste saznali vi\u0161e o Carbon fiber filamentima, pro\u010ditajte na\u0161 <a href=\"https:\/\/azurefilm.com\/hr\/2023\/07\/26\/carbon-fiber-filamenti\/\">blog<\/a>. <\/span><span style=\"font-weight: 400;\"><br \/>\n<\/span><\/p>\n<p><span style=\"font-weight: 400;\">Ovdje mo\u017eete pristupiti<a href=\"https:\/\/azurefilm.com\/hr\/technical-data-sheets\/\"> tehni\u010dkim informacijama<\/a>.<\/span><\/p>\n<h3><strong>Preporuke za printanje:<\/strong><\/h3>\n<ul>\n<li style=\"font-weight: 400;\" aria-level=\"1\"><span style=\"font-weight: 400;\">Za najbolje rezultate, printati na 245\u2013270\u00b0C.\u00a0<\/span><\/li>\n<li style=\"font-weight: 400;\" aria-level=\"1\"><span style=\"font-weight: 400;\">Preporu\u010dena temperatura postolja za printanje je 80\u201390\u00b0C.\u00a0<\/span><\/li>\n<li style=\"font-weight: 400;\" aria-level=\"1\"><span style=\"font-weight: 400;\">Koristite stakleno postolje, Kapton ili plavu traku za izradnu platformu s Dimafix sprejem.<\/span><\/li>\n<li style=\"font-weight: 400;\" aria-level=\"1\"><span style=\"font-weight: 400;\">Preporu\u010dujemo upotrebu mlaznice otporne na abraziju od najmanje 0,6mm.<\/span><\/li>\n<\/ul>\n<p><i><span style=\"font-weight: 400;\">*Idealna temperatura mo\u017ee varirati ovisno o kori\u0161tenom pisa\u010du.<\/span><\/i><\/p>\n<h3><strong>Dodatni zahtjevi za rad s Carbon Fiber PET filamentima:<\/strong><\/h3>\n<ul>\n<li style=\"font-weight: 400;\" aria-level=\"1\"><span style=\"font-weight: 400;\">Grijano ispisno postolje.<\/span><\/li>\n<li style=\"font-weight: 400;\" aria-level=\"1\"><span style=\"font-weight: 400;\">Stvrdnuta mlaznica \u2013 zbog svoje abrazivne strukture, filament \u0107e brzo istro\u0161iti standardnu mjedenu mlaznicu. Trebat \u0107e vam mlaznica koja se ne\u0107e za\u010depiti (0,6mm) i koja mo\u017ee podnijeti visoke temperature.<\/span><\/li>\n<li style=\"font-weight: 400;\" aria-level=\"1\"><span style=\"font-weight: 400;\">Grijana komora za filament nije obavezna, ali za najbolju kvalitetu krajnjeg proizvoda preporu\u010dujemo da filamente cijelo vrijeme dr\u017eite na suhom mjestu.<\/span><\/li>\n<li style=\"font-weight: 400;\" aria-level=\"1\"><span style=\"font-weight: 400;\">Zatvoreno radno okru\u017eenje \u2013 osiguravanje dosljednog kontroliranog okru\u017eenja nije obavezno, ali se toplo preporu\u010duje. <\/span><\/li>\n<\/ul>\n","protected":false},"excerpt":{"rendered":"<p>Pobolj\u0161ajte svoje projekte printanja s estetskim i naprednim Carbon Fiber PET filamentom.<\/p>\n","protected":false},"featured_media":5136,"comment_status":"closed","ping_status":"closed","template":"","meta":{"_acf_changed":false},"product_brand":[],"product_cat":[375,481,380,382,377],"product_tag":[],"brand":[267],"class_list":{"0":"post-12159","1":"product","2":"type-product","3":"status-publish","4":"has-post-thumbnail","6":"product_cat-3d-filamenti-hr","7":"product_cat-akcija","8":"product_cat-carbon-fiber-filamenti-hr","9":"product_cat-carbon-fiber-pet-hr","10":"product_cat-svi-filamenti","11":"pa_colour-black","12":"pa_filament-diameter-1-75mm","13":"pa_filament-diameter-2-85mm","14":"pa_filament-weight-1000g","15":"pa_filament-weight-500g","16":"brand-azurefilm","18":"first","19":"instock","20":"sale","21":"taxable","22":"shipping-taxable","23":"purchasable","24":"product-type-variable","25":"has-default-attributes"},"acf":[],"_links":{"self":[{"href":"https:\/\/azurefilm.com\/hr\/wp-json\/wp\/v2\/product\/12159","targetHints":{"allow":["GET"]}}],"collection":[{"href":"https:\/\/azurefilm.com\/hr\/wp-json\/wp\/v2\/product"}],"about":[{"href":"https:\/\/azurefilm.com\/hr\/wp-json\/wp\/v2\/types\/product"}],"replies":[{"embeddable":true,"href":"https:\/\/azurefilm.com\/hr\/wp-json\/wp\/v2\/comments?post=12159"}],"wp:featuredmedia":[{"embeddable":true,"href":"https:\/\/azurefilm.com\/hr\/wp-json\/wp\/v2\/media\/5136"}],"wp:attachment":[{"href":"https:\/\/azurefilm.com\/hr\/wp-json\/wp\/v2\/media?parent=12159"}],"wp:term":[{"taxonomy":"product_brand","embeddable":true,"href":"https:\/\/azurefilm.com\/hr\/wp-json\/wp\/v2\/product_brand?post=12159"},{"taxonomy":"product_cat","embeddable":true,"href":"https:\/\/azurefilm.com\/hr\/wp-json\/wp\/v2\/product_cat?post=12159"},{"taxonomy":"product_tag","embeddable":true,"href":"https:\/\/azurefilm.com\/hr\/wp-json\/wp\/v2\/product_tag?post=12159"},{"taxonomy":"brand","embeddable":true,"href":"https:\/\/azurefilm.com\/hr\/wp-json\/wp\/v2\/brand?post=12159"}],"curies":[{"name":"wp","href":"https:\/\/api.w.org\/{rel}","templated":true}]}}