
{"id":12163,"date":"2023-10-29T14:20:10","date_gmt":"2023-10-29T14:20:10","guid":{"rendered":"https:\/\/azurefilm.com\/product\/unset-pla-strongman\/"},"modified":"2025-10-15T15:37:15","modified_gmt":"2025-10-15T15:37:15","slug":"unset-pla-strongman","status":"publish","type":"product","link":"https:\/\/azurefilm.com\/hr\/proizvod\/unset-pla-strongman\/","title":{"rendered":"Unset PLA Strongman"},"content":{"rendered":"<h2><b>PLA Strongman<\/b><\/h2>\n<p><span style=\"font-weight: 400;\">PLA Strongman filament je <\/span><b>jedinstveni materijal<\/b><span style=\"font-weight: 400;\"> koji je<\/span><b> \u010dvrst, otporan na udarce<\/b><span style=\"font-weight: 400;\">, a opet <\/span><b>vrlo jednostavan za printanje. <\/b><span style=\"font-weight: 400;\">Prije uvo\u0111enja PLA Strongman filamenta niti jedan drugi filament nije nudio kombinaciju jednostavnog printanja i izvrsnih mehani\u010dkih svojstava. U suradnji s vode\u0107im sveu\u010dili\u0161tem specijaliziranim za karakterizaciju polimera, razvili smo ovaj izvanredan filament koji je sada <\/span><b>one of the<\/b> <b>jedan od najprodavanijih materijala<\/b><span style=\"font-weight: 400;\">.<\/span><\/p>\n<h2><b>Unset PLA Strongman<\/b><\/h2>\n<p><span style=\"font-weight: 400;\">AzureFilm Unset filamenti omogu\u0107uju vam kori\u0161tenje <\/span><b>ekolo\u0161ki prihvatljivih<\/b><span style=\"font-weight: 400;\"> opcija za va\u0161e nadolaze\u0107e projekte. Ovi <\/span><b>ekolo\u0161ki osvije\u0161teni<\/b><span style=\"font-weight: 400;\"> filamenti stvoreni su od vi\u0161ka materijala koje dobivamo tijekom proizvodnih procesa, \u0161to ih \u010dini odr\u017eivim izborom. Kori\u0161tenjem <\/span><b>100% recikliranih materijala<\/b><span style=\"font-weight: 400;\">, Unset filamenti doprinose smanjenju otpada. Svaka narud\u017eba donosi jedinstvenu boju.<\/span><\/p>\n<p><span style=\"font-weight: 400;\">Kako biste saznali vi\u0161e o PLA filamentima, pro\u010ditajte na\u0161 <a href=\"https:\/\/azurefilm.com\/hr\/2023\/07\/04\/pla-filamenti\/\" target=\"_blank\" rel=\"noopener\">blog<\/a>. <\/span><\/p>\n<p><span style=\"font-weight: 400;\">Ovdje mo\u017eete pristupiti<a href=\"https:\/\/azurefilm.com\/hr\/technical-data-sheets\/\" target=\"_blank\" rel=\"noopener\"> tehni\u010dkim informacijama<\/a>.<\/span><\/p>\n<h3><strong>Preporuke za printanje:<\/strong><\/h3>\n<ul>\n<li style=\"font-weight: 400;\" aria-level=\"1\"><span style=\"font-weight: 400;\">Printajte na temperaturi od 200\u2013230\u00b0C za najbolje rezultate.* <\/span><\/li>\n<li style=\"font-weight: 400;\" aria-level=\"1\"><span style=\"font-weight: 400;\">Preporu\u010dena temperatura postolja za printanje je 50\u201360\u00b0C.<\/span><\/li>\n<li style=\"font-weight: 400;\" aria-level=\"1\"><span style=\"font-weight: 400;\">Koristite stakleno postolje, PEI plo\u010du, kapton ili plavu traku za izradnu platformu s 3Dlac sprejem.<\/span><\/li>\n<\/ul>\n<p><i><span style=\"font-weight: 400;\">*Idealna temperatura mo\u017ee varirati ovisno o kori\u0161tenom pisa\u010du.<\/span><\/i><\/p>\n","protected":false},"excerpt":{"rendered":"<p>Doprinesite odr\u017eivom na\u010dinu \u017eivota i nabavite na\u0161 reciklirani Unset PLA Strongman.<\/p>\n","protected":false},"featured_media":114540,"comment_status":"closed","ping_status":"closed","template":"","meta":{"_acf_changed":false},"product_brand":[],"product_cat":[411,375,481,1565,402,377,445,452],"product_tag":[1525,1534,1529],"brand":[],"class_list":{"0":"post-12163","1":"product","2":"type-product","3":"status-publish","4":"has-post-thumbnail","6":"product_cat-pla-strongman-hr","7":"product_cat-3d-filamenti-hr","8":"product_cat-akcija","9":"product_cat-eko-filamenti-hr","10":"product_cat-pla-filamenti-hr","11":"product_cat-svi-filamenti","12":"product_cat-unset-filamenti-hr","13":"product_cat-unset-pla-strongman-hr","14":"product_tag-eko-hr","15":"product_tag-high-speed","16":"product_tag-nasumicna-boja","17":"pa_colour-random","18":"pa_filament-diameter-1-75mm","19":"pa_filament-weight-1000g","21":"first","22":"instock","23":"sale","24":"taxable","25":"shipping-taxable","26":"purchasable","27":"product-type-variable","28":"has-default-attributes"},"acf":[],"_links":{"self":[{"href":"https:\/\/azurefilm.com\/hr\/wp-json\/wp\/v2\/product\/12163","targetHints":{"allow":["GET"]}}],"collection":[{"href":"https:\/\/azurefilm.com\/hr\/wp-json\/wp\/v2\/product"}],"about":[{"href":"https:\/\/azurefilm.com\/hr\/wp-json\/wp\/v2\/types\/product"}],"replies":[{"embeddable":true,"href":"https:\/\/azurefilm.com\/hr\/wp-json\/wp\/v2\/comments?post=12163"}],"wp:featuredmedia":[{"embeddable":true,"href":"https:\/\/azurefilm.com\/hr\/wp-json\/wp\/v2\/media\/114540"}],"wp:attachment":[{"href":"https:\/\/azurefilm.com\/hr\/wp-json\/wp\/v2\/media?parent=12163"}],"wp:term":[{"taxonomy":"product_brand","embeddable":true,"href":"https:\/\/azurefilm.com\/hr\/wp-json\/wp\/v2\/product_brand?post=12163"},{"taxonomy":"product_cat","embeddable":true,"href":"https:\/\/azurefilm.com\/hr\/wp-json\/wp\/v2\/product_cat?post=12163"},{"taxonomy":"product_tag","embeddable":true,"href":"https:\/\/azurefilm.com\/hr\/wp-json\/wp\/v2\/product_tag?post=12163"},{"taxonomy":"brand","embeddable":true,"href":"https:\/\/azurefilm.com\/hr\/wp-json\/wp\/v2\/brand?post=12163"}],"curies":[{"name":"wp","href":"https:\/\/api.w.org\/{rel}","templated":true}]}}