
{"id":12164,"date":"2023-10-29T14:20:10","date_gmt":"2023-10-29T14:20:10","guid":{"rendered":"https:\/\/azurefilm.com\/product\/unset-pla-silk\/"},"modified":"2026-04-13T19:11:35","modified_gmt":"2026-04-13T19:11:35","slug":"unset-pla-silk","status":"publish","type":"product","link":"https:\/\/azurefilm.com\/hr\/proizvod\/unset-pla-silk\/","title":{"rendered":"Unset PLA Silk"},"content":{"rendered":"<h2><b>PLA Silk<\/b><\/h2>\n<p><span style=\"font-weight: 400;\">Upoznajte na\u0161e PLA Silk filamente, posebno izdanje na\u0161e PLA Original linije. PLA Silk filamenti imaju posebne dodatke klasi\u010dnim PLA filamentima koji daju izgled <\/span><b>sjajne, blago prozirne i svilenkaste povr\u0161ine<\/b><span style=\"font-weight: 400;\">. \u0160tovi\u0161e, ovaj materijal <\/span><b>poma\u017ee prikriti prijelaze izme\u0111u slojeva<\/b><span style=\"font-weight: 400;\"> prilikom printanja. PLA Silk filamenti imaju sve tradicionalne PLA karakteristike i daju <\/span><b>dosljedne rezultate<\/b><span style=\"font-weight: 400;\">. Oni su najbolji izbor za 3D printanje ukrasnih elemenata poput vaza, figurica, dodataka, ku\u0107nih gadgeta i jo\u0161 mnogo toga.<\/span><\/p>\n<h2><b>Unset PLA Silk<\/b><\/h2>\n<p><span style=\"font-weight: 400;\">Unset filamenti su va\u0161 <\/span><b>ekolo\u0161ki prihvatljiv izbor<\/b><span style=\"font-weight: 400;\"> za sljede\u0107e projekte. Ovi filamenti su izra\u0111eni od vi\u0161ka materijala proizvedenog tijekom na\u0161ih proizvodnih procesa. To zna\u010di da je Unset filament napravljen od<\/span><b> 100% recikliranih materijala<\/b><span style=\"font-weight: 400;\"> i <\/span><b>poma\u017ee u smanjenju otpada<\/b><span style=\"font-weight: 400;\">. Boja ovog filamenta mijenja se sa svakom narud\u017ebom zbog razli\u010ditih kombinacija boja recikliranog materijala.<\/span><\/p>\n<p><span style=\"font-weight: 400;\">Kako biste saznali vi\u0161e o PLA filamentima, pro\u010ditajte na\u0161 <a href=\"https:\/\/azurefilm.com\/hr\/2023\/07\/04\/pla-filamenti\/\" target=\"_blank\" rel=\"noopener\">blog<\/a>. <\/span><\/p>\n<p><span style=\"font-weight: 400;\">Ovdje mo\u017eete pristupiti<a href=\"https:\/\/azurefilm.com\/hr\/technical-data-sheets\/\" target=\"_blank\" rel=\"noopener\"> tehni\u010dkim informacijama<\/a>.<\/span><\/p>\n<h3><strong>Preporuke za printanje:<\/strong><\/h3>\n<ul>\n<li style=\"font-weight: 400;\" aria-level=\"1\"><span style=\"font-weight: 400;\">Za najbolje rezultate, printati na 220\u2013240\u00b0C. <\/span><\/li>\n<li style=\"font-weight: 400;\" aria-level=\"1\"><span style=\"font-weight: 400;\">Preporu\u010dena temperatura postolja za printanje je 80\u00b0C.<\/span><\/li>\n<li style=\"font-weight: 400;\" aria-level=\"1\"><span style=\"font-weight: 400;\">Koristite stakleno postolje, PEI plo\u010du, kapton ili plavu traku za izradnu platformu s 3Dlac sprejem.<\/span><\/li>\n<\/ul>\n<p><i><span style=\"font-weight: 400;\">*Idealna temperatura mo\u017ee varirati ovisno o kori\u0161tenom pisa\u010du.<\/span><\/i><\/p>\n","protected":false},"excerpt":{"rendered":"<p>Podr\u017eite cilj za odr\u017eivi \u017eivot i koristite na\u0161 reciklirani Unset PLA Silk.<\/p>\n","protected":false},"featured_media":114528,"comment_status":"closed","ping_status":"closed","template":"","meta":{"_acf_changed":false},"product_brand":[],"product_cat":[409,375,481,1565,402,377,445,451],"product_tag":[1525,1529],"brand":[],"class_list":{"0":"post-12164","1":"product","2":"type-product","3":"status-publish","4":"has-post-thumbnail","6":"product_cat-pla-silk-hr","7":"product_cat-3d-filamenti-hr","8":"product_cat-akcija","9":"product_cat-eko-filamenti-hr","10":"product_cat-pla-filamenti-hr","11":"product_cat-svi-filamenti","12":"product_cat-unset-filamenti-hr","13":"product_cat-unset-pla-silk-hr","14":"product_tag-eko-hr","15":"product_tag-nasumicna-boja","16":"pa_colour-random","17":"pa_filament-diameter-1-75mm","18":"pa_filament-weight-1000g","20":"first","21":"instock","22":"sale","23":"taxable","24":"shipping-taxable","25":"purchasable","26":"product-type-variable","27":"has-default-attributes"},"acf":[],"_links":{"self":[{"href":"https:\/\/azurefilm.com\/hr\/wp-json\/wp\/v2\/product\/12164","targetHints":{"allow":["GET"]}}],"collection":[{"href":"https:\/\/azurefilm.com\/hr\/wp-json\/wp\/v2\/product"}],"about":[{"href":"https:\/\/azurefilm.com\/hr\/wp-json\/wp\/v2\/types\/product"}],"replies":[{"embeddable":true,"href":"https:\/\/azurefilm.com\/hr\/wp-json\/wp\/v2\/comments?post=12164"}],"wp:featuredmedia":[{"embeddable":true,"href":"https:\/\/azurefilm.com\/hr\/wp-json\/wp\/v2\/media\/114528"}],"wp:attachment":[{"href":"https:\/\/azurefilm.com\/hr\/wp-json\/wp\/v2\/media?parent=12164"}],"wp:term":[{"taxonomy":"product_brand","embeddable":true,"href":"https:\/\/azurefilm.com\/hr\/wp-json\/wp\/v2\/product_brand?post=12164"},{"taxonomy":"product_cat","embeddable":true,"href":"https:\/\/azurefilm.com\/hr\/wp-json\/wp\/v2\/product_cat?post=12164"},{"taxonomy":"product_tag","embeddable":true,"href":"https:\/\/azurefilm.com\/hr\/wp-json\/wp\/v2\/product_tag?post=12164"},{"taxonomy":"brand","embeddable":true,"href":"https:\/\/azurefilm.com\/hr\/wp-json\/wp\/v2\/brand?post=12164"}],"curies":[{"name":"wp","href":"https:\/\/api.w.org\/{rel}","templated":true}]}}