
{"id":12168,"date":"2023-10-29T14:20:42","date_gmt":"2023-10-29T14:20:42","guid":{"rendered":"https:\/\/azurefilm.com\/product\/refill-petg-filament-grey\/"},"modified":"2026-03-30T14:22:14","modified_gmt":"2026-03-30T14:22:14","slug":"refill-petg-filament-grey","status":"publish","type":"product","link":"https:\/\/azurefilm.com\/hr\/proizvod\/refill-petg-filament-grey\/","title":{"rendered":"Refill PETG Hyper Speed Grey"},"content":{"rendered":"<h2><b>Refill PETG<\/b><\/h2>\n<p><span style=\"font-weight: 400;\">Refill PETG filamenti imaju potpuno ista svojstva kao i na\u0161 PETG Original. Osim \u0161to su <\/span><b>ekolo\u0161ki prihvatljivo rje\u0161enje, <\/b><span style=\"font-weight: 400;\">ovi su filamenti i <\/span><b>\u010dvrsti, izdr\u017eljivi <\/b><span style=\"font-weight: 400;\">i mogu <\/span><b>izdr\u017eati temperature do 80\u00b0C<\/b><span style=\"font-weight: 400;\">. Na\u0161i Refill PETG filamenti su jednostavni za rad i <\/span><b>savr\u0161eni su za po\u010detnike<\/b><span style=\"font-weight: 400;\">.\u00a0<\/span><\/p>\n<h3><strong>\u0160to je novo?<\/strong><\/h3>\n<ul>\n<li><span style=\"font-weight: 400;\">Uklonili smo plasti\u010dne zatvara\u010de i zamijenili ih boljom opcijom kako bismo olak\u0161ali raspakiranje<\/span><span style=\"font-weight: 400;\">.<\/span><\/li>\n<li><span style=\"font-weight: 400;\">Rep filamenta sada je potpuno ravan. To sprje\u010dava zaglavljenje u \u0161puli i uni\u0161tavanje va\u0161eg printa kada filament nestane<\/span><span style=\"font-weight: 400;\">.<\/span><\/li>\n<li><b>Savr\u0161ena kompatibilnost s AzureFilm i Bambu Lab \u0161pulama<\/b><b>.<\/b><b><\/b><\/li>\n<\/ul>\n<h3><strong>Preporuke za printanje:<\/strong><\/h3>\n<ul>\n<li style=\"font-weight: 400;\" aria-level=\"1\"><span style=\"font-weight: 400;\">Za najbolje rezultate printati na temperaturi od<\/span><span style=\"font-weight: 400;\"> 220\u2013240\u00b0C.\u00a0<\/span><\/li>\n<li style=\"font-weight: 400;\" aria-level=\"1\"><span style=\"font-weight: 400;\">Preporu\u010dena temperatura ispisnog postolja je 80\u00b0C.<\/span><\/li>\n<li style=\"font-weight: 400;\" aria-level=\"1\"><span style=\"font-weight: 400;\">Koristite staklenu podlogu, PEI foliju, kapton ili plavu traku za izradnu platformu s 3Dlac sprejom<\/span><span style=\"font-weight: 400;\">.<\/span><\/li>\n<\/ul>\n<p><i><span style=\"font-weight: 400;\">* Idealna temperatura mo\u017ee varirati ovisno o kori\u0161tenom pisa\u010du.<\/span><\/i><\/p>\n<p><img loading=\"lazy\" decoding=\"async\" class=\"aligncenter wp-image-35902 size-full\" src=\"https:\/\/azurefilm.com\/wp-content\/uploads\/2023\/10\/PETG_Skupinske.jpg\" alt=\"\" width=\"2560\" height=\"960\" title=\"\"><\/p>\n<div class=\"is-divider divider clearfix\" style=\"max-width:100%;height:1px;background-color:rgb(17, 107, 168);\"><\/div>\n<p><span style=\"font-weight: 400;\">Na\u0161i Refill PETG filamenti su savr\u0161eno kompatibilni s <a href=\"https:\/\/azurefilm.com\/hr\/proizvod\/master_spool_1gratis\/\" target=\"_blank\" rel=\"noopener\"><strong>AzureFilm Master Spool<\/strong><\/a> \u2013 <\/span><b>jedinom \u0161pulom koja \u0107e vam ikada trebati<\/b><span style=\"font-weight: 400;\">. <\/span><span style=\"font-weight: 400;\">Kori\u0161tenjem ove vi\u0161ekratne \u0161pule mo\u017eete nam se pridru\u017eiti u smanjenju otpada i smanjenju utjecaja na okoli\u0161<\/span><span style=\"font-weight: 400;\">.<\/span><\/p>\n<p><span style=\"font-weight: 400;\">AzureFilm Master Spool je na\u0161a <\/span><b>vi\u0161ekratna \u0161pula<\/b><span style=\"font-weight: 400;\">, koja omogu\u0107uje <\/span><b>odr\u017eivo i isplativo <\/b><span style=\"font-weight: 400;\">rje\u0161enje za 3D printanje. \u0160pula ima <\/span><b>set od dva vi\u0161ekratna diska lijevana brizganjem.<\/b><span style=\"font-weight: 400;\"> To osigurava visoku izdr\u017eljivost i preciznost \u0161pule.<\/span><\/p>\n<p><span style=\"font-weight: 400;\">Kupnjom i ponovnim kori\u0161tenjem na\u0161e Master Spool pridonosite \u010di\u0161\u0107em okoli\u0161u dok u\u017eivate u pouzdanom proizvodu koji je jednostavan za kori\u0161tenje i kompatibilan s ve\u0107inom 3D pisa\u010da<\/span><span style=\"font-weight: 400;\">.<\/span><\/p>\n<div style=\"padding: 56.25% 0 0 0; position: relative;\"><iframe style=\"position: absolute; top: 0; left: 0; width: 100%; height: 100%;\" title=\"AzureFilm Master Spool\" src=\"https:\/\/player.vimeo.com\/video\/954356184?badge=0&amp;autopause=0&amp;player_id=0&amp;app_id=58479\" frameborder=\"0\"><\/iframe><\/div>\n<p><script src=\"https:\/\/player.vimeo.com\/api\/player.js\"><\/script><\/p>\n<div class=\"is-divider divider clearfix\" style=\"max-width:100%;height:1px;background-color:rgb(17, 107, 168);\"><\/div>\n<h2><strong>Zna\u010dajke i svojstva<\/strong><\/h2>\n<table>\n<thead>\n<tr>\n<th><b>Zna\u010dajka<\/b><\/th>\n<th><b>Vrijednost<\/b><\/th>\n<\/tr>\n<tr>\n<td><span style=\"font-weight: 400;\">\u00a0Fleksibilnost<\/span><\/td>\n<td><span style=\"font-weight: 400;\">Srednja<\/span><\/td>\n<\/tr>\n<tr>\n<td><span style=\"font-weight: 400;\">\u00a0\u010cvrsto\u0107a<\/span><\/td>\n<td><span style=\"font-weight: 400;\">Visoka<\/span><\/td>\n<\/tr>\n<tr>\n<td><span style=\"font-weight: 400;\">\u00a0Trajnost<\/span><\/td>\n<td><span style=\"font-weight: 400;\">Visoka<\/span><\/td>\n<\/tr>\n<tr>\n<td><span style=\"font-weight: 400;\">\u00a0Pote\u0161ko\u0107e s kori\u0161tenjem<\/span><\/td>\n<td><span style=\"font-weight: 400;\">Niske<\/span><\/td>\n<\/tr>\n<tr>\n<td><span style=\"font-weight: 400;\">\u00a0Skupljanje\/savijanje<\/span><\/td>\n<td><span style=\"font-weight: 400;\">Minimalno<\/span><\/td>\n<\/tr>\n<tr>\n<td><span style=\"font-weight: 400;\">\u00a0Topiv<\/span><\/td>\n<td><span style=\"font-weight: 400;\">Ne<\/span><\/td>\n<\/tr>\n<tr>\n<td><span style=\"font-weight: 400;\">\u00a0Dostupni promjer<\/span><\/td>\n<td><span style=\"font-weight: 400;\">1.75mm<\/span><\/td>\n<\/tr>\n<tr>\n<td><span style=\"font-weight: 400;\">\u00a0Proizvo\u0111a\u010d<\/span><\/td>\n<td><span style=\"font-weight: 400;\">AzureFilm<\/span><\/td>\n<\/tr>\n<\/thead>\n<\/table>\n<p><span style=\"font-weight: 400;\">Kako biste saznali vi\u0161e o PETG filamentima, pro\u010ditajte na\u0161 <a href=\"https:\/\/azurefilm.com\/hr\/2023\/07\/10\/petg-filamenti\/\">blog<\/a>.\u00a0<\/span><\/p>\n<p><span style=\"font-weight: 400;\">Ovdje mo\u017eete pristupiti <a href=\"https:\/\/azurefilm.com\/hr\/technical-data-sheets\/\"> tehni\u010dkim informacijama<\/a>.<\/span><\/p>\n<p>&nbsp;<\/p>\n","protected":false},"excerpt":{"rendered":"<p>O\u017eivite svoje umjetni\u010dke vizije s na\u0161im Refill PETG filamentom Grey dizajniranim za izradu prvoklasnih 3D printeva.<\/p>\n<p><b>Napomena: <\/b><span style=\"font-weight: 400;\">Ovo je ista pouzdana formulacija PETG Original, sada preimenovana u <\/span><b>PETG Hyper Speed<\/b><span style=\"font-weight: 400;\"> zbog mogu\u0107nosti vrlo velike brzine ispisa. Kupujte sada i do\u017eivite novu razinu PETG-a!<\/span><\/p>\n","protected":false},"featured_media":109847,"comment_status":"closed","ping_status":"closed","template":"","meta":{"_acf_changed":false},"product_brand":[],"product_cat":[415,375,481,396,399,414,377],"product_tag":[1525,1534],"brand":[],"class_list":{"0":"post-12168","1":"product","2":"type-product","3":"status-publish","4":"has-post-thumbnail","6":"product_cat-refill-petg-hyper-speed-hr","7":"product_cat-3d-filamenti-hr","8":"product_cat-akcija","9":"product_cat-petg-filamenti-hr","10":"product_cat-petg-original-hr","11":"product_cat-refill-filamenti-hr","12":"product_cat-svi-filamenti","13":"product_tag-eko-hr","14":"product_tag-high-speed","15":"pa_colour-gray","16":"pa_filament-diameter-1-75mm","17":"pa_filament-weight-1000g","19":"first","20":"instock","21":"sale","22":"taxable","23":"shipping-taxable","24":"purchasable","25":"product-type-variable","26":"has-default-attributes"},"acf":[],"_links":{"self":[{"href":"https:\/\/azurefilm.com\/hr\/wp-json\/wp\/v2\/product\/12168","targetHints":{"allow":["GET"]}}],"collection":[{"href":"https:\/\/azurefilm.com\/hr\/wp-json\/wp\/v2\/product"}],"about":[{"href":"https:\/\/azurefilm.com\/hr\/wp-json\/wp\/v2\/types\/product"}],"replies":[{"embeddable":true,"href":"https:\/\/azurefilm.com\/hr\/wp-json\/wp\/v2\/comments?post=12168"}],"wp:featuredmedia":[{"embeddable":true,"href":"https:\/\/azurefilm.com\/hr\/wp-json\/wp\/v2\/media\/109847"}],"wp:attachment":[{"href":"https:\/\/azurefilm.com\/hr\/wp-json\/wp\/v2\/media?parent=12168"}],"wp:term":[{"taxonomy":"product_brand","embeddable":true,"href":"https:\/\/azurefilm.com\/hr\/wp-json\/wp\/v2\/product_brand?post=12168"},{"taxonomy":"product_cat","embeddable":true,"href":"https:\/\/azurefilm.com\/hr\/wp-json\/wp\/v2\/product_cat?post=12168"},{"taxonomy":"product_tag","embeddable":true,"href":"https:\/\/azurefilm.com\/hr\/wp-json\/wp\/v2\/product_tag?post=12168"},{"taxonomy":"brand","embeddable":true,"href":"https:\/\/azurefilm.com\/hr\/wp-json\/wp\/v2\/brand?post=12168"}],"curies":[{"name":"wp","href":"https:\/\/api.w.org\/{rel}","templated":true}]}}