
{"id":12172,"date":"2023-10-29T14:20:42","date_gmt":"2023-10-29T14:20:42","guid":{"rendered":"https:\/\/azurefilm.com\/product\/unset-asa\/"},"modified":"2026-04-02T18:06:32","modified_gmt":"2026-04-02T18:06:32","slug":"unset-asa","status":"publish","type":"product","link":"https:\/\/azurefilm.com\/hr\/proizvod\/unset-asa\/","title":{"rendered":"Unset ASA"},"content":{"rendered":"<h2><b>ASA filamenti<\/b><\/h2>\n<p><span style=\"font-weight: 400;\">ASA filamenti jedni su od najpopularnijih tehni\u010dkih filamenata na tr\u017ei\u0161tu jer nude <\/span><b>visoku otpornost na UV, vodu i kemikalije<\/b><span style=\"font-weight: 400;\">. Zbog svojih <\/span><b>optimalnih performansi <\/b><span style=\"font-weight: 400;\"> i <\/span><b>dugovje\u010dnosti u zahtjevnim okru\u017eenjima<\/b><span style=\"font-weight: 400;\">, ovaj je materijal savr\u0161en za elektri\u010dna ku\u0107i\u0161ta, alate, vanjske ure\u0111aje, sportsku opremu, lijevane komponente i druge sli\u010dne primjene. \u0160tovi\u0161e, proizvodna linija AzureFilm ima neke klju\u010dne dijelove printane od ASA filamenata. <\/span><br \/>\n<span style=\"font-weight: 400;\">Ovaj se materijal mo\u017ee printati bez zatvorenog pisa\u010da, ali <\/span><b>toplo preporu\u010dujemo kori\u0161tenje ku\u0107i\u0161ta ili zatvorenog 3D pisa\u010da<\/b><span style=\"font-weight: 400;\">.<\/span><\/p>\n<h2><b>Unset ASA<\/b><\/h2>\n<p><span style=\"font-weight: 400;\">AzureFilm Unset filamenti omogu\u0107uju vam kori\u0161tenje <\/span><b>ekolo\u0161ki prihvatljivih<\/b><span style=\"font-weight: 400;\"> opcija za va\u0161e nadolaze\u0107e projekte. Ovi <\/span><b>ekolo\u0161ki osvije\u0161teni<\/b><span style=\"font-weight: 400;\"> filamenti stvoreni su od vi\u0161ka materijala koje dobivamo tijekom proizvodnih procesa, \u0161to ih \u010dini odr\u017eivim izborom. Kori\u0161tenjem <\/span><b>100% recikliranih materijala<\/b><span style=\"font-weight: 400;\">, Unset filamenti doprinose smanjenju otpada. Svaka narud\u017eba donosi jedinstvenu boju.<\/span><\/p>\n<p><span style=\"font-weight: 400;\">Kako biste saznali vi\u0161e o ASA filamentima, pro\u010ditajte na\u0161 <a href=\"https:\/\/azurefilm.com\/hr\/2023\/07\/10\/asa-filamenti\/\" target=\"_blank\" rel=\"noopener\">blog<\/a>. <\/span><\/p>\n<p><span style=\"font-weight: 400;\">Ovdje mo\u017eete pristupiti <a href=\"https:\/\/azurefilm.com\/hr\/technical-data-sheets\/\" target=\"_blank\" rel=\"noopener\"> tehni\u010dkim informacijama<\/a>.<\/span><\/p>\n<h3><strong>Preporuke za printanje:<\/strong><\/h3>\n<ul>\n<li style=\"font-weight: 400;\" aria-level=\"1\"><span style=\"font-weight: 400;\">Za najbolje rezultate, printati na 240\u2013260\u00b0C. <\/span><\/li>\n<li style=\"font-weight: 400;\" aria-level=\"1\"><span style=\"font-weight: 400;\">Preporu\u010dena temperatura postolja za printanje je 90\u2013120\u00b0C. Preporu\u010dujemo kori\u0161tenje ku\u0107i\u0161ta ili zatvorenog 3D pisa\u010da.<\/span><\/li>\n<li style=\"font-weight: 400;\" aria-level=\"1\"><span style=\"font-weight: 400;\">Koristite stakleno postolje, PEI plo\u010du, kapton ili plavu traku za izradnu platformu s 3Dlac sprejem.<\/span><\/li>\n<\/ul>\n<p><i><span style=\"font-weight: 400;\">*Idealna temperatura mo\u017ee varirati ovisno o kori\u0161tenom pisa\u010du.<\/span><\/i><\/p>\n","protected":false},"excerpt":{"rendered":"<p>Zapo\u010dnite stvarati 3D printeve s visokom otporno\u0161\u0107u na UV zra\u010denje i kemikalije, ali ostanite ekolo\u0161ki osvije\u0161teno uz na\u0161 reciklirani Unset ASA.<\/p>\n","protected":false},"featured_media":30108,"comment_status":"closed","ping_status":"closed","template":"","meta":{"_acf_changed":false},"product_brand":[],"product_cat":[378,375,481,1572,1565,377,447,445],"product_tag":[1525,1534,1529],"brand":[267],"class_list":{"0":"post-12172","1":"product","2":"type-product","3":"status-publish","4":"has-post-thumbnail","6":"product_cat-asa-filamenti-hr","7":"product_cat-3d-filamenti-hr","8":"product_cat-akcija","9":"product_cat-asa-original-hr","10":"product_cat-eko-filamenti-hr","11":"product_cat-svi-filamenti","12":"product_cat-unset-asa-hr","13":"product_cat-unset-filamenti-hr","14":"product_tag-eko-hr","15":"product_tag-high-speed","16":"product_tag-nasumicna-boja","17":"pa_colour-random","18":"pa_filament-diameter-1-75mm","19":"pa_filament-weight-1000g","20":"brand-azurefilm","22":"first","23":"instock","24":"sale","25":"taxable","26":"shipping-taxable","27":"purchasable","28":"product-type-variable","29":"has-default-attributes"},"acf":[],"_links":{"self":[{"href":"https:\/\/azurefilm.com\/hr\/wp-json\/wp\/v2\/product\/12172","targetHints":{"allow":["GET"]}}],"collection":[{"href":"https:\/\/azurefilm.com\/hr\/wp-json\/wp\/v2\/product"}],"about":[{"href":"https:\/\/azurefilm.com\/hr\/wp-json\/wp\/v2\/types\/product"}],"replies":[{"embeddable":true,"href":"https:\/\/azurefilm.com\/hr\/wp-json\/wp\/v2\/comments?post=12172"}],"wp:featuredmedia":[{"embeddable":true,"href":"https:\/\/azurefilm.com\/hr\/wp-json\/wp\/v2\/media\/30108"}],"wp:attachment":[{"href":"https:\/\/azurefilm.com\/hr\/wp-json\/wp\/v2\/media?parent=12172"}],"wp:term":[{"taxonomy":"product_brand","embeddable":true,"href":"https:\/\/azurefilm.com\/hr\/wp-json\/wp\/v2\/product_brand?post=12172"},{"taxonomy":"product_cat","embeddable":true,"href":"https:\/\/azurefilm.com\/hr\/wp-json\/wp\/v2\/product_cat?post=12172"},{"taxonomy":"product_tag","embeddable":true,"href":"https:\/\/azurefilm.com\/hr\/wp-json\/wp\/v2\/product_tag?post=12172"},{"taxonomy":"brand","embeddable":true,"href":"https:\/\/azurefilm.com\/hr\/wp-json\/wp\/v2\/brand?post=12172"}],"curies":[{"name":"wp","href":"https:\/\/api.w.org\/{rel}","templated":true}]}}