
{"id":12173,"date":"2023-10-29T14:20:42","date_gmt":"2023-10-29T14:20:42","guid":{"rendered":"https:\/\/azurefilm.com\/product\/unset-abs-plus\/"},"modified":"2026-03-09T19:18:35","modified_gmt":"2026-03-09T19:18:35","slug":"unset-abs-plus","status":"publish","type":"product","link":"https:\/\/azurefilm.com\/hr\/proizvod\/unset-abs-plus\/","title":{"rendered":"Unset ABS PLUS"},"content":{"rendered":"<h2><b>ABS PLUS filamenti<\/b><\/h2>\n<p><span style=\"font-weight: 400;\">ABS PLUS filamenti su tehni\u010dki filamenti savr\u0161eni za primjene koje zahtijevaju <\/span><b>ultra-visoku udarnu \u017eilavost<\/b><span style=\"font-weight: 400;\"> i <\/span><b> dobru toplinsku otpornost<\/b><span style=\"font-weight: 400;\">. Jedna od njegovih prednosti uklju\u010duje i <\/span><b>dobru fleksibilnost. <\/b><\/p>\n<p><span style=\"font-weight: 400;\">PLUS ozna\u010dava na\u0161e posebne aditive koji ovaj materijal \u010dine<\/span><b> jo\u0161 ja\u010dim od obi\u010dnog ABS-a<\/b><span style=\"font-weight: 400;\">. Materijal podnosi temperature do 85\u00b0C \u0161to ga \u010dini izvrsnim za vanjsku i tehni\u010dku primjenu.<\/span><\/p>\n<p><span style=\"font-weight: 400;\">Ovaj se materijal mo\u017ee printati bez zatvorenog pisa\u010da, ali <\/span><b>toplo preporu\u010dujemo kori\u0161tenje ku\u0107i\u0161ta ili zatvorenog 3D pisa\u010da<\/b><span style=\"font-weight: 400;\">.<\/span><\/p>\n<h2><b>Unset ABS PLUS<\/b><\/h2>\n<p><span style=\"font-weight: 400;\">AzureFilm Unset filamenti omogu\u0107uju vam kori\u0161tenje <\/span><b>ekolo\u0161ki prihvatljivih<\/b><span style=\"font-weight: 400;\"> opcija za va\u0161e nadolaze\u0107e projekte. Ovi <\/span><b>ekolo\u0161ki osvije\u0161teni<\/b><span style=\"font-weight: 400;\"> filamenti stvoreni su od vi\u0161ka materijala koje dobivamo tijekom proizvodnih procesa, \u0161to ih \u010dini odr\u017eivim izborom. Kori\u0161tenjem <\/span><b>100% recikliranih materijala<\/b><span style=\"font-weight: 400;\">, Unset filamenti doprinose smanjenju otpada. Svaka narud\u017eba donosi jedinstvenu boju.<\/span><\/p>\n<p><span style=\"font-weight: 400;\">Kako biste saznali vi\u0161e o ABS filamentima, pro\u010ditajte na\u0161 <a href=\"https:\/\/azurefilm.com\/hr\/2023\/07\/11\/abs-filamenti\/\" target=\"_blank\" rel=\"noopener\">blog<\/a>.<\/span> <span style=\"font-weight: 400;\"><br \/>\n<\/span><\/p>\n<p><span style=\"font-weight: 400;\">Ovdje mo\u017eete pristupiti <a href=\"https:\/\/azurefilm.com\/hr\/technical-data-sheets\/\" target=\"_blank\" rel=\"noopener\"> tehni\u010dkim informacijama<\/a>.<\/span><\/p>\n<h3><strong>Preporuke za printanje:<\/strong><\/h3>\n<ul>\n<li style=\"font-weight: 400;\" aria-level=\"1\"><span style=\"font-weight: 400;\">Za najbolje rezultate, printati na 240\u2013260\u00b0C.<\/span><\/li>\n<li style=\"font-weight: 400;\" aria-level=\"1\"><span style=\"font-weight: 400;\">Preporu\u010dena temperatura postolja za printanje je 90\u2013120\u00b0C. Preporu\u010dujemo kori\u0161tenje ku\u0107i\u0161ta ili zatvorenog 3D pisa\u010da.<\/span><\/li>\n<li style=\"font-weight: 400;\" aria-level=\"1\"><span style=\"font-weight: 400;\">Koristite stakleno postolje, PEI plo\u010du, kapton ili plavu traku za izradnu platformu s 3Dlac sprejem.<\/span><\/li>\n<\/ul>\n<p><i><span style=\"font-weight: 400;\">*Idealna temperatura mo\u017ee varirati ovisno o kori\u0161tenom pisa\u010du.<\/span><\/i><\/p>\n","protected":false},"excerpt":{"rendered":"<p>Po\u010dnite odgovorno kreirati uz na\u0161 visokokvalitetni reciklirani Unset ABS PLUS.<\/p>\n","protected":false},"featured_media":30104,"comment_status":"closed","ping_status":"closed","template":"","meta":{"_acf_changed":false},"product_brand":[],"product_cat":[479,375,478,481,1565,377,446,445],"product_tag":[1525,1534,1529],"brand":[267],"class_list":{"0":"post-12173","1":"product","2":"type-product","3":"status-publish","4":"has-post-thumbnail","6":"product_cat-abs-plus-filamenti-hr","7":"product_cat-3d-filamenti-hr","8":"product_cat-abs-filamenti-hr","9":"product_cat-akcija","10":"product_cat-eko-filamenti-hr","11":"product_cat-svi-filamenti","12":"product_cat-unset-abs-plus-hr","13":"product_cat-unset-filamenti-hr","14":"product_tag-eko-hr","15":"product_tag-high-speed","16":"product_tag-nasumicna-boja","17":"pa_colour-random","18":"pa_filament-diameter-1-75mm","19":"pa_filament-weight-1000g","20":"brand-azurefilm","22":"first","23":"instock","24":"sale","25":"taxable","26":"shipping-taxable","27":"purchasable","28":"product-type-variable","29":"has-default-attributes"},"acf":[],"_links":{"self":[{"href":"https:\/\/azurefilm.com\/hr\/wp-json\/wp\/v2\/product\/12173","targetHints":{"allow":["GET"]}}],"collection":[{"href":"https:\/\/azurefilm.com\/hr\/wp-json\/wp\/v2\/product"}],"about":[{"href":"https:\/\/azurefilm.com\/hr\/wp-json\/wp\/v2\/types\/product"}],"replies":[{"embeddable":true,"href":"https:\/\/azurefilm.com\/hr\/wp-json\/wp\/v2\/comments?post=12173"}],"wp:featuredmedia":[{"embeddable":true,"href":"https:\/\/azurefilm.com\/hr\/wp-json\/wp\/v2\/media\/30104"}],"wp:attachment":[{"href":"https:\/\/azurefilm.com\/hr\/wp-json\/wp\/v2\/media?parent=12173"}],"wp:term":[{"taxonomy":"product_brand","embeddable":true,"href":"https:\/\/azurefilm.com\/hr\/wp-json\/wp\/v2\/product_brand?post=12173"},{"taxonomy":"product_cat","embeddable":true,"href":"https:\/\/azurefilm.com\/hr\/wp-json\/wp\/v2\/product_cat?post=12173"},{"taxonomy":"product_tag","embeddable":true,"href":"https:\/\/azurefilm.com\/hr\/wp-json\/wp\/v2\/product_tag?post=12173"},{"taxonomy":"brand","embeddable":true,"href":"https:\/\/azurefilm.com\/hr\/wp-json\/wp\/v2\/brand?post=12173"}],"curies":[{"name":"wp","href":"https:\/\/api.w.org\/{rel}","templated":true}]}}