
{"id":12180,"date":"2023-10-29T14:21:13","date_gmt":"2023-10-29T14:21:13","guid":{"rendered":"https:\/\/azurefilm.com\/product\/mini-elektricna-klijesta\/"},"modified":"2026-03-31T09:11:51","modified_gmt":"2026-03-31T09:11:51","slug":"mini-elektricna-klijesta","status":"publish","type":"product","link":"https:\/\/azurefilm.com\/hr\/proizvod\/mini-elektricna-klijesta\/","title":{"rendered":"Mini elektri\u010dna klije\u0161ta"},"content":{"rendered":"<h2><strong>Klju\u010dne zna\u010dajke:<\/strong><\/h2>\n<ul>\n<li>Mini elektroni\u010dka klije\u0161ta imaju razli\u010dite namjene, od popravljanja va\u0161eg 3D pisa\u010da do rezanja filamenta ili uklanjanja nosa\u010da tijekom procesa printanja.<\/li>\n<li>Imaju\u00a0precizne vrhove koji mogu dr\u017eati i najmanje predmete.<\/li>\n<li>Izra\u0111ena od legiranog \u010delika i oja\u010dana za visoku pouzdanost<\/li>\n<li>S gumiranim rukohvatom otpornim na klizanje.<\/li>\n<\/ul>\n","protected":false},"excerpt":{"rendered":"<p><strong>Mini elektri\u010dna klije\u0161ta<\/strong> koja imaju razli\u010dite namjene, od popravljanja va\u0161eg 3D pisa\u010da do rezanja filamenta ili uklanjanja nosa\u010da tijekom procesa printanja.<\/p>\n","protected":false},"featured_media":5457,"comment_status":"closed","ping_status":"closed","template":"","meta":{"_acf_changed":false},"product_brand":[],"product_cat":[481,515,482,483],"product_tag":[],"brand":[],"class_list":{"0":"post-12180","1":"product","2":"type-product","3":"status-publish","4":"has-post-thumbnail","6":"product_cat-akcija","7":"product_cat-alati","8":"product_cat-rezervni-dijelovi","9":"product_cat-svi-rezervni-dijelovi","11":"first","12":"instock","13":"sale","14":"taxable","15":"shipping-taxable","16":"purchasable","17":"product-type-simple"},"acf":[],"_links":{"self":[{"href":"https:\/\/azurefilm.com\/hr\/wp-json\/wp\/v2\/product\/12180","targetHints":{"allow":["GET"]}}],"collection":[{"href":"https:\/\/azurefilm.com\/hr\/wp-json\/wp\/v2\/product"}],"about":[{"href":"https:\/\/azurefilm.com\/hr\/wp-json\/wp\/v2\/types\/product"}],"replies":[{"embeddable":true,"href":"https:\/\/azurefilm.com\/hr\/wp-json\/wp\/v2\/comments?post=12180"}],"wp:featuredmedia":[{"embeddable":true,"href":"https:\/\/azurefilm.com\/hr\/wp-json\/wp\/v2\/media\/5457"}],"wp:attachment":[{"href":"https:\/\/azurefilm.com\/hr\/wp-json\/wp\/v2\/media?parent=12180"}],"wp:term":[{"taxonomy":"product_brand","embeddable":true,"href":"https:\/\/azurefilm.com\/hr\/wp-json\/wp\/v2\/product_brand?post=12180"},{"taxonomy":"product_cat","embeddable":true,"href":"https:\/\/azurefilm.com\/hr\/wp-json\/wp\/v2\/product_cat?post=12180"},{"taxonomy":"product_tag","embeddable":true,"href":"https:\/\/azurefilm.com\/hr\/wp-json\/wp\/v2\/product_tag?post=12180"},{"taxonomy":"brand","embeddable":true,"href":"https:\/\/azurefilm.com\/hr\/wp-json\/wp\/v2\/brand?post=12180"}],"curies":[{"name":"wp","href":"https:\/\/api.w.org\/{rel}","templated":true}]}}