
{"id":12182,"date":"2023-10-29T14:21:13","date_gmt":"2023-10-29T14:21:13","guid":{"rendered":"https:\/\/azurefilm.com\/product\/usb-sd-citac-kartica\/"},"modified":"2025-09-28T14:27:31","modified_gmt":"2025-09-28T14:27:31","slug":"usb-sd-citac-kartica","status":"publish","type":"product","link":"https:\/\/azurefilm.com\/hr\/proizvod\/usb-sd-citac-kartica\/","title":{"rendered":"USB SD \u010dita\u010d kartica"},"content":{"rendered":"<h2><strong>Klju\u010dne zna\u010dajke USB \u010dita\u010da SD kartica:<\/strong><\/h2>\n<ul>\n<li>Brzi prijenos podataka do 5 Gbps.<\/li>\n<li>Napaja se putem USB priklju\u010dka, nije potrebno dodatno napajanje.<\/li>\n<li>Mala veli\u010dina i prenosiv, lak za no\u0161enje.<\/li>\n<li>Kartica nije uklju\u010dena.<\/li>\n<\/ul>\n","protected":false},"excerpt":{"rendered":"<p><strong>USB SD \u010dita\u010d kartica\u00a0<\/strong>s velikom brzinom prijenosa podataka, malen i prijenosan.<\/p>\n","protected":false},"featured_media":5467,"comment_status":"closed","ping_status":"closed","template":"","meta":{"_acf_changed":false},"product_brand":[],"product_cat":[481,512,482,483],"product_tag":[],"brand":[],"class_list":{"0":"post-12182","1":"product","2":"type-product","3":"status-publish","4":"has-post-thumbnail","6":"product_cat-akcija","7":"product_cat-drugi-proizvodi","8":"product_cat-rezervni-dijelovi","9":"product_cat-svi-rezervni-dijelovi","11":"first","12":"instock","13":"sale","14":"taxable","15":"shipping-taxable","16":"purchasable","17":"product-type-simple"},"acf":[],"_links":{"self":[{"href":"https:\/\/azurefilm.com\/hr\/wp-json\/wp\/v2\/product\/12182","targetHints":{"allow":["GET"]}}],"collection":[{"href":"https:\/\/azurefilm.com\/hr\/wp-json\/wp\/v2\/product"}],"about":[{"href":"https:\/\/azurefilm.com\/hr\/wp-json\/wp\/v2\/types\/product"}],"replies":[{"embeddable":true,"href":"https:\/\/azurefilm.com\/hr\/wp-json\/wp\/v2\/comments?post=12182"}],"wp:featuredmedia":[{"embeddable":true,"href":"https:\/\/azurefilm.com\/hr\/wp-json\/wp\/v2\/media\/5467"}],"wp:attachment":[{"href":"https:\/\/azurefilm.com\/hr\/wp-json\/wp\/v2\/media?parent=12182"}],"wp:term":[{"taxonomy":"product_brand","embeddable":true,"href":"https:\/\/azurefilm.com\/hr\/wp-json\/wp\/v2\/product_brand?post=12182"},{"taxonomy":"product_cat","embeddable":true,"href":"https:\/\/azurefilm.com\/hr\/wp-json\/wp\/v2\/product_cat?post=12182"},{"taxonomy":"product_tag","embeddable":true,"href":"https:\/\/azurefilm.com\/hr\/wp-json\/wp\/v2\/product_tag?post=12182"},{"taxonomy":"brand","embeddable":true,"href":"https:\/\/azurefilm.com\/hr\/wp-json\/wp\/v2\/brand?post=12182"}],"curies":[{"name":"wp","href":"https:\/\/api.w.org\/{rel}","templated":true}]}}