
{"id":12183,"date":"2023-10-29T14:21:13","date_gmt":"2023-10-29T14:21:13","guid":{"rendered":"https:\/\/azurefilm.com\/product\/creality-originalni-hladnjak\/"},"modified":"2025-11-24T02:07:01","modified_gmt":"2025-11-24T02:07:01","slug":"creality-originalni-hladnjak","status":"publish","type":"product","link":"https:\/\/azurefilm.com\/hr\/proizvod\/creality-originalni-hladnjak\/","title":{"rendered":"Creality originalni hladnjak"},"content":{"rendered":"<h2><strong>Klju\u010dne zna\u010dajke:<\/strong><\/h2>\n<p>1. Creality originalni hladnjak je kompatibilan sa:<\/p>\n<ul>\n<li>Ender-3,<\/li>\n<li>Ender 3 PRO,<\/li>\n<li>Ender 5,<\/li>\n<li>CR-10S4,<\/li>\n<li>CR-10S5.<\/li>\n<li>CR-20 PRO,<\/li>\n<li>CR-10,<\/li>\n<li>CR-10mini,<\/li>\n<li>CR-10S.<\/li>\n<\/ul>\n<p>2. Postoji puno razli\u010ditih hladnjaka na tr\u017ei\u0161tu, ali<strong> Creality originalni hladnjak<\/strong> \u00a0je daleko najbolji.<\/p>\n<p>3. Najve\u0107a razlika izme\u0111u Creality originalni hladnjak i ostalih je ta \u0161to originalni Creality hladnjak ima ve\u0107u povr\u0161inu za zra\u010denje topline s 9 zra\u010de\u0107ih rebara, dok drugi hladnjaki imaju samo 4.<\/p>\n<p>4. Pro\u0161irena povr\u0161ina smanjuje mogu\u0107nost za\u010depljenja i pobolj\u0161ava odvo\u0111enje topline. Creality originalni hladnjak izra\u0111en je od \u010dvrstog aluminijskog materijala za dugotrajnu upotrebu.<\/p>\n","protected":false},"excerpt":{"rendered":"<p><strong>Creality originalni hladnjak<\/strong> kompatibilan s 3D printerima: CR-10, 10S, S4, S5, Ender 3, Ender 3 Pro serije.<\/p>\n","protected":false},"featured_media":5472,"comment_status":"closed","ping_status":"closed","template":"","meta":{"_acf_changed":false},"product_brand":[],"product_cat":[481,482,483,502],"product_tag":[],"brand":[],"class_list":{"0":"post-12183","1":"product","2":"type-product","3":"status-publish","4":"has-post-thumbnail","6":"product_cat-akcija","7":"product_cat-rezervni-dijelovi","8":"product_cat-svi-rezervni-dijelovi","9":"product_cat-toplotski-blokovi","10":"pa_compatible-with-creality-fdm-3d-printers","11":"pa_fits-printer-creality-cr-10","12":"pa_fits-printer-creality-ender-3","14":"first","15":"instock","16":"sale","17":"taxable","18":"shipping-taxable","19":"purchasable","20":"product-type-simple"},"acf":[],"_links":{"self":[{"href":"https:\/\/azurefilm.com\/hr\/wp-json\/wp\/v2\/product\/12183","targetHints":{"allow":["GET"]}}],"collection":[{"href":"https:\/\/azurefilm.com\/hr\/wp-json\/wp\/v2\/product"}],"about":[{"href":"https:\/\/azurefilm.com\/hr\/wp-json\/wp\/v2\/types\/product"}],"replies":[{"embeddable":true,"href":"https:\/\/azurefilm.com\/hr\/wp-json\/wp\/v2\/comments?post=12183"}],"wp:featuredmedia":[{"embeddable":true,"href":"https:\/\/azurefilm.com\/hr\/wp-json\/wp\/v2\/media\/5472"}],"wp:attachment":[{"href":"https:\/\/azurefilm.com\/hr\/wp-json\/wp\/v2\/media?parent=12183"}],"wp:term":[{"taxonomy":"product_brand","embeddable":true,"href":"https:\/\/azurefilm.com\/hr\/wp-json\/wp\/v2\/product_brand?post=12183"},{"taxonomy":"product_cat","embeddable":true,"href":"https:\/\/azurefilm.com\/hr\/wp-json\/wp\/v2\/product_cat?post=12183"},{"taxonomy":"product_tag","embeddable":true,"href":"https:\/\/azurefilm.com\/hr\/wp-json\/wp\/v2\/product_tag?post=12183"},{"taxonomy":"brand","embeddable":true,"href":"https:\/\/azurefilm.com\/hr\/wp-json\/wp\/v2\/brand?post=12183"}],"curies":[{"name":"wp","href":"https:\/\/api.w.org\/{rel}","templated":true}]}}