
{"id":12196,"date":"2023-10-29T14:21:51","date_gmt":"2023-10-29T14:21:51","guid":{"rendered":"https:\/\/azurefilm.com\/product\/samoljepljiva-temeljna-ploca-grijaca\/"},"modified":"2026-04-15T09:24:44","modified_gmt":"2026-04-15T09:24:44","slug":"samoljepljiva-temeljna-ploca-grijaca","status":"publish","type":"product","link":"https:\/\/azurefilm.com\/hr\/proizvod\/samoljepljiva-temeljna-ploca-grijaca\/","title":{"rendered":"Samoljepljiva temeljna plo\u010da grija\u010da"},"content":{"rendered":"<p><strong>Samoljepljiva temeljna plo\u010da grija\u010da<\/strong> u dimenzijama\u00a0214x214mm.<\/p>\n<h2><strong>Postavke temperature razli\u010ditih filamenata:<\/strong><\/h2>\n<ul>\n<li><a href=\"https:\/\/azurefilm.com\/hr\/3d-filamenti-hr\/pla-filamenti-hr\/\">PLA<\/a>: 50-70\u00baC<\/li>\n<li><a href=\"https:\/\/azurefilm.com\/hr\/3d-filamenti-hr\/petg-filamenti-hr\/\">PETG<\/a>: 80-90\u00baC (za bolje rezultate)<\/li>\n<li><a href=\"https:\/\/azurefilm.com\/hr\/3d-filamenti-hr\/abs-filamenti-hr\/\">ABS<\/a>: 100-125\u00baC\u00a0(preporu\u010duje se 110\u00baC)<\/li>\n<li><a href=\"https:\/\/azurefilm.com\/hr\/3d-filamenti-hr\/flexible-filamenti-hr\/\">Fleksibilni filament<\/a>: 50-70\u00baC<\/li>\n<\/ul>\n","protected":false},"excerpt":{"rendered":"<p><strong>Samoljepljiva temeljna plo\u010da grija\u010da<\/strong> koja se koristi za 3D pisa\u010de zbog bolje prianjanje filamenta na podlogu.<\/p>\n","protected":false},"featured_media":5561,"comment_status":"closed","ping_status":"closed","template":"","meta":{"_acf_changed":false},"product_brand":[],"product_cat":[481,808,482,492,483],"product_tag":[],"brand":[],"class_list":{"0":"post-12196","1":"product","2":"type-product","3":"status-publish","4":"has-post-thumbnail","6":"product_cat-akcija","7":"product_cat-izradne-povrsine-hr","8":"product_cat-rezervni-dijelovi","9":"product_cat-samoljepljive-ploce","10":"product_cat-svi-rezervni-dijelovi","12":"first","13":"instock","14":"sale","15":"taxable","16":"shipping-taxable","17":"purchasable","18":"product-type-simple"},"acf":[],"_links":{"self":[{"href":"https:\/\/azurefilm.com\/hr\/wp-json\/wp\/v2\/product\/12196","targetHints":{"allow":["GET"]}}],"collection":[{"href":"https:\/\/azurefilm.com\/hr\/wp-json\/wp\/v2\/product"}],"about":[{"href":"https:\/\/azurefilm.com\/hr\/wp-json\/wp\/v2\/types\/product"}],"replies":[{"embeddable":true,"href":"https:\/\/azurefilm.com\/hr\/wp-json\/wp\/v2\/comments?post=12196"}],"wp:featuredmedia":[{"embeddable":true,"href":"https:\/\/azurefilm.com\/hr\/wp-json\/wp\/v2\/media\/5561"}],"wp:attachment":[{"href":"https:\/\/azurefilm.com\/hr\/wp-json\/wp\/v2\/media?parent=12196"}],"wp:term":[{"taxonomy":"product_brand","embeddable":true,"href":"https:\/\/azurefilm.com\/hr\/wp-json\/wp\/v2\/product_brand?post=12196"},{"taxonomy":"product_cat","embeddable":true,"href":"https:\/\/azurefilm.com\/hr\/wp-json\/wp\/v2\/product_cat?post=12196"},{"taxonomy":"product_tag","embeddable":true,"href":"https:\/\/azurefilm.com\/hr\/wp-json\/wp\/v2\/product_tag?post=12196"},{"taxonomy":"brand","embeddable":true,"href":"https:\/\/azurefilm.com\/hr\/wp-json\/wp\/v2\/brand?post=12196"}],"curies":[{"name":"wp","href":"https:\/\/api.w.org\/{rel}","templated":true}]}}