
{"id":12198,"date":"2023-10-29T14:21:51","date_gmt":"2023-10-29T14:21:51","guid":{"rendered":"https:\/\/azurefilm.com\/product\/crne-kopce\/"},"modified":"2026-02-27T13:57:13","modified_gmt":"2026-02-27T13:57:13","slug":"crne-kopce","status":"publish","type":"product","link":"https:\/\/azurefilm.com\/hr\/proizvod\/crne-kopce\/","title":{"rendered":"Crne kop\u010de"},"content":{"rendered":"<p><strong>Crne kop\u010de<\/strong>za \u010dvrsto prianjanje izme\u0111u grijanog postolja i staklene plo\u010de.<\/p>\n<h2><strong>Klju\u010dne zna\u010dajke:<\/strong><\/h2>\n<p>Crne kop\u010de izra\u0111ene su od kaljenog \u010delika te su izdr\u017eljive i sna\u017ene za kori\u0161tenje.<\/p>\n<p><strong>Dostupne su 3 razli\u010dite veli\u010dine:<\/strong><\/p>\n<ul>\n<li>19x7mm<\/li>\n<li>25x10mm<\/li>\n<li>32x12mm<\/li>\n<\/ul>\n","protected":false},"excerpt":{"rendered":"<p><strong>Crne kop\u010de <\/strong>za \u010dvrsto prianjanje izme\u0111u grijanog postolja i staklene plo\u010de, dostupne u tri veli\u010dine.<\/p>\n","protected":false},"featured_media":5591,"comment_status":"closed","ping_status":"closed","template":"","meta":{"_acf_changed":false},"product_brand":[],"product_cat":[481,515,482,483],"product_tag":[],"brand":[],"class_list":{"0":"post-12198","1":"product","2":"type-product","3":"status-publish","4":"has-post-thumbnail","6":"product_cat-akcija","7":"product_cat-alati","8":"product_cat-rezervni-dijelovi","9":"product_cat-svi-rezervni-dijelovi","10":"pa_size-19x7mm","11":"pa_size-25x10mm","12":"pa_size-32x12mm","14":"first","15":"instock","16":"sale","17":"taxable","18":"shipping-taxable","19":"purchasable","20":"product-type-variable"},"acf":[],"_links":{"self":[{"href":"https:\/\/azurefilm.com\/hr\/wp-json\/wp\/v2\/product\/12198","targetHints":{"allow":["GET"]}}],"collection":[{"href":"https:\/\/azurefilm.com\/hr\/wp-json\/wp\/v2\/product"}],"about":[{"href":"https:\/\/azurefilm.com\/hr\/wp-json\/wp\/v2\/types\/product"}],"replies":[{"embeddable":true,"href":"https:\/\/azurefilm.com\/hr\/wp-json\/wp\/v2\/comments?post=12198"}],"wp:featuredmedia":[{"embeddable":true,"href":"https:\/\/azurefilm.com\/hr\/wp-json\/wp\/v2\/media\/5591"}],"wp:attachment":[{"href":"https:\/\/azurefilm.com\/hr\/wp-json\/wp\/v2\/media?parent=12198"}],"wp:term":[{"taxonomy":"product_brand","embeddable":true,"href":"https:\/\/azurefilm.com\/hr\/wp-json\/wp\/v2\/product_brand?post=12198"},{"taxonomy":"product_cat","embeddable":true,"href":"https:\/\/azurefilm.com\/hr\/wp-json\/wp\/v2\/product_cat?post=12198"},{"taxonomy":"product_tag","embeddable":true,"href":"https:\/\/azurefilm.com\/hr\/wp-json\/wp\/v2\/product_tag?post=12198"},{"taxonomy":"brand","embeddable":true,"href":"https:\/\/azurefilm.com\/hr\/wp-json\/wp\/v2\/brand?post=12198"}],"curies":[{"name":"wp","href":"https:\/\/api.w.org\/{rel}","templated":true}]}}