
{"id":12205,"date":"2023-10-29T14:21:51","date_gmt":"2023-10-29T14:21:51","guid":{"rendered":"https:\/\/azurefilm.com\/product\/2004-lcd-pcb-upravljacka-ploca\/"},"modified":"2025-02-05T17:45:30","modified_gmt":"2025-02-05T17:45:30","slug":"2004-lcd-pcb-upravljacka-ploca","status":"publish","type":"product","link":"https:\/\/azurefilm.com\/hr\/proizvod\/2004-lcd-pcb-upravljacka-ploca\/","title":{"rendered":"2004 LCD PCB upravlja\u010dka plo\u010da"},"content":{"rendered":"<p><strong>2004 LCD upravlja\u010dka PCB plo\u010da<\/strong> s kabelom od 320mm.<\/p>\n","protected":false},"excerpt":{"rendered":"<p><strong>2004 LCD PCB upravlja\u010dka plo\u010da<\/strong> s kablom od 320mm.<\/p>\n","protected":false},"featured_media":5694,"comment_status":"closed","ping_status":"closed","template":"","meta":{"_acf_changed":false},"product_brand":[],"product_cat":[481,505,482,483],"product_tag":[],"brand":[],"class_list":{"0":"post-12205","1":"product","2":"type-product","3":"status-publish","4":"has-post-thumbnail","6":"product_cat-akcija","7":"product_cat-maticne-ploce","8":"product_cat-rezervni-dijelovi","9":"product_cat-svi-rezervni-dijelovi","11":"first","12":"instock","13":"sale","14":"taxable","15":"shipping-taxable","16":"purchasable","17":"product-type-simple"},"acf":[],"_links":{"self":[{"href":"https:\/\/azurefilm.com\/hr\/wp-json\/wp\/v2\/product\/12205","targetHints":{"allow":["GET"]}}],"collection":[{"href":"https:\/\/azurefilm.com\/hr\/wp-json\/wp\/v2\/product"}],"about":[{"href":"https:\/\/azurefilm.com\/hr\/wp-json\/wp\/v2\/types\/product"}],"replies":[{"embeddable":true,"href":"https:\/\/azurefilm.com\/hr\/wp-json\/wp\/v2\/comments?post=12205"}],"wp:featuredmedia":[{"embeddable":true,"href":"https:\/\/azurefilm.com\/hr\/wp-json\/wp\/v2\/media\/5694"}],"wp:attachment":[{"href":"https:\/\/azurefilm.com\/hr\/wp-json\/wp\/v2\/media?parent=12205"}],"wp:term":[{"taxonomy":"product_brand","embeddable":true,"href":"https:\/\/azurefilm.com\/hr\/wp-json\/wp\/v2\/product_brand?post=12205"},{"taxonomy":"product_cat","embeddable":true,"href":"https:\/\/azurefilm.com\/hr\/wp-json\/wp\/v2\/product_cat?post=12205"},{"taxonomy":"product_tag","embeddable":true,"href":"https:\/\/azurefilm.com\/hr\/wp-json\/wp\/v2\/product_tag?post=12205"},{"taxonomy":"brand","embeddable":true,"href":"https:\/\/azurefilm.com\/hr\/wp-json\/wp\/v2\/brand?post=12205"}],"curies":[{"name":"wp","href":"https:\/\/api.w.org\/{rel}","templated":true}]}}