
{"id":12206,"date":"2023-10-29T14:21:51","date_gmt":"2023-10-29T14:21:51","guid":{"rendered":"https:\/\/azurefilm.com\/product\/driver-motora-tb6600\/"},"modified":"2025-04-08T17:28:37","modified_gmt":"2025-04-08T17:28:37","slug":"driver-motora-tb6600","status":"publish","type":"product","link":"https:\/\/azurefilm.com\/hr\/proizvod\/driver-motora-tb6600\/","title":{"rendered":"Driver motora TB6600"},"content":{"rendered":"<h2><strong>Klju\u010dne zna\u010dajke:<\/strong><\/h2>\n<ul>\n<li>Izlazna struja je beskona\u010dno podesiva kako bi zadovoljila razli\u010dite zahtjeve va\u0161e primjene.<\/li>\n<li>Automatska polustrujna funkcija. Dostupan je i poluautomatski prekida\u010d protoka, jednostavan za kori\u0161tenje.<\/li>\n<li>Kori\u0161tenje opti\u010dke spojke velike brzine 6N137 osigurava veliku brzinu bez gubitka koraka.<\/li>\n<li>Na stra\u017enjoj plo\u010di su isprintane upute za postavljanje. Koristi se za pove\u0107anje hladnjaka, dobro odvo\u0111enje topline.<\/li>\n<li>Izlazna za\u0161tita od kratkog spoja, kori\u0161tenje uma. Kori\u0161tenjem na\u010dina unosa zajedni\u010dke anode, postoje dva ulazna terminala, o\u017ei\u010denje je prakti\u010dnije.<\/li>\n<\/ul>\n<h2><strong>Specifikacije:<\/strong><\/h2>\n<ul>\n<li>Materijal: Metal i plastika.<\/li>\n<li>Veli\u010dina: 50x82x35mm (\u0160xDxV).<\/li>\n<li>Boja: zelena i bijela.<\/li>\n<li>Radni napon DC 10V-45V. Preporu\u010duje se DC32V prekida\u010dko napajanje.<\/li>\n<li>Opti\u010dka spojnica velike brzine 6N137, osigurava veliku brzinu bez gubitka koraka.<\/li>\n<li>Toshibin novi izvorni \u010dip velike struje, visokog napona TB6600HG, tu je zatvaranje pri niskom tlaku, za\u0161tita od pregrijavanja i za\u0161tita od prekomjerne struje, za\u0161tita od kratkog spoja i pove\u0107ana u usporedbi s TB6560.<\/li>\n<li>Dosegnuti maksimalni nazivni izlaz: \u00b1 4,5 A.<\/li>\n<li>Za 4.2A 42,57,86 unutar dvofaznog \/ \u010detverofaznog \/ \u010detvero\u017eilnog \/ \u0161esto\u017eilnog kora\u010dnog motora.<\/li>\n<li>Automatska funkcija polustruje.<\/li>\n<li>Podjela: cijeli korak, pola koraka, 1\/4 koraka, 1\/8 koraka, 1\/16 koraka, do 16 segmenata.<\/li>\n<\/ul>\n","protected":false},"excerpt":{"rendered":"<p><strong>TB6600 driver motora<\/strong> s automatskom funkcijom polustruje i poluautomatskim prekida\u010dem protoka, jednostavan za kori\u0161tenje.<\/p>\n","protected":false},"featured_media":5711,"comment_status":"closed","ping_status":"closed","template":"","meta":{"_acf_changed":false},"product_brand":[],"product_cat":[481,507,506,482,483],"product_tag":[],"brand":[],"class_list":{"0":"post-12206","1":"product","2":"type-product","3":"status-publish","4":"has-post-thumbnail","6":"product_cat-akcija","7":"product_cat-driveri-za-motore","8":"product_cat-motori-driveri","9":"product_cat-rezervni-dijelovi","10":"product_cat-svi-rezervni-dijelovi","12":"first","13":"instock","14":"sale","15":"taxable","16":"shipping-taxable","17":"purchasable","18":"product-type-simple"},"acf":[],"_links":{"self":[{"href":"https:\/\/azurefilm.com\/hr\/wp-json\/wp\/v2\/product\/12206","targetHints":{"allow":["GET"]}}],"collection":[{"href":"https:\/\/azurefilm.com\/hr\/wp-json\/wp\/v2\/product"}],"about":[{"href":"https:\/\/azurefilm.com\/hr\/wp-json\/wp\/v2\/types\/product"}],"replies":[{"embeddable":true,"href":"https:\/\/azurefilm.com\/hr\/wp-json\/wp\/v2\/comments?post=12206"}],"wp:featuredmedia":[{"embeddable":true,"href":"https:\/\/azurefilm.com\/hr\/wp-json\/wp\/v2\/media\/5711"}],"wp:attachment":[{"href":"https:\/\/azurefilm.com\/hr\/wp-json\/wp\/v2\/media?parent=12206"}],"wp:term":[{"taxonomy":"product_brand","embeddable":true,"href":"https:\/\/azurefilm.com\/hr\/wp-json\/wp\/v2\/product_brand?post=12206"},{"taxonomy":"product_cat","embeddable":true,"href":"https:\/\/azurefilm.com\/hr\/wp-json\/wp\/v2\/product_cat?post=12206"},{"taxonomy":"product_tag","embeddable":true,"href":"https:\/\/azurefilm.com\/hr\/wp-json\/wp\/v2\/product_tag?post=12206"},{"taxonomy":"brand","embeddable":true,"href":"https:\/\/azurefilm.com\/hr\/wp-json\/wp\/v2\/brand?post=12206"}],"curies":[{"name":"wp","href":"https:\/\/api.w.org\/{rel}","templated":true}]}}