
{"id":12207,"date":"2023-10-29T14:21:51","date_gmt":"2023-10-29T14:21:51","guid":{"rendered":"https:\/\/azurefilm.com\/product\/module-level-trigger-12v-30a\/"},"modified":"2026-01-27T17:15:33","modified_gmt":"2026-01-27T17:15:33","slug":"module-level-trigger-12v-30a","status":"publish","type":"product","link":"https:\/\/azurefilm.com\/hr\/proizvod\/module-level-trigger-12v-30a\/","title":{"rendered":"Module Level Trigger 12V 30A"},"content":{"rendered":"<ul>\n<li>Modul koristi visokokvalitetni relej i normalno otvoreno su\u010delje, a maksimalno optere\u0107enje je AC 250V\/10A, DC 30V\/10A.<\/li>\n<li>Upravlja\u010dki modul releja od 12 V, ima dizajn otporan na kvarove, \u0161to zna\u010di da \u010dak i ako je upravlja\u010dka linija prekinuta, relej ne\u0107e raditi.<\/li>\n<li>Izolacija SMD optokaplera i sna\u017ena pogonska sposobnost \u010dine da relejni modul odr\u017eava stabilne performanse.<\/li>\n<li>Sva se su\u010delja mogu izravno spojiti preko priklju\u010dnog bloka, koji ima dobru kompatibilnost.<\/li>\n<li>Postoje tri napona za odabir u relejnom modulu, zasebno su 5V 12V 24V.<\/li>\n<\/ul>\n<p>&nbsp;<\/p>\n","protected":false},"excerpt":{"rendered":"<p>Modul koristi visokokvalitetni relej i normalno otvoreno su\u010delje, a maksimalno optere\u0107enje je AC 250V\/10A, DC 30V\/10A.<\/p>\n","protected":false},"featured_media":5724,"comment_status":"closed","ping_status":"closed","template":"","meta":{"_acf_changed":false},"product_brand":[],"product_cat":[482,481,809,483],"product_tag":[],"brand":[],"class_list":{"0":"post-12207","1":"product","2":"type-product","3":"status-publish","4":"has-post-thumbnail","6":"product_cat-rezervni-dijelovi","7":"product_cat-akcija","8":"product_cat-elektronika-hr","9":"product_cat-svi-rezervni-dijelovi","11":"first","12":"instock","13":"sale","14":"taxable","15":"shipping-taxable","16":"purchasable","17":"product-type-simple"},"acf":[],"_links":{"self":[{"href":"https:\/\/azurefilm.com\/hr\/wp-json\/wp\/v2\/product\/12207","targetHints":{"allow":["GET"]}}],"collection":[{"href":"https:\/\/azurefilm.com\/hr\/wp-json\/wp\/v2\/product"}],"about":[{"href":"https:\/\/azurefilm.com\/hr\/wp-json\/wp\/v2\/types\/product"}],"replies":[{"embeddable":true,"href":"https:\/\/azurefilm.com\/hr\/wp-json\/wp\/v2\/comments?post=12207"}],"wp:featuredmedia":[{"embeddable":true,"href":"https:\/\/azurefilm.com\/hr\/wp-json\/wp\/v2\/media\/5724"}],"wp:attachment":[{"href":"https:\/\/azurefilm.com\/hr\/wp-json\/wp\/v2\/media?parent=12207"}],"wp:term":[{"taxonomy":"product_brand","embeddable":true,"href":"https:\/\/azurefilm.com\/hr\/wp-json\/wp\/v2\/product_brand?post=12207"},{"taxonomy":"product_cat","embeddable":true,"href":"https:\/\/azurefilm.com\/hr\/wp-json\/wp\/v2\/product_cat?post=12207"},{"taxonomy":"product_tag","embeddable":true,"href":"https:\/\/azurefilm.com\/hr\/wp-json\/wp\/v2\/product_tag?post=12207"},{"taxonomy":"brand","embeddable":true,"href":"https:\/\/azurefilm.com\/hr\/wp-json\/wp\/v2\/brand?post=12207"}],"curies":[{"name":"wp","href":"https:\/\/api.w.org\/{rel}","templated":true}]}}