
{"id":12213,"date":"2023-10-29T14:22:30","date_gmt":"2023-10-29T14:22:30","guid":{"rendered":"https:\/\/azurefilm.com\/product\/driver-za-motor-drv8825\/"},"modified":"2026-01-02T10:37:30","modified_gmt":"2026-01-02T10:37:30","slug":"driver-za-motor-drv8825","status":"publish","type":"product","link":"https:\/\/azurefilm.com\/hr\/proizvod\/driver-za-motor-drv8825\/","title":{"rendered":"Driver za motor DRV8825"},"content":{"rendered":"<h2><strong>Klju\u010dne zna\u010dajke:<\/strong><\/h2>\n<ul>\n<li>4-slojno, pobolj\u0161ano odvo\u0111enje topline, jednostavno su\u010delje za kontrolu koraka i smjera.<\/li>\n<li>\u0160est razli\u010ditih razlu\u010divosti koraka: cijeli korak, pola koraka, 1\/4 koraka, 1\/8 koraka, 1\/16 koraka i 1\/32 koraka.<\/li>\n<li>Podesiva kontrola struje omogu\u0107uje vam da potenciometrom postavite maksimalnu izlaznu struju, \u0161to vam omogu\u0107uje kori\u0161tenje napona iznad nazivnog napona va\u0161eg kora\u010dnog motora kako biste postigli vi\u0161e.<\/li>\n<li>45 V maksimalni napon napajanja.<\/li>\n<li>Ugra\u0111eni regulator.<\/li>\n<li>Mo\u017ee se izravno povezati sa sustavima od 3,3 V i 5 V.<\/li>\n<li>Terminsko isklju\u010divanje zbog previsoke temperature, isklju\u010divanje preko struje i zaklju\u010davanje pod naponom.<\/li>\n<\/ul>\n","protected":false},"excerpt":{"rendered":"<p><strong>Motor driver DRV8825<\/strong> je plo\u010da koja se \u010desto koristi u 3D printanju i ima neke od najboljih zna\u010dajki.<\/p>\n","protected":false},"featured_media":5818,"comment_status":"closed","ping_status":"closed","template":"","meta":{"_acf_changed":false},"product_brand":[],"product_cat":[481,507,506,482,483],"product_tag":[],"brand":[],"class_list":{"0":"post-12213","1":"product","2":"type-product","3":"status-publish","4":"has-post-thumbnail","6":"product_cat-akcija","7":"product_cat-driveri-za-motore","8":"product_cat-motori-driveri","9":"product_cat-rezervni-dijelovi","10":"product_cat-svi-rezervni-dijelovi","12":"first","13":"instock","14":"sale","15":"taxable","16":"shipping-taxable","17":"purchasable","18":"product-type-simple"},"acf":[],"_links":{"self":[{"href":"https:\/\/azurefilm.com\/hr\/wp-json\/wp\/v2\/product\/12213","targetHints":{"allow":["GET"]}}],"collection":[{"href":"https:\/\/azurefilm.com\/hr\/wp-json\/wp\/v2\/product"}],"about":[{"href":"https:\/\/azurefilm.com\/hr\/wp-json\/wp\/v2\/types\/product"}],"replies":[{"embeddable":true,"href":"https:\/\/azurefilm.com\/hr\/wp-json\/wp\/v2\/comments?post=12213"}],"wp:featuredmedia":[{"embeddable":true,"href":"https:\/\/azurefilm.com\/hr\/wp-json\/wp\/v2\/media\/5818"}],"wp:attachment":[{"href":"https:\/\/azurefilm.com\/hr\/wp-json\/wp\/v2\/media?parent=12213"}],"wp:term":[{"taxonomy":"product_brand","embeddable":true,"href":"https:\/\/azurefilm.com\/hr\/wp-json\/wp\/v2\/product_brand?post=12213"},{"taxonomy":"product_cat","embeddable":true,"href":"https:\/\/azurefilm.com\/hr\/wp-json\/wp\/v2\/product_cat?post=12213"},{"taxonomy":"product_tag","embeddable":true,"href":"https:\/\/azurefilm.com\/hr\/wp-json\/wp\/v2\/product_tag?post=12213"},{"taxonomy":"brand","embeddable":true,"href":"https:\/\/azurefilm.com\/hr\/wp-json\/wp\/v2\/brand?post=12213"}],"curies":[{"name":"wp","href":"https:\/\/api.w.org\/{rel}","templated":true}]}}