
{"id":12215,"date":"2023-10-29T14:22:30","date_gmt":"2023-10-29T14:22:30","guid":{"rendered":"https:\/\/azurefilm.com\/product\/grijac-40w\/"},"modified":"2026-03-13T18:29:52","modified_gmt":"2026-03-13T18:29:52","slug":"grijac-40w","status":"publish","type":"product","link":"https:\/\/azurefilm.com\/hr\/proizvod\/grijac-40w\/","title":{"rendered":"Grija\u010d 40W 12\/24V"},"content":{"rendered":"<h2><b>Klju\u010dne zna\u010dajke:<\/b><\/h2>\n<ul>\n<li>Grija\u010di ulo\u017eaka sastoje se od cilindri\u010dne cijevi od nehr\u0111aju\u0107eg \u010delika i stoga \u0161tite od korozije.<\/li>\n<li>Grija\u0107a \u017eica unutar koje je namotana na kerami\u010dku jezgru.<\/li>\n<li>Broj zavojnica varira ovisno o snazi i osigurava izvrsnu ravnomjernu raspodjelu topline, \u0161to znatno produ\u017euje vijek trajanja grija\u010da, te sprje\u010dava oksidaciju \u017eice grija\u010da \u010dak i pri visokim temperaturama.<\/li>\n<li>Napon: 12V, 24V<\/li>\n<li>Snaga: 40w<\/li>\n<li>Materijal: nehr\u0111aju\u0107i \u010delik<\/li>\n<li>Du\u017eina \u017eice: 1 m<\/li>\n<li>Promjer: 6 mm; Duljina: 20 mm<\/li>\n<\/ul>\n","protected":false},"excerpt":{"rendered":"<p><strong>Grija\u010d od 40W<\/strong> sastoji se od cilindri\u010dne cijevi od nehr\u0111aju\u0107eg \u010delika i na taj se na\u010din osigurava prevencija korozije.<\/p>\n","protected":false},"featured_media":5844,"comment_status":"closed","ping_status":"closed","template":"","meta":{"_acf_changed":false},"product_brand":[],"product_cat":[481,497,495,482,483],"product_tag":[],"brand":[],"class_list":{"0":"post-12215","1":"product","2":"type-product","3":"status-publish","4":"has-post-thumbnail","6":"product_cat-akcija","7":"product_cat-djelovi-ekstrudera","8":"product_cat-ekstruderi","9":"product_cat-rezervni-dijelovi","10":"product_cat-svi-rezervni-dijelovi","11":"pa_compatible-with-creality-fdm-3d-printers","12":"pa_fits-printer-creality-cr-10-smart","13":"pa_fits-printer-creality-cr-30-printmill","14":"pa_fits-printer-creality-cr-5-pro-h","15":"pa_fits-printer-creality-cr-6-max","16":"pa_fits-printer-creality-cr-6-se","17":"pa_fits-printer-creality-cr-m4","18":"pa_fits-printer-creality-ender-3","19":"pa_fits-printer-creality-ender-3-v2-neo","21":"first","22":"instock","23":"sale","24":"taxable","25":"shipping-taxable","26":"purchasable","27":"product-type-variable"},"acf":[],"_links":{"self":[{"href":"https:\/\/azurefilm.com\/hr\/wp-json\/wp\/v2\/product\/12215","targetHints":{"allow":["GET"]}}],"collection":[{"href":"https:\/\/azurefilm.com\/hr\/wp-json\/wp\/v2\/product"}],"about":[{"href":"https:\/\/azurefilm.com\/hr\/wp-json\/wp\/v2\/types\/product"}],"replies":[{"embeddable":true,"href":"https:\/\/azurefilm.com\/hr\/wp-json\/wp\/v2\/comments?post=12215"}],"wp:featuredmedia":[{"embeddable":true,"href":"https:\/\/azurefilm.com\/hr\/wp-json\/wp\/v2\/media\/5844"}],"wp:attachment":[{"href":"https:\/\/azurefilm.com\/hr\/wp-json\/wp\/v2\/media?parent=12215"}],"wp:term":[{"taxonomy":"product_brand","embeddable":true,"href":"https:\/\/azurefilm.com\/hr\/wp-json\/wp\/v2\/product_brand?post=12215"},{"taxonomy":"product_cat","embeddable":true,"href":"https:\/\/azurefilm.com\/hr\/wp-json\/wp\/v2\/product_cat?post=12215"},{"taxonomy":"product_tag","embeddable":true,"href":"https:\/\/azurefilm.com\/hr\/wp-json\/wp\/v2\/product_tag?post=12215"},{"taxonomy":"brand","embeddable":true,"href":"https:\/\/azurefilm.com\/hr\/wp-json\/wp\/v2\/brand?post=12215"}],"curies":[{"name":"wp","href":"https:\/\/api.w.org\/{rel}","templated":true}]}}