
{"id":12216,"date":"2023-10-29T14:22:30","date_gmt":"2023-10-29T14:22:30","guid":{"rendered":"https:\/\/azurefilm.com\/product\/linearni-lezajevi\/"},"modified":"2026-03-30T20:31:54","modified_gmt":"2026-03-30T20:31:54","slug":"linearni-lezajevi","status":"publish","type":"product","link":"https:\/\/azurefilm.com\/hr\/proizvod\/linearni-lezajevi\/","title":{"rendered":"Linearni le\u017eajevi"},"content":{"rendered":"<h2><strong>Dimenzije:<\/strong><\/h2>\n<ul>\n<li>Vanjski fi 15mm, unutarnji fi 8mm, duljina 24mm<\/li>\n<li>Vanjski fi 15mm, unutarnji fi 8mm, duljina 45mm<\/li>\n<li>Vanjski fi 19mm, unutarnji fi 10mm, duljina 55mm<\/li>\n<li>Vanjski fi 21mm, unutarnji fi 12mm, duljina 57mm<\/li>\n<\/ul>\n<h2><strong>Klju\u010dne zna\u010dajke:<\/strong><\/h2>\n<ul>\n<li>Linearni le\u017eajevi su se pokazali dugotrajnima.<\/li>\n<li>Pru\u017eaju precizno linearno kretanje s malim trenjem.<\/li>\n<li>Koristi se za dizajn proizvoda za linearno kretanje, mo\u017ee biti u kombinaciji s linearnim le\u017eajem kako bi se osigurala izvrsna izvedba pod velikim optere\u0107enjem ili tijekom dugogo trajanja.<\/li>\n<li>Glatko kretanje, nisko trenje, velika krutost i dug vijek trajanja.<\/li>\n<\/ul>\n","protected":false},"excerpt":{"rendered":"<p><strong>Linearni le\u017eajevi<\/strong> dokazali su se dugotrajnima i pru\u017eaju precizno linearno kretanje s malim trenjem.<\/p>\n","protected":false},"featured_media":5857,"comment_status":"closed","ping_status":"closed","template":"","meta":{"_acf_changed":false},"product_brand":[],"product_cat":[481,485,482,483],"product_tag":[],"brand":[],"class_list":{"0":"post-12216","1":"product","2":"type-product","3":"status-publish","4":"has-post-thumbnail","6":"product_cat-akcija","7":"product_cat-lezajevi-i-vodilice","8":"product_cat-rezervni-dijelovi","9":"product_cat-svi-rezervni-dijelovi","11":"first","12":"instock","13":"sale","14":"taxable","15":"shipping-taxable","16":"purchasable","17":"product-type-variable"},"acf":[],"_links":{"self":[{"href":"https:\/\/azurefilm.com\/hr\/wp-json\/wp\/v2\/product\/12216","targetHints":{"allow":["GET"]}}],"collection":[{"href":"https:\/\/azurefilm.com\/hr\/wp-json\/wp\/v2\/product"}],"about":[{"href":"https:\/\/azurefilm.com\/hr\/wp-json\/wp\/v2\/types\/product"}],"replies":[{"embeddable":true,"href":"https:\/\/azurefilm.com\/hr\/wp-json\/wp\/v2\/comments?post=12216"}],"wp:featuredmedia":[{"embeddable":true,"href":"https:\/\/azurefilm.com\/hr\/wp-json\/wp\/v2\/media\/5857"}],"wp:attachment":[{"href":"https:\/\/azurefilm.com\/hr\/wp-json\/wp\/v2\/media?parent=12216"}],"wp:term":[{"taxonomy":"product_brand","embeddable":true,"href":"https:\/\/azurefilm.com\/hr\/wp-json\/wp\/v2\/product_brand?post=12216"},{"taxonomy":"product_cat","embeddable":true,"href":"https:\/\/azurefilm.com\/hr\/wp-json\/wp\/v2\/product_cat?post=12216"},{"taxonomy":"product_tag","embeddable":true,"href":"https:\/\/azurefilm.com\/hr\/wp-json\/wp\/v2\/product_tag?post=12216"},{"taxonomy":"brand","embeddable":true,"href":"https:\/\/azurefilm.com\/hr\/wp-json\/wp\/v2\/brand?post=12216"}],"curies":[{"name":"wp","href":"https:\/\/api.w.org\/{rel}","templated":true}]}}