
{"id":12222,"date":"2023-10-29T14:22:30","date_gmt":"2023-10-29T14:22:30","guid":{"rendered":"https:\/\/azurefilm.com\/product\/blok-silikonski-poklopac-mk10\/"},"modified":"2026-02-27T13:57:04","modified_gmt":"2026-02-27T13:57:04","slug":"blok-silikonski-poklopac-mk10","status":"publish","type":"product","link":"https:\/\/azurefilm.com\/hr\/proizvod\/blok-silikonski-poklopac-mk10\/","title":{"rendered":"Blok silikonski poklopac MK10"},"content":{"rendered":"<h2><strong>Klju\u010dne zna\u010dajke:<\/strong><\/h2>\n<ul>\n<li>Mo\u017eete odr\u017eavati svoj blok potpuno \u010distim s blok silikonskom maskom MK10, \u010dak i nakon dugog kori\u0161tenja va\u0161eg bloka.<\/li>\n<li>Blok silikonska maska MK10 odr\u017eavat \u0107e va\u0161u mlaznicu \u010distom i bez zagorene pocrnjele plastike.<\/li>\n<li>Ona nudi veliko pove\u0107anje stabilnosti temperature, osobito ako koristite hla\u0111enje velikim protokom zraka oko mlaznice za hla\u0111enje printa.<\/li>\n<li>Izra\u0111ena od silikonskog materijala otpornog na toplinu koji se ne lijepi. Ovo stvarno poma\u017ee kod ljepljivih materijala poput kopoliestera i punjenih materijala koji se rado nakupljaju na mlaznicama.<\/li>\n<li>Otpornost na visoke temperature: 280 \u2103.<\/li>\n<li>Produ\u017eite vijek trajanja bloka grija\u010da i ekstrudera odr\u017eavaju\u0107i ih \u010di\u0161tima.<\/li>\n<li>Maska tako\u0111er djeluje kao izolator za ispisnu glavu. Skratit \u0107e vrijeme zagrijavanja i pomo\u0107i u odr\u017eavanju konstantne temperature tijekom printanja.<\/li>\n<li>Za pisa\u010de: Ender 3, CR10, CR10S, CR10 S4, CR10 S5.<\/li>\n<li>20x12x12mm.<\/li>\n<li>Paket uklju\u010duje:<strong> 1x blok silikonsku masku MK10<\/strong><\/li>\n<\/ul>\n","protected":false},"excerpt":{"rendered":"<p><strong>Blok silikonski poklopac MK10 <\/strong>je vrlo va\u017ean dio 3D pisa\u010da koji osigurava da se ne pregrije glava. Prikladan za Ender 3, CR10, CR10S, CR10 S4, CR10 S5.<\/p>\n","protected":false},"featured_media":5935,"comment_status":"closed","ping_status":"closed","template":"","meta":{"_acf_changed":false},"product_brand":[],"product_cat":[481,512,482,483],"product_tag":[],"brand":[],"class_list":{"0":"post-12222","1":"product","2":"type-product","3":"status-publish","4":"has-post-thumbnail","6":"product_cat-akcija","7":"product_cat-drugi-proizvodi","8":"product_cat-rezervni-dijelovi","9":"product_cat-svi-rezervni-dijelovi","11":"first","12":"instock","13":"sale","14":"taxable","15":"shipping-taxable","16":"purchasable","17":"product-type-simple"},"acf":[],"_links":{"self":[{"href":"https:\/\/azurefilm.com\/hr\/wp-json\/wp\/v2\/product\/12222","targetHints":{"allow":["GET"]}}],"collection":[{"href":"https:\/\/azurefilm.com\/hr\/wp-json\/wp\/v2\/product"}],"about":[{"href":"https:\/\/azurefilm.com\/hr\/wp-json\/wp\/v2\/types\/product"}],"replies":[{"embeddable":true,"href":"https:\/\/azurefilm.com\/hr\/wp-json\/wp\/v2\/comments?post=12222"}],"wp:featuredmedia":[{"embeddable":true,"href":"https:\/\/azurefilm.com\/hr\/wp-json\/wp\/v2\/media\/5935"}],"wp:attachment":[{"href":"https:\/\/azurefilm.com\/hr\/wp-json\/wp\/v2\/media?parent=12222"}],"wp:term":[{"taxonomy":"product_brand","embeddable":true,"href":"https:\/\/azurefilm.com\/hr\/wp-json\/wp\/v2\/product_brand?post=12222"},{"taxonomy":"product_cat","embeddable":true,"href":"https:\/\/azurefilm.com\/hr\/wp-json\/wp\/v2\/product_cat?post=12222"},{"taxonomy":"product_tag","embeddable":true,"href":"https:\/\/azurefilm.com\/hr\/wp-json\/wp\/v2\/product_tag?post=12222"},{"taxonomy":"brand","embeddable":true,"href":"https:\/\/azurefilm.com\/hr\/wp-json\/wp\/v2\/brand?post=12222"}],"curies":[{"name":"wp","href":"https:\/\/api.w.org\/{rel}","templated":true}]}}