
{"id":12223,"date":"2023-10-29T14:22:30","date_gmt":"2023-10-29T14:22:30","guid":{"rendered":"https:\/\/azurefilm.com\/product\/grijaci-blok\/"},"modified":"2023-10-29T15:34:52","modified_gmt":"2023-10-29T15:34:52","slug":"grijaci-blok","status":"publish","type":"product","link":"https:\/\/azurefilm.com\/hr\/proizvod\/grijaci-blok\/","title":{"rendered":"Grija\u0107i blok"},"content":{"rendered":"<h2><strong>Klju\u010dne zna\u010dajke bloka topline:<\/strong><\/h2>\n<ul>\n<li>32x14x13.5mm<\/li>\n<li>Izra\u0111en od visokokvalitetnog aluminija<\/li>\n<\/ul>\n","protected":false},"excerpt":{"rendered":"<p><strong>Grija\u0107i blok<\/strong> dimenzija 32x14x13,5mm, napravljen od visokokvalitetnog aluminija.<\/p>\n","protected":false},"featured_media":5940,"comment_status":"closed","ping_status":"closed","template":"","meta":{"_acf_changed":false},"product_brand":[],"product_cat":[482,483,502],"product_tag":[],"brand":[],"class_list":{"0":"post-12223","1":"product","2":"type-product","3":"status-publish","4":"has-post-thumbnail","6":"product_cat-rezervni-dijelovi","7":"product_cat-svi-rezervni-dijelovi","8":"product_cat-toplotski-blokovi","10":"first","11":"outofstock","12":"taxable","13":"shipping-taxable","14":"purchasable","15":"product-type-simple"},"acf":[],"_links":{"self":[{"href":"https:\/\/azurefilm.com\/hr\/wp-json\/wp\/v2\/product\/12223","targetHints":{"allow":["GET"]}}],"collection":[{"href":"https:\/\/azurefilm.com\/hr\/wp-json\/wp\/v2\/product"}],"about":[{"href":"https:\/\/azurefilm.com\/hr\/wp-json\/wp\/v2\/types\/product"}],"replies":[{"embeddable":true,"href":"https:\/\/azurefilm.com\/hr\/wp-json\/wp\/v2\/comments?post=12223"}],"wp:featuredmedia":[{"embeddable":true,"href":"https:\/\/azurefilm.com\/hr\/wp-json\/wp\/v2\/media\/5940"}],"wp:attachment":[{"href":"https:\/\/azurefilm.com\/hr\/wp-json\/wp\/v2\/media?parent=12223"}],"wp:term":[{"taxonomy":"product_brand","embeddable":true,"href":"https:\/\/azurefilm.com\/hr\/wp-json\/wp\/v2\/product_brand?post=12223"},{"taxonomy":"product_cat","embeddable":true,"href":"https:\/\/azurefilm.com\/hr\/wp-json\/wp\/v2\/product_cat?post=12223"},{"taxonomy":"product_tag","embeddable":true,"href":"https:\/\/azurefilm.com\/hr\/wp-json\/wp\/v2\/product_tag?post=12223"},{"taxonomy":"brand","embeddable":true,"href":"https:\/\/azurefilm.com\/hr\/wp-json\/wp\/v2\/brand?post=12223"}],"curies":[{"name":"wp","href":"https:\/\/api.w.org\/{rel}","templated":true}]}}