
{"id":12225,"date":"2023-10-29T14:22:30","date_gmt":"2023-10-29T14:22:30","guid":{"rendered":"https:\/\/azurefilm.com\/product\/pc4-m5-pneumatski-konektor\/"},"modified":"2026-03-30T07:20:37","modified_gmt":"2026-03-30T07:20:37","slug":"pc4-m5-pneumatski-konektor","status":"publish","type":"product","link":"https:\/\/azurefilm.com\/hr\/proizvod\/pc4-m5-pneumatski-konektor\/","title":{"rendered":"Bowden priklju\u010dak PC4-M5"},"content":{"rendered":"<h4>Bowden priklju\u010dak PC4-M5<\/h4>\n<h3><strong>Klju\u010dne zna\u010dajke:<\/strong><\/h3>\n<ul>\n<li><strong>PC4-M5 pneumatski konektor <\/strong>za Bowden ekstruder (M5 navojni priklju\u010dak \u2013 PTFE)<\/li>\n<li>Koristi se u 3D printanju za spajanje Bowden cijevi na ekstruder i na hotend<\/li>\n<li>Jednostavna instalacija: spojite umetanjem cijevi i ona \u0107e se automatski \u010dvrsto zaklju\u010dati. Lako odvojite cijev jednim pritiskom na plasti\u010dni \u010dep<\/li>\n<li>Kompatibilnost: kompatibilan sa svim 1.75 mm PLA, ABS 3D pisa\u010dima<\/li>\n<li>Slobodno podr\u017eava okretanje pod 360<\/li>\n<li>Materijal je otporan na kemikalije, nezapaljiv i otporan na toplinu<\/li>\n<li>Bowden spoj PC4-M5 teflonska cijev fi 4 mm ne prolazi<\/li>\n<li>Materijal: bakar i plastika<\/li>\n<li>Boja: zlatna i plava<\/li>\n<li>Navoj: M5<\/li>\n<\/ul>\n","protected":false},"excerpt":{"rendered":"<p><span style=\"vertical-align: inherit;\">Bowden priklju\u010dak PC4-M5 koji se koristi u 3D ispisu za spajanje Bowden cijevi na ekstruder i na hotend.<\/span><\/p>\n","protected":false},"featured_media":5958,"comment_status":"closed","ping_status":"closed","template":"","meta":{"_acf_changed":false},"product_brand":[],"product_cat":[481,487,497,495,482,483],"product_tag":[],"brand":[],"class_list":{"0":"post-12225","1":"product","2":"type-product","3":"status-publish","4":"has-post-thumbnail","6":"product_cat-akcija","7":"product_cat-bowden-cijevi","8":"product_cat-djelovi-ekstrudera","9":"product_cat-ekstruderi","10":"product_cat-rezervni-dijelovi","11":"product_cat-svi-rezervni-dijelovi","13":"first","14":"outofstock","15":"sale","16":"taxable","17":"shipping-taxable","18":"purchasable","19":"product-type-simple"},"acf":[],"_links":{"self":[{"href":"https:\/\/azurefilm.com\/hr\/wp-json\/wp\/v2\/product\/12225","targetHints":{"allow":["GET"]}}],"collection":[{"href":"https:\/\/azurefilm.com\/hr\/wp-json\/wp\/v2\/product"}],"about":[{"href":"https:\/\/azurefilm.com\/hr\/wp-json\/wp\/v2\/types\/product"}],"replies":[{"embeddable":true,"href":"https:\/\/azurefilm.com\/hr\/wp-json\/wp\/v2\/comments?post=12225"}],"wp:featuredmedia":[{"embeddable":true,"href":"https:\/\/azurefilm.com\/hr\/wp-json\/wp\/v2\/media\/5958"}],"wp:attachment":[{"href":"https:\/\/azurefilm.com\/hr\/wp-json\/wp\/v2\/media?parent=12225"}],"wp:term":[{"taxonomy":"product_brand","embeddable":true,"href":"https:\/\/azurefilm.com\/hr\/wp-json\/wp\/v2\/product_brand?post=12225"},{"taxonomy":"product_cat","embeddable":true,"href":"https:\/\/azurefilm.com\/hr\/wp-json\/wp\/v2\/product_cat?post=12225"},{"taxonomy":"product_tag","embeddable":true,"href":"https:\/\/azurefilm.com\/hr\/wp-json\/wp\/v2\/product_tag?post=12225"},{"taxonomy":"brand","embeddable":true,"href":"https:\/\/azurefilm.com\/hr\/wp-json\/wp\/v2\/brand?post=12225"}],"curies":[{"name":"wp","href":"https:\/\/api.w.org\/{rel}","templated":true}]}}