
{"id":12226,"date":"2023-10-29T14:22:30","date_gmt":"2023-10-29T14:22:30","guid":{"rendered":"https:\/\/azurefilm.com\/product\/hladnjak-ekstrudera-e3d-v5\/"},"modified":"2023-10-29T15:34:57","modified_gmt":"2023-10-29T15:34:57","slug":"hladnjak-ekstrudera-e3d-v5","status":"publish","type":"product","link":"https:\/\/azurefilm.com\/hr\/proizvod\/hladnjak-ekstrudera-e3d-v5\/","title":{"rendered":"Hladnjak ekstrudera E3D V5"},"content":{"rendered":"<h2><strong>Klju\u010dne zna\u010dajke:<\/strong><\/h2>\n<ul>\n<li>Hladnjak ekstrudera od 1.75 mm<\/li>\n<li>Fi 25x50mm<\/li>\n<li>Ovi hladnjaci od nehr\u0111aju\u0107eg \u010delika posebno su dizajnirani za 3D pisa\u010de<\/li>\n<li>Dizajn otpornosti na rezanje i toplinu<\/li>\n<li>Cijev za dovod je glatka, bez curenja<\/li>\n<li>Materijal od nehr\u0111aju\u0107eg \u010delika, izdr\u017eljiv i dugotrajan<\/li>\n<li>Bez veze<\/li>\n<\/ul>\n","protected":false},"excerpt":{"rendered":"<p><strong>Hladnjak ekstrudera E3D V5<\/strong> je hladnjak od nehr\u0111aju\u0107eg \u010delika posebno dizajniran za 3D pisa\u010de.<\/p>\n","protected":false},"featured_media":5975,"comment_status":"closed","ping_status":"closed","template":"","meta":{"_acf_changed":false},"product_brand":[],"product_cat":[481,482,483,502],"product_tag":[],"brand":[],"class_list":{"0":"post-12226","1":"product","2":"type-product","3":"status-publish","4":"has-post-thumbnail","6":"product_cat-akcija","7":"product_cat-rezervni-dijelovi","8":"product_cat-svi-rezervni-dijelovi","9":"product_cat-toplotski-blokovi","11":"first","12":"instock","13":"sale","14":"taxable","15":"shipping-taxable","16":"purchasable","17":"product-type-simple"},"acf":[],"_links":{"self":[{"href":"https:\/\/azurefilm.com\/hr\/wp-json\/wp\/v2\/product\/12226","targetHints":{"allow":["GET"]}}],"collection":[{"href":"https:\/\/azurefilm.com\/hr\/wp-json\/wp\/v2\/product"}],"about":[{"href":"https:\/\/azurefilm.com\/hr\/wp-json\/wp\/v2\/types\/product"}],"replies":[{"embeddable":true,"href":"https:\/\/azurefilm.com\/hr\/wp-json\/wp\/v2\/comments?post=12226"}],"wp:featuredmedia":[{"embeddable":true,"href":"https:\/\/azurefilm.com\/hr\/wp-json\/wp\/v2\/media\/5975"}],"wp:attachment":[{"href":"https:\/\/azurefilm.com\/hr\/wp-json\/wp\/v2\/media?parent=12226"}],"wp:term":[{"taxonomy":"product_brand","embeddable":true,"href":"https:\/\/azurefilm.com\/hr\/wp-json\/wp\/v2\/product_brand?post=12226"},{"taxonomy":"product_cat","embeddable":true,"href":"https:\/\/azurefilm.com\/hr\/wp-json\/wp\/v2\/product_cat?post=12226"},{"taxonomy":"product_tag","embeddable":true,"href":"https:\/\/azurefilm.com\/hr\/wp-json\/wp\/v2\/product_tag?post=12226"},{"taxonomy":"brand","embeddable":true,"href":"https:\/\/azurefilm.com\/hr\/wp-json\/wp\/v2\/brand?post=12226"}],"curies":[{"name":"wp","href":"https:\/\/api.w.org\/{rel}","templated":true}]}}