
{"id":12229,"date":"2023-10-29T14:22:30","date_gmt":"2023-10-29T14:22:30","guid":{"rendered":"https:\/\/azurefilm.com\/product\/ekstruder-e3d-v6-bowden-tip\/"},"modified":"2026-02-25T13:33:29","modified_gmt":"2026-02-25T13:33:29","slug":"ekstruder-e3d-v6-bowden-tip","status":"publish","type":"product","link":"https:\/\/azurefilm.com\/hr\/proizvod\/ekstruder-e3d-v6-bowden-tip\/","title":{"rendered":"Ekstruder E3D V6 Bowden tip 12\/24V"},"content":{"rendered":"<h2><b>Klju\u010dne zna\u010dajke:<\/b><\/h2>\n<ul>\n<li>Ekstruder je izra\u0111en od visokokvalitetnog nehr\u0111aju\u0107eg \u010delika<\/li>\n<li>Otpornost na visoke temperature<\/li>\n<li>Posebno dizajniran za 3D pisa\u010de<\/li>\n<li>Izdr\u017eljiv i dugotrajan<\/li>\n<li>Uvla\u010di glatko, bez curenja materijala<\/li>\n<li>Kompatibilan s 1.75 mm\/0.4 mm V6<\/li>\n<li>Nije original<\/li>\n<\/ul>\n","protected":false},"excerpt":{"rendered":"<p><strong>Ekstruder E3D V6 Bowden tip<\/strong> izra\u0111en od visokokvalitetnog materijala od nehr\u0111aju\u0107eg \u010delika, otporan na visoke temperature.<\/p>\n","protected":false},"featured_media":6014,"comment_status":"closed","ping_status":"closed","template":"","meta":{"_acf_changed":false},"product_brand":[],"product_cat":[481,497,495,504,482,483],"product_tag":[],"brand":[],"class_list":{"0":"post-12229","1":"product","2":"type-product","3":"status-publish","4":"has-post-thumbnail","6":"product_cat-akcija","7":"product_cat-djelovi-ekstrudera","8":"product_cat-ekstruderi","9":"product_cat-hotendovi","10":"product_cat-rezervni-dijelovi","11":"product_cat-svi-rezervni-dijelovi","13":"first","14":"instock","15":"sale","16":"taxable","17":"shipping-taxable","18":"purchasable","19":"product-type-variable"},"acf":[],"_links":{"self":[{"href":"https:\/\/azurefilm.com\/hr\/wp-json\/wp\/v2\/product\/12229","targetHints":{"allow":["GET"]}}],"collection":[{"href":"https:\/\/azurefilm.com\/hr\/wp-json\/wp\/v2\/product"}],"about":[{"href":"https:\/\/azurefilm.com\/hr\/wp-json\/wp\/v2\/types\/product"}],"replies":[{"embeddable":true,"href":"https:\/\/azurefilm.com\/hr\/wp-json\/wp\/v2\/comments?post=12229"}],"wp:featuredmedia":[{"embeddable":true,"href":"https:\/\/azurefilm.com\/hr\/wp-json\/wp\/v2\/media\/6014"}],"wp:attachment":[{"href":"https:\/\/azurefilm.com\/hr\/wp-json\/wp\/v2\/media?parent=12229"}],"wp:term":[{"taxonomy":"product_brand","embeddable":true,"href":"https:\/\/azurefilm.com\/hr\/wp-json\/wp\/v2\/product_brand?post=12229"},{"taxonomy":"product_cat","embeddable":true,"href":"https:\/\/azurefilm.com\/hr\/wp-json\/wp\/v2\/product_cat?post=12229"},{"taxonomy":"product_tag","embeddable":true,"href":"https:\/\/azurefilm.com\/hr\/wp-json\/wp\/v2\/product_tag?post=12229"},{"taxonomy":"brand","embeddable":true,"href":"https:\/\/azurefilm.com\/hr\/wp-json\/wp\/v2\/brand?post=12229"}],"curies":[{"name":"wp","href":"https:\/\/api.w.org\/{rel}","templated":true}]}}