
{"id":12230,"date":"2023-10-29T14:22:30","date_gmt":"2023-10-29T14:22:30","guid":{"rendered":"https:\/\/azurefilm.com\/product\/grijac-50wntc-100k\/"},"modified":"2025-12-15T13:13:32","modified_gmt":"2025-12-15T13:13:32","slug":"grijac-50wntc-100k","status":"publish","type":"product","link":"https:\/\/azurefilm.com\/hr\/proizvod\/grijac-50wntc-100k\/","title":{"rendered":"Grija\u010d 50W+NTC 100K"},"content":{"rendered":"<h2><b>Key features:<\/b><\/h2>\n<ul>\n<li>Voltage: 12V<\/li>\n<li>Power: 50W<\/li>\n<li>Heating head size: 6x20mm<\/li>\n<li>Total length: 1 Meter<\/li>\n<li>Heating head material: 304 stainless steel<\/li>\n<li>Heating temperature: up to 350 degrees<\/li>\n<li>Fit for Creality 3D printers<\/li>\n<\/ul>\n","protected":false},"excerpt":{"rendered":"<p><strong>Grija\u010d 50W+NTC 100K<\/strong> je izdr\u017eljiv i dugotrajan, izra\u0111en od nehr\u0111aju\u0107eg \u010delika.<\/p>\n","protected":false},"featured_media":6023,"comment_status":"closed","ping_status":"closed","template":"","meta":{"_acf_changed":false},"product_brand":[],"product_cat":[481,512,482,483],"product_tag":[],"brand":[],"class_list":{"0":"post-12230","1":"product","2":"type-product","3":"status-publish","4":"has-post-thumbnail","6":"product_cat-akcija","7":"product_cat-drugi-proizvodi","8":"product_cat-rezervni-dijelovi","9":"product_cat-svi-rezervni-dijelovi","11":"first","12":"instock","13":"sale","14":"taxable","15":"shipping-taxable","16":"purchasable","17":"product-type-simple"},"acf":[],"_links":{"self":[{"href":"https:\/\/azurefilm.com\/hr\/wp-json\/wp\/v2\/product\/12230","targetHints":{"allow":["GET"]}}],"collection":[{"href":"https:\/\/azurefilm.com\/hr\/wp-json\/wp\/v2\/product"}],"about":[{"href":"https:\/\/azurefilm.com\/hr\/wp-json\/wp\/v2\/types\/product"}],"replies":[{"embeddable":true,"href":"https:\/\/azurefilm.com\/hr\/wp-json\/wp\/v2\/comments?post=12230"}],"wp:featuredmedia":[{"embeddable":true,"href":"https:\/\/azurefilm.com\/hr\/wp-json\/wp\/v2\/media\/6023"}],"wp:attachment":[{"href":"https:\/\/azurefilm.com\/hr\/wp-json\/wp\/v2\/media?parent=12230"}],"wp:term":[{"taxonomy":"product_brand","embeddable":true,"href":"https:\/\/azurefilm.com\/hr\/wp-json\/wp\/v2\/product_brand?post=12230"},{"taxonomy":"product_cat","embeddable":true,"href":"https:\/\/azurefilm.com\/hr\/wp-json\/wp\/v2\/product_cat?post=12230"},{"taxonomy":"product_tag","embeddable":true,"href":"https:\/\/azurefilm.com\/hr\/wp-json\/wp\/v2\/product_tag?post=12230"},{"taxonomy":"brand","embeddable":true,"href":"https:\/\/azurefilm.com\/hr\/wp-json\/wp\/v2\/brand?post=12230"}],"curies":[{"name":"wp","href":"https:\/\/api.w.org\/{rel}","templated":true}]}}