
{"id":12231,"date":"2023-10-29T14:22:58","date_gmt":"2023-10-29T14:22:58","guid":{"rendered":"https:\/\/azurefilm.com\/product\/crni-profil-20x40\/"},"modified":"2026-03-09T19:26:54","modified_gmt":"2026-03-09T19:26:54","slug":"crni-profil-20x40","status":"publish","type":"product","link":"https:\/\/azurefilm.com\/hr\/proizvod\/crni-profil-20x40\/","title":{"rendered":"Crni profil 20&#215;40"},"content":{"rendered":"<h4>Crni profil 20&#215;40<\/h4>\n<h3><b>Klju\u010dne zna\u010dajke:<\/b><\/h3>\n<ul>\n<li>Napon: 12V<\/li>\n<li>Snaga: 50 W<\/li>\n<li>Veli\u010dina grija\u0107e glave: 6x20mm<\/li>\n<li>Ukupna duljina: 1 metar<\/li>\n<li>Materijal grija\u0107e glave: nehr\u0111aju\u0107i \u010delik 304<\/li>\n<li>Temperatura grijanja: do 350 stupnjeva<\/li>\n<li>Prikladno za Creality 3D pisa\u010de<\/li>\n<\/ul>\n","protected":false},"excerpt":{"rendered":"<p>Crni profil 20&#215;40 dimenzija 20&#215;40, kompatibilan sa svim dodacima kao \u0161to su M3, M4, M5 T matice i remenice.<\/p>\n","protected":false},"featured_media":6040,"comment_status":"closed","ping_status":"closed","template":"","meta":{"_acf_changed":false},"product_brand":[],"product_cat":[481,484,482,483],"product_tag":[],"brand":[],"class_list":{"0":"post-12231","1":"product","2":"type-product","3":"status-publish","4":"has-post-thumbnail","6":"product_cat-akcija","7":"product_cat-aluminijski-profili-hr","8":"product_cat-rezervni-dijelovi","9":"product_cat-svi-rezervni-dijelovi","11":"first","12":"instock","13":"sale","14":"taxable","15":"shipping-taxable","16":"purchasable","17":"product-type-variable"},"acf":[],"_links":{"self":[{"href":"https:\/\/azurefilm.com\/hr\/wp-json\/wp\/v2\/product\/12231","targetHints":{"allow":["GET"]}}],"collection":[{"href":"https:\/\/azurefilm.com\/hr\/wp-json\/wp\/v2\/product"}],"about":[{"href":"https:\/\/azurefilm.com\/hr\/wp-json\/wp\/v2\/types\/product"}],"replies":[{"embeddable":true,"href":"https:\/\/azurefilm.com\/hr\/wp-json\/wp\/v2\/comments?post=12231"}],"wp:featuredmedia":[{"embeddable":true,"href":"https:\/\/azurefilm.com\/hr\/wp-json\/wp\/v2\/media\/6040"}],"wp:attachment":[{"href":"https:\/\/azurefilm.com\/hr\/wp-json\/wp\/v2\/media?parent=12231"}],"wp:term":[{"taxonomy":"product_brand","embeddable":true,"href":"https:\/\/azurefilm.com\/hr\/wp-json\/wp\/v2\/product_brand?post=12231"},{"taxonomy":"product_cat","embeddable":true,"href":"https:\/\/azurefilm.com\/hr\/wp-json\/wp\/v2\/product_cat?post=12231"},{"taxonomy":"product_tag","embeddable":true,"href":"https:\/\/azurefilm.com\/hr\/wp-json\/wp\/v2\/product_tag?post=12231"},{"taxonomy":"brand","embeddable":true,"href":"https:\/\/azurefilm.com\/hr\/wp-json\/wp\/v2\/brand?post=12231"}],"curies":[{"name":"wp","href":"https:\/\/api.w.org\/{rel}","templated":true}]}}