
{"id":12233,"date":"2023-10-29T14:22:58","date_gmt":"2023-10-29T14:22:58","guid":{"rendered":"https:\/\/azurefilm.com\/product\/linearna-tracnica-s-kolicima-mgn12\/"},"modified":"2026-01-30T10:01:33","modified_gmt":"2026-01-30T10:01:33","slug":"linearna-tracnica-s-kolicima-mgn12","status":"publish","type":"product","link":"https:\/\/azurefilm.com\/hr\/proizvod\/linearna-tracnica-s-kolicima-mgn12\/","title":{"rendered":"Linearna tra\u010dnica s kolicima MGN12"},"content":{"rendered":"<h2><strong>Klju\u010dne zna\u010dajke:<\/strong><\/h2>\n<ul>\n<li>Izra\u0111en od nehr\u0111aju\u0107eg \u010delika<\/li>\n<li>Kre\u0107e se glatko bez skretanja<\/li>\n<li>Visoka to\u010dnost<\/li>\n<li>Minimalno no\u0161en<\/li>\n<li>Niska razina buke<\/li>\n<li>Sustav izvrsno radi i za kretanje kliza\u010da i za pomicanje<\/li>\n<\/ul>\n","protected":false},"excerpt":{"rendered":"<p><strong>Linearna tra\u010dnica s kolicima MGN12<\/strong> izra\u0111ena od nehr\u0111aju\u0107eg \u010delika, pomi\u010de se glatko bez izvijanja.<\/p>\n","protected":false},"featured_media":6050,"comment_status":"closed","ping_status":"closed","template":"","meta":{"_acf_changed":false},"product_brand":[],"product_cat":[481,485,482,483],"product_tag":[],"brand":[],"class_list":{"0":"post-12233","1":"product","2":"type-product","3":"status-publish","4":"has-post-thumbnail","6":"product_cat-akcija","7":"product_cat-lezajevi-i-vodilice","8":"product_cat-rezervni-dijelovi","9":"product_cat-svi-rezervni-dijelovi","11":"first","12":"instock","13":"sale","14":"taxable","15":"shipping-taxable","16":"purchasable","17":"product-type-variable"},"acf":[],"_links":{"self":[{"href":"https:\/\/azurefilm.com\/hr\/wp-json\/wp\/v2\/product\/12233","targetHints":{"allow":["GET"]}}],"collection":[{"href":"https:\/\/azurefilm.com\/hr\/wp-json\/wp\/v2\/product"}],"about":[{"href":"https:\/\/azurefilm.com\/hr\/wp-json\/wp\/v2\/types\/product"}],"replies":[{"embeddable":true,"href":"https:\/\/azurefilm.com\/hr\/wp-json\/wp\/v2\/comments?post=12233"}],"wp:featuredmedia":[{"embeddable":true,"href":"https:\/\/azurefilm.com\/hr\/wp-json\/wp\/v2\/media\/6050"}],"wp:attachment":[{"href":"https:\/\/azurefilm.com\/hr\/wp-json\/wp\/v2\/media?parent=12233"}],"wp:term":[{"taxonomy":"product_brand","embeddable":true,"href":"https:\/\/azurefilm.com\/hr\/wp-json\/wp\/v2\/product_brand?post=12233"},{"taxonomy":"product_cat","embeddable":true,"href":"https:\/\/azurefilm.com\/hr\/wp-json\/wp\/v2\/product_cat?post=12233"},{"taxonomy":"product_tag","embeddable":true,"href":"https:\/\/azurefilm.com\/hr\/wp-json\/wp\/v2\/product_tag?post=12233"},{"taxonomy":"brand","embeddable":true,"href":"https:\/\/azurefilm.com\/hr\/wp-json\/wp\/v2\/brand?post=12233"}],"curies":[{"name":"wp","href":"https:\/\/api.w.org\/{rel}","templated":true}]}}