
{"id":12236,"date":"2023-10-29T14:22:58","date_gmt":"2023-10-29T14:22:58","guid":{"rendered":"https:\/\/azurefilm.com\/product\/mesingana-trapezoidna-matica-s-navojem\/"},"modified":"2026-03-18T16:50:27","modified_gmt":"2026-03-18T16:50:27","slug":"mesingana-trapezoidna-matica-s-navojem","status":"publish","type":"product","link":"https:\/\/azurefilm.com\/hr\/proizvod\/mesingana-trapezoidna-matica-s-navojem\/","title":{"rendered":"Mesingana trapezoidna matica s navojem"},"content":{"rendered":"<h2><strong>Klju\u010dne zna\u010dajke:<\/strong><\/h2>\n<ul>\n<li>Neklizaju\u0107a, antikorozivna, otporna na habanje<\/li>\n<li>Jednostavna za kori\u0161tenje, nema potrebe za obradom<\/li>\n<li>Prikladna za 3D pisa\u010d Z osi 8mm od nehr\u0111aju\u0107eg \u010delika, vode\u0107i vijak s 4 starta<\/li>\n<li>Treba se koristiti s vij\u010danom \u0161ipkom za kora\u010dni motor, vodilicom alatnog stroja i drugom opremom<\/li>\n<li>Materijal: mesing<\/li>\n<li>Cijena je za 1 artikl<\/li>\n<\/ul>\n","protected":false},"excerpt":{"rendered":"<p><strong>Mesingana trapezoidna matica s navojem<\/strong> s protukliznim svojstvima, otporna na koroziju i abraziju.<\/p>\n","protected":false},"featured_media":6065,"comment_status":"closed","ping_status":"closed","template":"","meta":{"_acf_changed":false},"product_brand":[],"product_cat":[481,485,482,483],"product_tag":[],"brand":[],"class_list":{"0":"post-12236","1":"product","2":"type-product","3":"status-publish","4":"has-post-thumbnail","6":"product_cat-akcija","7":"product_cat-lezajevi-i-vodilice","8":"product_cat-rezervni-dijelovi","9":"product_cat-svi-rezervni-dijelovi","11":"first","12":"instock","13":"sale","14":"taxable","15":"shipping-taxable","16":"purchasable","17":"product-type-simple"},"acf":[],"_links":{"self":[{"href":"https:\/\/azurefilm.com\/hr\/wp-json\/wp\/v2\/product\/12236","targetHints":{"allow":["GET"]}}],"collection":[{"href":"https:\/\/azurefilm.com\/hr\/wp-json\/wp\/v2\/product"}],"about":[{"href":"https:\/\/azurefilm.com\/hr\/wp-json\/wp\/v2\/types\/product"}],"replies":[{"embeddable":true,"href":"https:\/\/azurefilm.com\/hr\/wp-json\/wp\/v2\/comments?post=12236"}],"wp:featuredmedia":[{"embeddable":true,"href":"https:\/\/azurefilm.com\/hr\/wp-json\/wp\/v2\/media\/6065"}],"wp:attachment":[{"href":"https:\/\/azurefilm.com\/hr\/wp-json\/wp\/v2\/media?parent=12236"}],"wp:term":[{"taxonomy":"product_brand","embeddable":true,"href":"https:\/\/azurefilm.com\/hr\/wp-json\/wp\/v2\/product_brand?post=12236"},{"taxonomy":"product_cat","embeddable":true,"href":"https:\/\/azurefilm.com\/hr\/wp-json\/wp\/v2\/product_cat?post=12236"},{"taxonomy":"product_tag","embeddable":true,"href":"https:\/\/azurefilm.com\/hr\/wp-json\/wp\/v2\/product_tag?post=12236"},{"taxonomy":"brand","embeddable":true,"href":"https:\/\/azurefilm.com\/hr\/wp-json\/wp\/v2\/brand?post=12236"}],"curies":[{"name":"wp","href":"https:\/\/api.w.org\/{rel}","templated":true}]}}