
{"id":12237,"date":"2023-10-29T14:22:58","date_gmt":"2023-10-29T14:22:58","guid":{"rendered":"https:\/\/azurefilm.com\/product\/mlaznica-04mm-mk8\/"},"modified":"2026-01-08T09:56:30","modified_gmt":"2026-01-08T09:56:30","slug":"mlaznica-mk8-2","status":"publish","type":"product","link":"https:\/\/azurefilm.com\/hr\/proizvod\/mlaznica-mk8-2\/","title":{"rendered":"\u010celi\u010dna mlaznica MK8"},"content":{"rendered":"<h4><span style=\"vertical-align: inherit;\"><span style=\"vertical-align: inherit;\"><span style=\"vertical-align: inherit;\">\u010celi\u010dna mlaznica MK8<\/span><\/span><\/span><\/h4>\n<h3><b><span style=\"vertical-align: inherit;\"><span style=\"vertical-align: inherit;\"><span style=\"vertical-align: inherit;\">Glavne zna\u010dajke:<\/span><\/span><\/span><\/b><\/h3>\n<p><span style=\"vertical-align: inherit;\"><span style=\"vertical-align: inherit;\"><span style=\"vertical-align: inherit;\">\u010celi\u010dna mlaznica MK8 ima nekoliko klju\u010dnih zna\u010dajki koje je \u010dine odli\u010dnim izborom za entuzijaste 3D ispisa koji tra\u017ee pove\u0107anu preciznost i izdr\u017eljivost:<\/span><\/span><\/span><\/p>\n<ul>\n<li><strong><span style=\"vertical-align: inherit;\"><span style=\"vertical-align: inherit;\"><span style=\"vertical-align: inherit;\">Spre\u010davanje curenja:<\/span><\/span><\/span><\/strong><span style=\"vertical-align: inherit;\"><span style=\"vertical-align: inherit;\"><span style=\"vertical-align: inherit;\"> Mlaznica opremljena ulazom od 1,75 mm i ekstruderskim mlaznicama od 0,3\/0,4 mm u\u010dinkovito sprje\u010dava curenje ispisne glave, osiguravaju\u0107i \u010dist i pouzdan proces ispisa.<\/span><\/span><\/span><\/li>\n<li><strong><span style=\"vertical-align: inherit;\"><span style=\"vertical-align: inherit;\"><span style=\"vertical-align: inherit;\">Dosljedni ispisi:<\/span><\/span><\/span><\/strong><span style=\"vertical-align: inherit;\"><span style=\"vertical-align: inherit;\"><span style=\"vertical-align: inherit;\"> Mlaznica olak\u0161ava izradu dosljednih ispisa s glatkom i sjajnom zavr\u0161nom obradom, podi\u017eu\u0107i ukupnu kvalitetu va\u0161ih 3D ispisa.<\/span><\/span><\/span><\/li>\n<li><strong><span style=\"vertical-align: inherit;\"><span style=\"vertical-align: inherit;\"><span style=\"vertical-align: inherit;\">Konstrukcija od nehr\u0111aju\u0107eg \u010delika:<\/span><\/span><\/span><\/strong><span style=\"vertical-align: inherit;\"><span style=\"vertical-align: inherit;\"><span style=\"vertical-align: inherit;\"> Izra\u0111ena od visokokvalitetnog nehr\u0111aju\u0107eg \u010delika, mlaznica nije samo otporna na hr\u0111u i koroziju, ve\u0107 tako\u0111er pokazuje robusnu snagu i izdr\u017eljivost, osiguravaju\u0107i dug radni vijek.\u00a0<\/span><\/span><\/span><\/li>\n<li><strong><span style=\"vertical-align: inherit;\"><span style=\"vertical-align: inherit;\"><span style=\"vertical-align: inherit;\">Jednostavna instalacija:<\/span><\/span><\/span><\/strong><span style=\"vertical-align: inherit;\"><span style=\"vertical-align: inherit;\"><span style=\"vertical-align: inherit;\"> \u010celi\u010dna mlaznica MK8 dizajnirana je za jednostavnu instalaciju, \u0161to je \u010dini dostupnom i po\u010detnicima i iskusnim korisnicima.<\/span><\/span><\/span><\/li>\n<li><strong><span style=\"vertical-align: inherit;\"><span style=\"vertical-align: inherit;\"><span style=\"vertical-align: inherit;\">\u0160iroka kompatibilnost:<\/span><\/span><\/span><\/strong><span style=\"vertical-align: inherit;\"><span style=\"vertical-align: inherit;\"><span style=\"vertical-align: inherit;\"> Kompatibilna sa svim 1,75 mm PLA ABS 3D pisa\u010dima, ova mlaznica nudi svestranost i zadovoljava razli\u010dite postavke 3D ispisa.<\/span><\/span><\/span><\/li>\n<li><strong><span style=\"vertical-align: inherit;\"><span style=\"vertical-align: inherit;\"><span style=\"vertical-align: inherit;\">Kalibracija nakon zamjene:<\/span><\/span><\/span><\/strong><span style=\"vertical-align: inherit;\"><span style=\"vertical-align: inherit;\"><span style=\"vertical-align: inherit;\"> Nakon zamjene mlaznice, preporu\u010duje se ponovno kalibrirati udaljenost izme\u0111u mlaznice i monta\u017ene plo\u010de kako bi se osigurala optimalna kvaliteta ispisanih dijelova.<\/span><\/span><\/span><\/li>\n<li><strong><span style=\"vertical-align: inherit;\"><span style=\"vertical-align: inherit;\"><span style=\"vertical-align: inherit;\">Pristupa\u010dni pojedina\u010dni komad:<\/span><\/span><\/span><\/strong><span style=\"vertical-align: inherit;\"><span style=\"vertical-align: inherit;\"><span style=\"vertical-align: inherit;\"> S cijenom po komadu, ovo nudi pristupa\u010dno rje\u0161enje za korisnike koji \u017eele nadograditi svoje mogu\u0107nosti 3D ispisa bez razbijanja novca. <\/span><\/span><\/span><\/li>\n<\/ul>\n<p><span style=\"vertical-align: inherit;\"><span style=\"vertical-align: inherit;\"><span style=\"vertical-align: inherit;\">\u010celi\u010dna mlaznica MK8 predstavlja vrijednu investiciju, pru\u017eaju\u0107i korisnicima pouzdano, jednostavno i svestrano rje\u0161enje za pobolj\u0161anje njihovog iskustva 3D ispisa. Nadogradite danas i u\u017eivajte u prednostima pobolj\u0161ane kvalitete ispisa i trajnosti.<\/span><\/span><\/span><\/p>\n","protected":false},"excerpt":{"rendered":"<h4><span style=\"vertical-align: inherit;\">\u010celi\u010dna mlaznica MK8<\/span>\u00a0mo\u017ee u\u010dinkovito sprije\u010diti curenje ispisne glave i proizvesti dosljedne printeve s glatkom i sjajnom zavr\u0161nom obradom.<\/h4>\n","protected":false},"featured_media":6074,"comment_status":"closed","ping_status":"closed","template":"","meta":{"_acf_changed":false},"product_brand":[],"product_cat":[481,509,511,482,483],"product_tag":[],"brand":[270],"class_list":{"0":"post-12237","1":"product","2":"type-product","3":"status-publish","4":"has-post-thumbnail","6":"product_cat-akcija","7":"product_cat-mlaznice","8":"product_cat-obicne-mlaznice","9":"product_cat-rezervni-dijelovi","10":"product_cat-svi-rezervni-dijelovi","11":"pa_compatible-with-creality-fdm-3d-printers","12":"pa_fits-printer-creality-ender-3","13":"pa_nozzle-diameter-0-3mm","14":"pa_nozzle-diameter-0-4mm","15":"brand-creality","17":"first","18":"instock","19":"sale","20":"taxable","21":"shipping-taxable","22":"purchasable","23":"product-type-variable"},"acf":[],"_links":{"self":[{"href":"https:\/\/azurefilm.com\/hr\/wp-json\/wp\/v2\/product\/12237","targetHints":{"allow":["GET"]}}],"collection":[{"href":"https:\/\/azurefilm.com\/hr\/wp-json\/wp\/v2\/product"}],"about":[{"href":"https:\/\/azurefilm.com\/hr\/wp-json\/wp\/v2\/types\/product"}],"replies":[{"embeddable":true,"href":"https:\/\/azurefilm.com\/hr\/wp-json\/wp\/v2\/comments?post=12237"}],"wp:featuredmedia":[{"embeddable":true,"href":"https:\/\/azurefilm.com\/hr\/wp-json\/wp\/v2\/media\/6074"}],"wp:attachment":[{"href":"https:\/\/azurefilm.com\/hr\/wp-json\/wp\/v2\/media?parent=12237"}],"wp:term":[{"taxonomy":"product_brand","embeddable":true,"href":"https:\/\/azurefilm.com\/hr\/wp-json\/wp\/v2\/product_brand?post=12237"},{"taxonomy":"product_cat","embeddable":true,"href":"https:\/\/azurefilm.com\/hr\/wp-json\/wp\/v2\/product_cat?post=12237"},{"taxonomy":"product_tag","embeddable":true,"href":"https:\/\/azurefilm.com\/hr\/wp-json\/wp\/v2\/product_tag?post=12237"},{"taxonomy":"brand","embeddable":true,"href":"https:\/\/azurefilm.com\/hr\/wp-json\/wp\/v2\/brand?post=12237"}],"curies":[{"name":"wp","href":"https:\/\/api.w.org\/{rel}","templated":true}]}}