
{"id":12238,"date":"2023-10-29T14:22:58","date_gmt":"2023-10-29T14:22:58","guid":{"rendered":"https:\/\/azurefilm.com\/product\/mlaznica-04mm-mk7\/"},"modified":"2026-01-27T15:20:47","modified_gmt":"2026-01-27T15:20:47","slug":"mlaznica-mk7","status":"publish","type":"product","link":"https:\/\/azurefilm.com\/hr\/proizvod\/mlaznica-mk7\/","title":{"rendered":"Mlaznica MK7"},"content":{"rendered":"<h2><strong>Klju\u010dne zna\u010dajke:<\/strong><\/h2>\n<ul>\n<li>Mlaznice za 3D pisa\u010d visoke kvalitete<\/li>\n<li>Ulazni promjer: 175mm<\/li>\n<li>Izlazni promjer: 0.2mm, 0.3mm, 0.4mm, 0.5mm, 0.6mm, 0.8mm<\/li>\n<li>Materijal: bakar (mjed)<\/li>\n<li>Cijena je za 1 artikl<\/li>\n<\/ul>\n","protected":false},"excerpt":{"rendered":"<p><strong>Mlaznica MK7<\/strong> mo\u017ee u\u010dinkovito sprije\u010diti curenje ispisne glave i proizvesti dosljedne printeve s glatkom i sjajnom zavr\u0161nom obradom.<\/p>\n","protected":false},"featured_media":6079,"comment_status":"closed","ping_status":"closed","template":"","meta":{"_acf_changed":false},"product_brand":[],"product_cat":[481,509,511,482,483],"product_tag":[],"brand":[270],"class_list":{"0":"post-12238","1":"product","2":"type-product","3":"status-publish","4":"has-post-thumbnail","6":"product_cat-akcija","7":"product_cat-mlaznice","8":"product_cat-obicne-mlaznice","9":"product_cat-rezervni-dijelovi","10":"product_cat-svi-rezervni-dijelovi","11":"pa_fits-printer-creality-cr-10","12":"pa_fits-printer-creality-cr-6-se","13":"pa_fits-printer-creality-ender-3","14":"pa_nozzle-diameter-0-2mm","15":"pa_nozzle-diameter-0-3mm","16":"pa_nozzle-diameter-0-4mm","17":"pa_nozzle-diameter-0-5mm","18":"pa_nozzle-diameter-0-6mm","19":"pa_nozzle-diameter-0-8mm","20":"brand-creality","22":"first","23":"instock","24":"sale","25":"taxable","26":"shipping-taxable","27":"purchasable","28":"product-type-variable"},"acf":[],"_links":{"self":[{"href":"https:\/\/azurefilm.com\/hr\/wp-json\/wp\/v2\/product\/12238","targetHints":{"allow":["GET"]}}],"collection":[{"href":"https:\/\/azurefilm.com\/hr\/wp-json\/wp\/v2\/product"}],"about":[{"href":"https:\/\/azurefilm.com\/hr\/wp-json\/wp\/v2\/types\/product"}],"replies":[{"embeddable":true,"href":"https:\/\/azurefilm.com\/hr\/wp-json\/wp\/v2\/comments?post=12238"}],"wp:featuredmedia":[{"embeddable":true,"href":"https:\/\/azurefilm.com\/hr\/wp-json\/wp\/v2\/media\/6079"}],"wp:attachment":[{"href":"https:\/\/azurefilm.com\/hr\/wp-json\/wp\/v2\/media?parent=12238"}],"wp:term":[{"taxonomy":"product_brand","embeddable":true,"href":"https:\/\/azurefilm.com\/hr\/wp-json\/wp\/v2\/product_brand?post=12238"},{"taxonomy":"product_cat","embeddable":true,"href":"https:\/\/azurefilm.com\/hr\/wp-json\/wp\/v2\/product_cat?post=12238"},{"taxonomy":"product_tag","embeddable":true,"href":"https:\/\/azurefilm.com\/hr\/wp-json\/wp\/v2\/product_tag?post=12238"},{"taxonomy":"brand","embeddable":true,"href":"https:\/\/azurefilm.com\/hr\/wp-json\/wp\/v2\/brand?post=12238"}],"curies":[{"name":"wp","href":"https:\/\/api.w.org\/{rel}","templated":true}]}}