
{"id":12244,"date":"2023-10-29T14:22:58","date_gmt":"2023-10-29T14:22:58","guid":{"rendered":"https:\/\/azurefilm.com\/product\/kabel-za-napajanje\/"},"modified":"2026-01-11T18:46:04","modified_gmt":"2026-01-11T18:46:04","slug":"kabel-za-napajanje","status":"publish","type":"product","link":"https:\/\/azurefilm.com\/hr\/proizvod\/kabel-za-napajanje\/","title":{"rendered":"Kabel za napajanje"},"content":{"rendered":"<h2><strong>Klju\u010dne zna\u010dajke:<\/strong><\/h2>\n<p>Kabel za napajanje<\/p>\n<ul>\n<li>S uti\u010dnicom od 230 V<\/li>\n<li>Kabel za napajanje koji se obi\u010dno koristi za stolna ra\u010dunala, monitore, pisa\u010de ili bilo koji ure\u0111aj s kabelom C13<\/li>\n<li>Ovaj kabel ima VDE odobrenje<\/li>\n<li>Za jednostavno spajanje, kabel je kutni.<\/li>\n<li>Boja je crna<\/li>\n<li>Duljina: 1.2 m<\/li>\n<\/ul>\n","protected":false},"excerpt":{"rendered":"<p><strong>Kabel za napajanje<\/strong> koji se obi\u010dno koristi za stolna ra\u010dunala, monitore, pisa\u010de ili bilo koji ure\u0111aj s kabelom C13.<\/p>\n","protected":false},"featured_media":6129,"comment_status":"closed","ping_status":"closed","template":"","meta":{"_acf_changed":false},"product_brand":[],"product_cat":[481,512,482,483],"product_tag":[],"brand":[],"class_list":{"0":"post-12244","1":"product","2":"type-product","3":"status-publish","4":"has-post-thumbnail","6":"product_cat-akcija","7":"product_cat-drugi-proizvodi","8":"product_cat-rezervni-dijelovi","9":"product_cat-svi-rezervni-dijelovi","11":"first","12":"instock","13":"sale","14":"taxable","15":"shipping-taxable","16":"purchasable","17":"product-type-simple"},"acf":[],"_links":{"self":[{"href":"https:\/\/azurefilm.com\/hr\/wp-json\/wp\/v2\/product\/12244","targetHints":{"allow":["GET"]}}],"collection":[{"href":"https:\/\/azurefilm.com\/hr\/wp-json\/wp\/v2\/product"}],"about":[{"href":"https:\/\/azurefilm.com\/hr\/wp-json\/wp\/v2\/types\/product"}],"replies":[{"embeddable":true,"href":"https:\/\/azurefilm.com\/hr\/wp-json\/wp\/v2\/comments?post=12244"}],"wp:featuredmedia":[{"embeddable":true,"href":"https:\/\/azurefilm.com\/hr\/wp-json\/wp\/v2\/media\/6129"}],"wp:attachment":[{"href":"https:\/\/azurefilm.com\/hr\/wp-json\/wp\/v2\/media?parent=12244"}],"wp:term":[{"taxonomy":"product_brand","embeddable":true,"href":"https:\/\/azurefilm.com\/hr\/wp-json\/wp\/v2\/product_brand?post=12244"},{"taxonomy":"product_cat","embeddable":true,"href":"https:\/\/azurefilm.com\/hr\/wp-json\/wp\/v2\/product_cat?post=12244"},{"taxonomy":"product_tag","embeddable":true,"href":"https:\/\/azurefilm.com\/hr\/wp-json\/wp\/v2\/product_tag?post=12244"},{"taxonomy":"brand","embeddable":true,"href":"https:\/\/azurefilm.com\/hr\/wp-json\/wp\/v2\/brand?post=12244"}],"curies":[{"name":"wp","href":"https:\/\/api.w.org\/{rel}","templated":true}]}}