
{"id":12250,"date":"2023-10-29T14:22:58","date_gmt":"2023-10-29T14:22:58","guid":{"rendered":"https:\/\/azurefilm.com\/product\/senzor-za-automatsko-niveliranje-postolja\/"},"modified":"2026-02-15T12:46:35","modified_gmt":"2026-02-15T12:46:35","slug":"senzor-za-automatsko-niveliranje-postolja","status":"publish","type":"product","link":"https:\/\/azurefilm.com\/hr\/proizvod\/senzor-za-automatsko-niveliranje-postolja\/","title":{"rendered":"Senzor za automatsko niveliranje postolja"},"content":{"rendered":"<h2><strong>Klju\u010dne zna\u010dajke:<\/strong><\/h2>\n<ul>\n<li>To je komponenta koja se \u0161iroko koristi u industriji automatskog upravljanja za otkrivanje, upravljanje i beskontaktno prebacivanje.<\/li>\n<li>Mo\u017ee se primijeniti za automatsko niveliranje 3D pisa\u010da, kada je prekida\u010d blizine blizu nekog ciljnog objekta, poslat \u0107e kontrolni signal.<\/li>\n<li>\u0160iroko se koristi u strojevima, proizvodnji papira, lakoj industriji za grani\u010dne stanice, mjerenje orijentacije, probe brzine itd.<\/li>\n<li>Senzor induktiviteta<\/li>\n<li>Udaljenost detekcije: 4mm<\/li>\n<li>Napon: DC 5V<\/li>\n<li>Dimenzije: 12x60mm<\/li>\n<\/ul>\n","protected":false},"excerpt":{"rendered":"<p><strong>Senzor za automatsko niveliranje postolja<\/strong> je komponenta koja se na\u0161iroko koristi u industriji automatskog upravljanja za otkrivanje, upravljanje i beskontaktno prebacivanje.<\/p>\n","protected":false},"featured_media":6207,"comment_status":"closed","ping_status":"closed","template":"","meta":{"_acf_changed":false},"product_brand":[],"product_cat":[481,512,482,483],"product_tag":[],"brand":[],"class_list":{"0":"post-12250","1":"product","2":"type-product","3":"status-publish","4":"has-post-thumbnail","6":"product_cat-akcija","7":"product_cat-drugi-proizvodi","8":"product_cat-rezervni-dijelovi","9":"product_cat-svi-rezervni-dijelovi","11":"first","12":"instock","13":"sale","14":"taxable","15":"shipping-taxable","16":"purchasable","17":"product-type-simple"},"acf":[],"_links":{"self":[{"href":"https:\/\/azurefilm.com\/hr\/wp-json\/wp\/v2\/product\/12250","targetHints":{"allow":["GET"]}}],"collection":[{"href":"https:\/\/azurefilm.com\/hr\/wp-json\/wp\/v2\/product"}],"about":[{"href":"https:\/\/azurefilm.com\/hr\/wp-json\/wp\/v2\/types\/product"}],"replies":[{"embeddable":true,"href":"https:\/\/azurefilm.com\/hr\/wp-json\/wp\/v2\/comments?post=12250"}],"wp:featuredmedia":[{"embeddable":true,"href":"https:\/\/azurefilm.com\/hr\/wp-json\/wp\/v2\/media\/6207"}],"wp:attachment":[{"href":"https:\/\/azurefilm.com\/hr\/wp-json\/wp\/v2\/media?parent=12250"}],"wp:term":[{"taxonomy":"product_brand","embeddable":true,"href":"https:\/\/azurefilm.com\/hr\/wp-json\/wp\/v2\/product_brand?post=12250"},{"taxonomy":"product_cat","embeddable":true,"href":"https:\/\/azurefilm.com\/hr\/wp-json\/wp\/v2\/product_cat?post=12250"},{"taxonomy":"product_tag","embeddable":true,"href":"https:\/\/azurefilm.com\/hr\/wp-json\/wp\/v2\/product_tag?post=12250"},{"taxonomy":"brand","embeddable":true,"href":"https:\/\/azurefilm.com\/hr\/wp-json\/wp\/v2\/brand?post=12250"}],"curies":[{"name":"wp","href":"https:\/\/api.w.org\/{rel}","templated":true}]}}