
{"id":12252,"date":"2023-10-29T14:23:29","date_gmt":"2023-10-29T14:23:29","guid":{"rendered":"https:\/\/azurefilm.com\/product\/mikro-digitalni-servo-motor-9g-sg90\/"},"modified":"2026-03-30T20:31:49","modified_gmt":"2026-03-30T20:31:49","slug":"mikro-digitalni-servo-motor-9g-sg90","status":"publish","type":"product","link":"https:\/\/azurefilm.com\/hr\/proizvod\/mikro-digitalni-servo-motor-9g-sg90\/","title":{"rendered":"Mikro digitalni servo motor 9g SG90"},"content":{"rendered":"<h4><strong>Mikro digitalni servo motor 9g SG90<\/strong><\/h4>\n<ul>\n<li>Radni napon: 3,0 V ~ 6 V,<\/li>\n<li>Raspon temperature: -30 do +60,<\/li>\n<li>23mm x 12.2mm x 29mm,<\/li>\n<li>Mali je i lagan s velikom izlaznom snagom,<\/li>\n<li>Kompatibilan s projektom kao \u0161to je robotska ruka\/kontrola servo potenciometra\/vi\u0161estruka servo kontrola.<\/li>\n<\/ul>\n<h4><strong>SG90 ima 3 \u017ei\u010dna su\u010delja u kojima se veze trebaju napraviti na sljede\u0107i na\u010din:<\/strong><\/h4>\n<ul>\n<li>Crvena \u017eica-5V,<\/li>\n<li>Sme\u0111a \u017eica za uzemljenje,<\/li>\n<li>\u017duta \u017eica-digitalni pin 9.<\/li>\n<\/ul>\n","protected":false},"excerpt":{"rendered":"<p>Mikro digitalni servo motor 9g SG90: Malen i lagan, velike izlazne snage.<\/p>\n<ul>\n<li>23mmx12,2mmx29mm<\/li>\n<\/ul>\n","protected":false},"featured_media":6233,"comment_status":"closed","ping_status":"closed","template":"","meta":{"_acf_changed":false},"product_brand":[],"product_cat":[481,507,809,506,482,483],"product_tag":[],"brand":[],"class_list":{"0":"post-12252","1":"product","2":"type-product","3":"status-publish","4":"has-post-thumbnail","6":"product_cat-akcija","7":"product_cat-driveri-za-motore","8":"product_cat-elektronika-hr","9":"product_cat-motori-driveri","10":"product_cat-rezervni-dijelovi","11":"product_cat-svi-rezervni-dijelovi","13":"first","14":"outofstock","15":"sale","16":"taxable","17":"shipping-taxable","18":"purchasable","19":"product-type-simple"},"acf":[],"_links":{"self":[{"href":"https:\/\/azurefilm.com\/hr\/wp-json\/wp\/v2\/product\/12252","targetHints":{"allow":["GET"]}}],"collection":[{"href":"https:\/\/azurefilm.com\/hr\/wp-json\/wp\/v2\/product"}],"about":[{"href":"https:\/\/azurefilm.com\/hr\/wp-json\/wp\/v2\/types\/product"}],"replies":[{"embeddable":true,"href":"https:\/\/azurefilm.com\/hr\/wp-json\/wp\/v2\/comments?post=12252"}],"wp:featuredmedia":[{"embeddable":true,"href":"https:\/\/azurefilm.com\/hr\/wp-json\/wp\/v2\/media\/6233"}],"wp:attachment":[{"href":"https:\/\/azurefilm.com\/hr\/wp-json\/wp\/v2\/media?parent=12252"}],"wp:term":[{"taxonomy":"product_brand","embeddable":true,"href":"https:\/\/azurefilm.com\/hr\/wp-json\/wp\/v2\/product_brand?post=12252"},{"taxonomy":"product_cat","embeddable":true,"href":"https:\/\/azurefilm.com\/hr\/wp-json\/wp\/v2\/product_cat?post=12252"},{"taxonomy":"product_tag","embeddable":true,"href":"https:\/\/azurefilm.com\/hr\/wp-json\/wp\/v2\/product_tag?post=12252"},{"taxonomy":"brand","embeddable":true,"href":"https:\/\/azurefilm.com\/hr\/wp-json\/wp\/v2\/brand?post=12252"}],"curies":[{"name":"wp","href":"https:\/\/api.w.org\/{rel}","templated":true}]}}